{"id":500,"date":"2026-04-17T22:56:43","date_gmt":"2026-04-17T22:56:43","guid":{"rendered":"https:\/\/thuymo.azdigi.shop\/?post_type=product&#038;p=500"},"modified":"2026-04-22T22:50:44","modified_gmt":"2026-04-22T22:50:44","slug":"kep-cang-cua-vo-so-va-ngoc-trai-sang-trong","status":"publish","type":"product","link":"https:\/\/thuymo.azdigi.shop\/index.php\/product\/kep-cang-cua-vo-so-va-ngoc-trai-sang-trong\/","title":{"rendered":"K\u1eb9p c\u00e0ng cua v\u1ecf s\u00f2 v\u00e0 ng\u1ecdc trai sang tr\u1ecdng"},"content":{"rendered":"<p data-path-to-node=\"12\"><b data-path-to-node=\"12\" data-index-in-node=\"0\">\u2728 SEA GLAMOUR \u2013 K\u1eb8P C\u00c0NG CUA V\u1ece S\u00d2 &amp; NG\u1eccC TRAI: SANG TR\u1eccNG \u0110\u1eacM CH\u1ea4T BI\u1ec2N<\/b><\/p>\n<p data-path-to-node=\"13\">K\u1eb9p c\u00e0ng cua \u2013 m\u00f3n ph\u1ee5 ki\u1ec7n &#8220;qu\u1ed1c d\u00e2n&#8221; gi\u1edd \u0111\u00e2y \u0111\u00e3 \u0111\u01b0\u1ee3c n\u00e2ng c\u1ea5p l\u00ean m\u1ed9t t\u1ea7m cao m\u1edbi, v\u1eeba ti\u1ec7n l\u1ee3i v\u1eeba v\u00f4 c\u00f9ng sang ch\u1ea3nh! \ud83d\udc1a\ud83d\udc8e<\/p>\n<p data-path-to-node=\"14\">Gi\u1edbi thi\u1ec7u \u0111\u1ebfn c\u00e1c n\u00e0ng b\u1ed9 s\u01b0u t\u1eadp <b data-path-to-node=\"14\" data-index-in-node=\"35\">&#8220;Ocean Pearl Luxury&#8221;<\/b>. Kh\u00f4ng c\u00f2n l\u00e0 nh\u1eefng chi\u1ebfc k\u1eb9p nh\u1ef1a \u0111\u01a1n \u0111i\u1ec7u, shop mang \u0111\u1ebfn m\u1ed9t thi\u1ebft k\u1ebf k\u1eb9p c\u00e0ng cua trong su\u1ed1t \u0111\u01b0\u1ee3c \u0111\u00ednh k\u1ebft c\u1ea7u k\u1ef3 t\u1eeb v\u1ecf s\u00f2 th\u1eadt v\u00e0 ng\u1ecdc trai nh\u00e2n t\u1ea1o cao c\u1ea5p.<\/p>\n<p data-path-to-node=\"15\">\ud83d\udc8e <b data-path-to-node=\"15\" data-index-in-node=\"3\">T\u1ea1i sao \u0111\u00e2y l\u00e0 m\u00f3n ph\u1ee5 ki\u1ec7n &#8220;ph\u1ea3i c\u00f3&#8221; cho m\u00f9a h\u00e8 n\u00e0y?<\/b><\/p>\n<ul data-path-to-node=\"16\">\n<li>\n<p data-path-to-node=\"16,0,0\"><b data-path-to-node=\"16,0,0\" data-index-in-node=\"0\">Thi\u1ebft k\u1ebf \u0111\u1ed9c b\u1ea3n:<\/b> M\u1ed7i chi\u1ebfc k\u1eb9p l\u00e0 duy nh\u1ea5t nh\u1edd v\u1ebb \u0111\u1eb9p v\u00e2n v\u1ecf s\u00f2 t\u1ef1 nhi\u00ean kh\u00f4ng bao gi\u1edd tr\u00f9ng l\u1eb7p.<\/p>\n<\/li>\n<li>\n<p data-path-to-node=\"16,1,0\"><b data-path-to-node=\"16,1,0\" data-index-in-node=\"0\">S\u1ef1 k\u1ebft h\u1ee3p ho\u00e0n h\u1ea3o:<\/b> V\u1ecf s\u00f2 mang n\u00e9t th\u00f4 m\u1ed9c, c\u00e1 t\u00ednh \u0111\u1ed1i l\u1eadp v\u1edbi ng\u1ecdc trai mang l\u1ea1i v\u1ebb ngo\u00e0i thanh l\u1ecbch, sang tr\u1ecdng. Th\u00eam \u0111i\u1ec3m nh\u1ea5n l\u00e0 ch\u00fa sao bi\u1ec3n nh\u1ecf xinh b\u1eb1ng \u0111\u00e1 l\u1ea5p l\u00e1nh.<\/p>\n<\/li>\n<li>\n<p data-path-to-node=\"16,2,0\"><b data-path-to-node=\"16,2,0\" data-index-in-node=\"0\">K\u1eb9p ch\u1eafc ch\u1eafn &amp; \u00eam \u00e1i:<\/b> Th\u00e2n k\u1eb9p trong su\u1ed1t b\u1ec1n b\u1ec9, l\u00f2 xo th\u00e9p kh\u00f4ng g\u1ec9 gi\u1eef t\u00f3c ch\u1eafc ch\u1eafn nh\u01b0ng v\u1eabn \u00eam \u00e1i, kh\u00f4ng g\u00e2y \u0111\u1ee9t g\u00e3y t\u00f3c.<\/p>\n<\/li>\n<li>\n<p data-path-to-node=\"16,3,0\"><b data-path-to-node=\"16,3,0\" data-index-in-node=\"0\">T\u1ef1 tin t\u1ecfa s\u00e1ng:<\/b> D\u00f9 b\u1ea1n di\u1ec7n trang ph\u1ee5c d\u1ea1o bi\u1ec3n m\u1ecfng nh\u1eb9 hay \u0111\u1ea7m l\u1ee5a sang tr\u1ecdng, chi\u1ebfc k\u1eb9p n\u00e0y \u0111\u1ec1u gi\u00fap b\u1ea1n t\u1ecfa s\u00e1ng v\u00e0 thu h\u00fat m\u1ecdi \u00e1nh nh\u00ecn.<\/p>\n<\/li>\n<\/ul>\n","protected":false},"excerpt":{"rendered":"<p>\u2728 SEA GLAMOUR \u2013 K\u1eb8P C\u00c0NG CUA V\u1ece S\u00d2 &amp; NG\u1eccC TRAI: SANG TR\u1eccNG \u0110\u1eacM CH\u1ea4T BI\u1ec2N K\u1eb9p c\u00e0ng cua \u2013 m\u00f3n ph\u1ee5 ki\u1ec7n &#8220;qu\u1ed1c d\u00e2n&#8221; gi\u1edd \u0111\u00e2y \u0111\u00e3 \u0111\u01b0\u1ee3c n\u00e2ng c\u1ea5p l\u00ean m\u1ed9t t\u1ea7m cao m\u1edbi, v\u1eeba ti\u1ec7n l\u1ee3i v\u1eeba v\u00f4 c\u00f9ng sang ch\u1ea3nh! \ud83d\udc1a\ud83d\udc8e Gi\u1edbi thi\u1ec7u \u0111\u1ebfn c\u00e1c n\u00e0ng b\u1ed9 s\u01b0u t\u1eadp &#8220;Ocean [&#8230;]\n","protected":false},"featured_media":501,"comment_status":"open","ping_status":"closed","template":"","meta":[],"product_brand":[],"product_cat":[42],"product_tag":[],"class_list":{"0":"post-500","1":"product","2":"type-product","3":"status-publish","4":"has-post-thumbnail","6":"product_cat-kep-toc","8":"first","9":"instock","10":"shipping-taxable","11":"purchasable","12":"product-type-variable"},"yoast_head":"<!-- This site is optimized with the Yoast SEO plugin v27.2 - https:\/\/yoast.com\/product\/yoast-seo-wordpress\/ -->\n<title>K\u1eb9p c\u00e0ng cua v\u1ecf s\u00f2 v\u00e0 ng\u1ecdc trai sang tr\u1ecdng - Girl Power<\/title>\n<meta name=\"robots\" content=\"index, follow, max-snippet:-1, max-image-preview:large, max-video-preview:-1\" \/>\n<link rel=\"canonical\" href=\"https:\/\/thuymo.azdigi.shop\/index.php\/product\/kep-cang-cua-vo-so-va-ngoc-trai-sang-trong\/\" \/>\n<meta property=\"og:locale\" content=\"vi_VN\" \/>\n<meta property=\"og:type\" content=\"article\" \/>\n<meta property=\"og:title\" content=\"K\u1eb9p c\u00e0ng cua v\u1ecf s\u00f2 v\u00e0 ng\u1ecdc trai sang tr\u1ecdng - Girl Power\" \/>\n<meta property=\"og:description\" content=\"\u2728 SEA GLAMOUR \u2013 K\u1eb8P C\u00c0NG CUA V\u1ece S\u00d2 &amp; NG\u1eccC TRAI: SANG TR\u1eccNG \u0110\u1eacM CH\u1ea4T BI\u1ec2N K\u1eb9p c\u00e0ng cua \u2013 m\u00f3n ph\u1ee5 ki\u1ec7n &#8220;qu\u1ed1c d\u00e2n&#8221; gi\u1edd \u0111\u00e2y \u0111\u00e3 \u0111\u01b0\u1ee3c n\u00e2ng c\u1ea5p l\u00ean m\u1ed9t t\u1ea7m cao m\u1edbi, v\u1eeba ti\u1ec7n l\u1ee3i v\u1eeba v\u00f4 c\u00f9ng sang ch\u1ea3nh! \ud83d\udc1a\ud83d\udc8e Gi\u1edbi thi\u1ec7u \u0111\u1ebfn c\u00e1c n\u00e0ng b\u1ed9 s\u01b0u t\u1eadp &#8220;Ocean [...]\" \/>\n<meta property=\"og:url\" content=\"https:\/\/thuymo.azdigi.shop\/index.php\/product\/kep-cang-cua-vo-so-va-ngoc-trai-sang-trong\/\" \/>\n<meta property=\"og:site_name\" content=\"Girl Power\" \/>\n<meta property=\"article:modified_time\" content=\"2026-04-22T22:50:44+00:00\" \/>\n<meta property=\"og:image\" content=\"https:\/\/thuymo.azdigi.shop\/wp-content\/uploads\/2026\/04\/75d1636f8b173d0d641f64f6c2901e84.jpg\" \/>\n\t<meta property=\"og:image:width\" content=\"736\" \/>\n\t<meta property=\"og:image:height\" content=\"981\" \/>\n\t<meta property=\"og:image:type\" content=\"image\/jpeg\" \/>\n<meta name=\"twitter:card\" content=\"summary_large_image\" \/>\n<meta name=\"twitter:label1\" content=\"\u01af\u1edbc t\u00ednh th\u1eddi gian \u0111\u1ecdc\" \/>\n\t<meta name=\"twitter:data1\" content=\"2 ph\u00fat\" \/>\n<script type=\"application\/ld+json\" class=\"yoast-schema-graph\">{\"@context\":\"https:\/\/schema.org\",\"@graph\":[{\"@type\":\"WebPage\",\"@id\":\"https:\/\/thuymo.azdigi.shop\/index.php\/product\/kep-cang-cua-vo-so-va-ngoc-trai-sang-trong\/\",\"url\":\"https:\/\/thuymo.azdigi.shop\/index.php\/product\/kep-cang-cua-vo-so-va-ngoc-trai-sang-trong\/\",\"name\":\"K\u1eb9p c\u00e0ng cua v\u1ecf s\u00f2 v\u00e0 ng\u1ecdc trai sang tr\u1ecdng - Girl Power\",\"isPartOf\":{\"@id\":\"https:\/\/thuymo.azdigi.shop\/#website\"},\"primaryImageOfPage\":{\"@id\":\"https:\/\/thuymo.azdigi.shop\/index.php\/product\/kep-cang-cua-vo-so-va-ngoc-trai-sang-trong\/#primaryimage\"},\"image\":{\"@id\":\"https:\/\/thuymo.azdigi.shop\/index.php\/product\/kep-cang-cua-vo-so-va-ngoc-trai-sang-trong\/#primaryimage\"},\"thumbnailUrl\":\"https:\/\/thuymo.azdigi.shop\/wp-content\/uploads\/2026\/04\/75d1636f8b173d0d641f64f6c2901e84.jpg\",\"datePublished\":\"2026-04-17T22:56:43+00:00\",\"dateModified\":\"2026-04-22T22:50:44+00:00\",\"breadcrumb\":{\"@id\":\"https:\/\/thuymo.azdigi.shop\/index.php\/product\/kep-cang-cua-vo-so-va-ngoc-trai-sang-trong\/#breadcrumb\"},\"inLanguage\":\"vi\",\"potentialAction\":[{\"@type\":\"ReadAction\",\"target\":[\"https:\/\/thuymo.azdigi.shop\/index.php\/product\/kep-cang-cua-vo-so-va-ngoc-trai-sang-trong\/\"]}]},{\"@type\":\"ImageObject\",\"inLanguage\":\"vi\",\"@id\":\"https:\/\/thuymo.azdigi.shop\/index.php\/product\/kep-cang-cua-vo-so-va-ngoc-trai-sang-trong\/#primaryimage\",\"url\":\"https:\/\/thuymo.azdigi.shop\/wp-content\/uploads\/2026\/04\/75d1636f8b173d0d641f64f6c2901e84.jpg\",\"contentUrl\":\"https:\/\/thuymo.azdigi.shop\/wp-content\/uploads\/2026\/04\/75d1636f8b173d0d641f64f6c2901e84.jpg\",\"width\":736,\"height\":981},{\"@type\":\"BreadcrumbList\",\"@id\":\"https:\/\/thuymo.azdigi.shop\/index.php\/product\/kep-cang-cua-vo-so-va-ngoc-trai-sang-trong\/#breadcrumb\",\"itemListElement\":[{\"@type\":\"ListItem\",\"position\":1,\"name\":\"Trang ch\u1ee7\",\"item\":\"https:\/\/thuymo.azdigi.shop\/\"},{\"@type\":\"ListItem\",\"position\":2,\"name\":\"Shop\",\"item\":\"https:\/\/thuymo.azdigi.shop\/index.php\/shop\/\"},{\"@type\":\"ListItem\",\"position\":3,\"name\":\"K\u1eb9p c\u00e0ng cua v\u1ecf s\u00f2 v\u00e0 ng\u1ecdc trai sang tr\u1ecdng\"}]},{\"@type\":\"WebSite\",\"@id\":\"https:\/\/thuymo.azdigi.shop\/#website\",\"url\":\"https:\/\/thuymo.azdigi.shop\/\",\"name\":\"Girl Power\",\"description\":\"N\u1eafng v\u00e0ng, gi\u00f3 nh\u1eb9 v\u00e0 nh\u1eefng m\u00f3n ph\u1ee5 ki\u1ec7n xinh x\u1eafn s\u1ebd khi\u1ebfn m\u1ed7i kho\u1ea3nh kh\u1eafc b\u00ean bi\u1ec3n c\u1ee7a n\u00e0ng tr\u1edf n\u00ean l\u00e3ng m\u1ea1n h\u01a1n bao gi\u1edd h\u1ebft v\u00e0 \u0111i\u1ec1u \u0111\u00f3 k\u1ec3 m\u1ed9t c\u00e2u chuy\u1ec7n m\u00f9a h\u00e8 \u0111\u1ea7y m\u00ea ho\u1eb7c \ud83c\udf0a\u2728\",\"potentialAction\":[{\"@type\":\"SearchAction\",\"target\":{\"@type\":\"EntryPoint\",\"urlTemplate\":\"https:\/\/thuymo.azdigi.shop\/?s={search_term_string}\"},\"query-input\":{\"@type\":\"PropertyValueSpecification\",\"valueRequired\":true,\"valueName\":\"search_term_string\"}}],\"inLanguage\":\"vi\"}]}<\/script>\n<!-- \/ Yoast SEO plugin. -->","yoast_head_json":{"title":"K\u1eb9p c\u00e0ng cua v\u1ecf s\u00f2 v\u00e0 ng\u1ecdc trai sang tr\u1ecdng - Girl Power","robots":{"index":"index","follow":"follow","max-snippet":"max-snippet:-1","max-image-preview":"max-image-preview:large","max-video-preview":"max-video-preview:-1"},"canonical":"https:\/\/thuymo.azdigi.shop\/index.php\/product\/kep-cang-cua-vo-so-va-ngoc-trai-sang-trong\/","og_locale":"vi_VN","og_type":"article","og_title":"K\u1eb9p c\u00e0ng cua v\u1ecf s\u00f2 v\u00e0 ng\u1ecdc trai sang tr\u1ecdng - Girl Power","og_description":"\u2728 SEA GLAMOUR \u2013 K\u1eb8P C\u00c0NG CUA V\u1ece S\u00d2 &amp; NG\u1eccC TRAI: SANG TR\u1eccNG \u0110\u1eacM CH\u1ea4T BI\u1ec2N K\u1eb9p c\u00e0ng cua \u2013 m\u00f3n ph\u1ee5 ki\u1ec7n &#8220;qu\u1ed1c d\u00e2n&#8221; gi\u1edd \u0111\u00e2y \u0111\u00e3 \u0111\u01b0\u1ee3c n\u00e2ng c\u1ea5p l\u00ean m\u1ed9t t\u1ea7m cao m\u1edbi, v\u1eeba ti\u1ec7n l\u1ee3i v\u1eeba v\u00f4 c\u00f9ng sang ch\u1ea3nh! \ud83d\udc1a\ud83d\udc8e Gi\u1edbi thi\u1ec7u \u0111\u1ebfn c\u00e1c n\u00e0ng b\u1ed9 s\u01b0u t\u1eadp &#8220;Ocean [...]","og_url":"https:\/\/thuymo.azdigi.shop\/index.php\/product\/kep-cang-cua-vo-so-va-ngoc-trai-sang-trong\/","og_site_name":"Girl Power","article_modified_time":"2026-04-22T22:50:44+00:00","og_image":[{"width":736,"height":981,"url":"https:\/\/thuymo.azdigi.shop\/wp-content\/uploads\/2026\/04\/75d1636f8b173d0d641f64f6c2901e84.jpg","type":"image\/jpeg"}],"twitter_card":"summary_large_image","twitter_misc":{"\u01af\u1edbc t\u00ednh th\u1eddi gian \u0111\u1ecdc":"2 ph\u00fat"},"schema":{"@context":"https:\/\/schema.org","@graph":[{"@type":"WebPage","@id":"https:\/\/thuymo.azdigi.shop\/index.php\/product\/kep-cang-cua-vo-so-va-ngoc-trai-sang-trong\/","url":"https:\/\/thuymo.azdigi.shop\/index.php\/product\/kep-cang-cua-vo-so-va-ngoc-trai-sang-trong\/","name":"K\u1eb9p c\u00e0ng cua v\u1ecf s\u00f2 v\u00e0 ng\u1ecdc trai sang tr\u1ecdng - Girl Power","isPartOf":{"@id":"https:\/\/thuymo.azdigi.shop\/#website"},"primaryImageOfPage":{"@id":"https:\/\/thuymo.azdigi.shop\/index.php\/product\/kep-cang-cua-vo-so-va-ngoc-trai-sang-trong\/#primaryimage"},"image":{"@id":"https:\/\/thuymo.azdigi.shop\/index.php\/product\/kep-cang-cua-vo-so-va-ngoc-trai-sang-trong\/#primaryimage"},"thumbnailUrl":"https:\/\/thuymo.azdigi.shop\/wp-content\/uploads\/2026\/04\/75d1636f8b173d0d641f64f6c2901e84.jpg","datePublished":"2026-04-17T22:56:43+00:00","dateModified":"2026-04-22T22:50:44+00:00","breadcrumb":{"@id":"https:\/\/thuymo.azdigi.shop\/index.php\/product\/kep-cang-cua-vo-so-va-ngoc-trai-sang-trong\/#breadcrumb"},"inLanguage":"vi","potentialAction":[{"@type":"ReadAction","target":["https:\/\/thuymo.azdigi.shop\/index.php\/product\/kep-cang-cua-vo-so-va-ngoc-trai-sang-trong\/"]}]},{"@type":"ImageObject","inLanguage":"vi","@id":"https:\/\/thuymo.azdigi.shop\/index.php\/product\/kep-cang-cua-vo-so-va-ngoc-trai-sang-trong\/#primaryimage","url":"https:\/\/thuymo.azdigi.shop\/wp-content\/uploads\/2026\/04\/75d1636f8b173d0d641f64f6c2901e84.jpg","contentUrl":"https:\/\/thuymo.azdigi.shop\/wp-content\/uploads\/2026\/04\/75d1636f8b173d0d641f64f6c2901e84.jpg","width":736,"height":981},{"@type":"BreadcrumbList","@id":"https:\/\/thuymo.azdigi.shop\/index.php\/product\/kep-cang-cua-vo-so-va-ngoc-trai-sang-trong\/#breadcrumb","itemListElement":[{"@type":"ListItem","position":1,"name":"Trang ch\u1ee7","item":"https:\/\/thuymo.azdigi.shop\/"},{"@type":"ListItem","position":2,"name":"Shop","item":"https:\/\/thuymo.azdigi.shop\/index.php\/shop\/"},{"@type":"ListItem","position":3,"name":"K\u1eb9p c\u00e0ng cua v\u1ecf s\u00f2 v\u00e0 ng\u1ecdc trai sang tr\u1ecdng"}]},{"@type":"WebSite","@id":"https:\/\/thuymo.azdigi.shop\/#website","url":"https:\/\/thuymo.azdigi.shop\/","name":"Girl Power","description":"N\u1eafng v\u00e0ng, gi\u00f3 nh\u1eb9 v\u00e0 nh\u1eefng m\u00f3n ph\u1ee5 ki\u1ec7n xinh x\u1eafn s\u1ebd khi\u1ebfn m\u1ed7i kho\u1ea3nh kh\u1eafc b\u00ean bi\u1ec3n c\u1ee7a n\u00e0ng tr\u1edf n\u00ean l\u00e3ng m\u1ea1n h\u01a1n bao gi\u1edd h\u1ebft v\u00e0 \u0111i\u1ec1u \u0111\u00f3 k\u1ec3 m\u1ed9t c\u00e2u chuy\u1ec7n m\u00f9a h\u00e8 \u0111\u1ea7y m\u00ea ho\u1eb7c \ud83c\udf0a\u2728","potentialAction":[{"@type":"SearchAction","target":{"@type":"EntryPoint","urlTemplate":"https:\/\/thuymo.azdigi.shop\/?s={search_term_string}"},"query-input":{"@type":"PropertyValueSpecification","valueRequired":true,"valueName":"search_term_string"}}],"inLanguage":"vi"}]}},"jetpack_sharing_enabled":true,"_links":{"self":[{"href":"https:\/\/thuymo.azdigi.shop\/index.php\/wp-json\/wp\/v2\/product\/500","targetHints":{"allow":["GET"]}}],"collection":[{"href":"https:\/\/thuymo.azdigi.shop\/index.php\/wp-json\/wp\/v2\/product"}],"about":[{"href":"https:\/\/thuymo.azdigi.shop\/index.php\/wp-json\/wp\/v2\/types\/product"}],"replies":[{"embeddable":true,"href":"https:\/\/thuymo.azdigi.shop\/index.php\/wp-json\/wp\/v2\/comments?post=500"}],"wp:featuredmedia":[{"embeddable":true,"href":"https:\/\/thuymo.azdigi.shop\/index.php\/wp-json\/wp\/v2\/media\/501"}],"wp:attachment":[{"href":"https:\/\/thuymo.azdigi.shop\/index.php\/wp-json\/wp\/v2\/media?parent=500"}],"wp:term":[{"taxonomy":"product_brand","embeddable":true,"href":"https:\/\/thuymo.azdigi.shop\/index.php\/wp-json\/wp\/v2\/product_brand?post=500"},{"taxonomy":"product_cat","embeddable":true,"href":"https:\/\/thuymo.azdigi.shop\/index.php\/wp-json\/wp\/v2\/product_cat?post=500"},{"taxonomy":"product_tag","embeddable":true,"href":"https:\/\/thuymo.azdigi.shop\/index.php\/wp-json\/wp\/v2\/product_tag?post=500"}],"curies":[{"name":"wp","href":"https:\/\/api.w.org\/{rel}","templated":true}]}}