{"id":488,"date":"2026-04-17T22:39:02","date_gmt":"2026-04-17T22:39:02","guid":{"rendered":"https:\/\/thuymo.azdigi.shop\/?post_type=product&#038;p=488"},"modified":"2026-04-21T20:52:21","modified_gmt":"2026-04-21T20:52:21","slug":"day-chuyen-vo-oc-anh-xa-cu-that-no","status":"publish","type":"product","link":"https:\/\/thuymo.azdigi.shop\/index.php\/product\/day-chuyen-vo-oc-anh-xa-cu-that-no\/","title":{"rendered":"D\u00e2y chuy\u1ec1n v\u1ecf \u1ed1c \u00e1nh x\u00e0 c\u1eeb th\u1eaft n\u01a1"},"content":{"rendered":"<p data-path-to-node=\"18\"><b data-path-to-node=\"18\" data-index-in-node=\"0\">\ud83d\udc1a MERMAID\u2019S CHOICE \u2013 S\u1ef0 L\u1ef0A CH\u1eccN C\u1ee6A N\u00c0NG TI\u00caN C\u00c1<\/b><\/p>\n<p data-path-to-node=\"19\">Chi\u1ebfc d\u00e2y chuy\u1ec1n mang c\u1ea3 linh h\u1ed3n c\u1ee7a bi\u1ec3n v\u1edbi l\u1edbp \u00e1nh x\u00e0 c\u1eeb quy\u1ebfn r\u0169. B\u1ea1n ch\u1ecdn team h\u1ed3ng ng\u1ecdt ng\u00e0o hay team xanh d\u1ecbu m\u00e1t? \ud83e\udddc\u200d\u2640\ufe0f\ud83c\udf0a<\/p>\n<ul data-path-to-node=\"20\">\n<li>\n<p data-path-to-node=\"20,0,0\"><b data-path-to-node=\"20,0,0\" data-index-in-node=\"0\">Vibe:<\/b> Huy\u1ec1n \u1ea3o, n\u1eef t\u00ednh, tinh t\u1ebf.<\/p>\n<\/li>\n<li>\n<p data-path-to-node=\"20,1,0\"><b data-path-to-node=\"20,1,0\" data-index-in-node=\"0\">Chi ti\u1ebft:<\/b> V\u1ecf s\u00f2 \u0111\u01b0\u1ee3c ph\u1ee7 l\u1edbp b\u00f3ng x\u00e0 c\u1eeb l\u1ea5p l\u00e1nh, \u0111i k\u00e8m d\u00e2y th\u1eaft m\u1ea3nh v\u00e0 th\u1eaft n\u01a1 xinh x\u1eafn ngay c\u1ed5.<\/p>\n<\/li>\n<li>\n<p data-path-to-node=\"20,2,0\"><b data-path-to-node=\"20,2,0\" data-index-in-node=\"0\">G\u1ee3i \u00fd:<\/b> \u0110\u00e2y ch\u00ednh l\u00e0 m\u00f3n qu\u00e0 \u00fd ngh\u0129a \u0111\u1ec3 d\u00e0nh t\u1eb7ng cho &#8220;n\u00e0ng th\u01a1&#8221; c\u1ee7a b\u1ea1n ho\u1eb7c t\u1ef1 th\u01b0\u1edfng cho m\u00ecnh trong chuy\u1ebfn du l\u1ecbch s\u1eafp t\u1edbi.<\/p>\n<\/li>\n<\/ul>\n","protected":false},"excerpt":{"rendered":"<p>\ud83d\udc1a MERMAID\u2019S CHOICE \u2013 S\u1ef0 L\u1ef0A CH\u1eccN C\u1ee6A N\u00c0NG TI\u00caN C\u00c1 Chi\u1ebfc d\u00e2y chuy\u1ec1n mang c\u1ea3 linh h\u1ed3n c\u1ee7a bi\u1ec3n v\u1edbi l\u1edbp \u00e1nh x\u00e0 c\u1eeb quy\u1ebfn r\u0169. B\u1ea1n ch\u1ecdn team h\u1ed3ng ng\u1ecdt ng\u00e0o hay team xanh d\u1ecbu m\u00e1t? \ud83e\udddc\u200d\u2640\ufe0f\ud83c\udf0a Vibe: Huy\u1ec1n \u1ea3o, n\u1eef t\u00ednh, tinh t\u1ebf. Chi ti\u1ebft: V\u1ecf s\u00f2 \u0111\u01b0\u1ee3c ph\u1ee7 l\u1edbp b\u00f3ng x\u00e0 [&#8230;]\n","protected":false},"featured_media":490,"comment_status":"open","ping_status":"closed","template":"","meta":[],"product_brand":[],"product_cat":[43],"product_tag":[],"class_list":{"0":"post-488","1":"product","2":"type-product","3":"status-publish","4":"has-post-thumbnail","6":"product_cat-vong-co","8":"first","9":"instock","10":"shipping-taxable","11":"purchasable","12":"product-type-variable"},"yoast_head":"<!-- This site is optimized with the Yoast SEO plugin v27.2 - https:\/\/yoast.com\/product\/yoast-seo-wordpress\/ -->\n<title>D\u00e2y chuy\u1ec1n v\u1ecf \u1ed1c \u00e1nh x\u00e0 c\u1eeb th\u1eaft n\u01a1 - Girl Power<\/title>\n<meta name=\"robots\" content=\"index, follow, max-snippet:-1, max-image-preview:large, max-video-preview:-1\" \/>\n<link rel=\"canonical\" href=\"https:\/\/thuymo.azdigi.shop\/index.php\/product\/day-chuyen-vo-oc-anh-xa-cu-that-no\/\" \/>\n<meta property=\"og:locale\" content=\"vi_VN\" \/>\n<meta property=\"og:type\" content=\"article\" \/>\n<meta property=\"og:title\" content=\"D\u00e2y chuy\u1ec1n v\u1ecf \u1ed1c \u00e1nh x\u00e0 c\u1eeb th\u1eaft n\u01a1 - Girl Power\" \/>\n<meta property=\"og:description\" content=\"\ud83d\udc1a MERMAID\u2019S CHOICE \u2013 S\u1ef0 L\u1ef0A CH\u1eccN C\u1ee6A N\u00c0NG TI\u00caN C\u00c1 Chi\u1ebfc d\u00e2y chuy\u1ec1n mang c\u1ea3 linh h\u1ed3n c\u1ee7a bi\u1ec3n v\u1edbi l\u1edbp \u00e1nh x\u00e0 c\u1eeb quy\u1ebfn r\u0169. B\u1ea1n ch\u1ecdn team h\u1ed3ng ng\u1ecdt ng\u00e0o hay team xanh d\u1ecbu m\u00e1t? \ud83e\udddc\u200d\u2640\ufe0f\ud83c\udf0a Vibe: Huy\u1ec1n \u1ea3o, n\u1eef t\u00ednh, tinh t\u1ebf. Chi ti\u1ebft: V\u1ecf s\u00f2 \u0111\u01b0\u1ee3c ph\u1ee7 l\u1edbp b\u00f3ng x\u00e0 [...]\" \/>\n<meta property=\"og:url\" content=\"https:\/\/thuymo.azdigi.shop\/index.php\/product\/day-chuyen-vo-oc-anh-xa-cu-that-no\/\" \/>\n<meta property=\"og:site_name\" content=\"Girl Power\" \/>\n<meta property=\"article:modified_time\" content=\"2026-04-21T20:52:21+00:00\" \/>\n<meta property=\"og:image\" content=\"https:\/\/thuymo.azdigi.shop\/wp-content\/uploads\/2026\/04\/70dac356673108fc5c92ce89fc8900f0-1.jpg\" \/>\n\t<meta property=\"og:image:width\" content=\"1080\" \/>\n\t<meta property=\"og:image:height\" content=\"1440\" \/>\n\t<meta property=\"og:image:type\" content=\"image\/jpeg\" \/>\n<meta name=\"twitter:card\" content=\"summary_large_image\" \/>\n<meta name=\"twitter:label1\" content=\"\u01af\u1edbc t\u00ednh th\u1eddi gian \u0111\u1ecdc\" \/>\n\t<meta name=\"twitter:data1\" content=\"1 ph\u00fat\" \/>\n<script type=\"application\/ld+json\" class=\"yoast-schema-graph\">{\"@context\":\"https:\/\/schema.org\",\"@graph\":[{\"@type\":\"WebPage\",\"@id\":\"https:\/\/thuymo.azdigi.shop\/index.php\/product\/day-chuyen-vo-oc-anh-xa-cu-that-no\/\",\"url\":\"https:\/\/thuymo.azdigi.shop\/index.php\/product\/day-chuyen-vo-oc-anh-xa-cu-that-no\/\",\"name\":\"D\u00e2y chuy\u1ec1n v\u1ecf \u1ed1c \u00e1nh x\u00e0 c\u1eeb th\u1eaft n\u01a1 - Girl Power\",\"isPartOf\":{\"@id\":\"https:\/\/thuymo.azdigi.shop\/#website\"},\"primaryImageOfPage\":{\"@id\":\"https:\/\/thuymo.azdigi.shop\/index.php\/product\/day-chuyen-vo-oc-anh-xa-cu-that-no\/#primaryimage\"},\"image\":{\"@id\":\"https:\/\/thuymo.azdigi.shop\/index.php\/product\/day-chuyen-vo-oc-anh-xa-cu-that-no\/#primaryimage\"},\"thumbnailUrl\":\"https:\/\/thuymo.azdigi.shop\/wp-content\/uploads\/2026\/04\/70dac356673108fc5c92ce89fc8900f0-1.jpg\",\"datePublished\":\"2026-04-17T22:39:02+00:00\",\"dateModified\":\"2026-04-21T20:52:21+00:00\",\"breadcrumb\":{\"@id\":\"https:\/\/thuymo.azdigi.shop\/index.php\/product\/day-chuyen-vo-oc-anh-xa-cu-that-no\/#breadcrumb\"},\"inLanguage\":\"vi\",\"potentialAction\":[{\"@type\":\"ReadAction\",\"target\":[\"https:\/\/thuymo.azdigi.shop\/index.php\/product\/day-chuyen-vo-oc-anh-xa-cu-that-no\/\"]}]},{\"@type\":\"ImageObject\",\"inLanguage\":\"vi\",\"@id\":\"https:\/\/thuymo.azdigi.shop\/index.php\/product\/day-chuyen-vo-oc-anh-xa-cu-that-no\/#primaryimage\",\"url\":\"https:\/\/thuymo.azdigi.shop\/wp-content\/uploads\/2026\/04\/70dac356673108fc5c92ce89fc8900f0-1.jpg\",\"contentUrl\":\"https:\/\/thuymo.azdigi.shop\/wp-content\/uploads\/2026\/04\/70dac356673108fc5c92ce89fc8900f0-1.jpg\",\"width\":1080,\"height\":1440},{\"@type\":\"BreadcrumbList\",\"@id\":\"https:\/\/thuymo.azdigi.shop\/index.php\/product\/day-chuyen-vo-oc-anh-xa-cu-that-no\/#breadcrumb\",\"itemListElement\":[{\"@type\":\"ListItem\",\"position\":1,\"name\":\"Trang ch\u1ee7\",\"item\":\"https:\/\/thuymo.azdigi.shop\/\"},{\"@type\":\"ListItem\",\"position\":2,\"name\":\"Shop\",\"item\":\"https:\/\/thuymo.azdigi.shop\/index.php\/shop\/\"},{\"@type\":\"ListItem\",\"position\":3,\"name\":\"D\u00e2y chuy\u1ec1n v\u1ecf \u1ed1c \u00e1nh x\u00e0 c\u1eeb th\u1eaft n\u01a1\"}]},{\"@type\":\"WebSite\",\"@id\":\"https:\/\/thuymo.azdigi.shop\/#website\",\"url\":\"https:\/\/thuymo.azdigi.shop\/\",\"name\":\"Girl Power\",\"description\":\"N\u1eafng v\u00e0ng, gi\u00f3 nh\u1eb9 v\u00e0 nh\u1eefng m\u00f3n ph\u1ee5 ki\u1ec7n xinh x\u1eafn s\u1ebd khi\u1ebfn m\u1ed7i kho\u1ea3nh kh\u1eafc b\u00ean bi\u1ec3n c\u1ee7a n\u00e0ng tr\u1edf n\u00ean l\u00e3ng m\u1ea1n h\u01a1n bao gi\u1edd h\u1ebft v\u00e0 \u0111i\u1ec1u \u0111\u00f3 k\u1ec3 m\u1ed9t c\u00e2u chuy\u1ec7n m\u00f9a h\u00e8 \u0111\u1ea7y m\u00ea ho\u1eb7c \ud83c\udf0a\u2728\",\"potentialAction\":[{\"@type\":\"SearchAction\",\"target\":{\"@type\":\"EntryPoint\",\"urlTemplate\":\"https:\/\/thuymo.azdigi.shop\/?s={search_term_string}\"},\"query-input\":{\"@type\":\"PropertyValueSpecification\",\"valueRequired\":true,\"valueName\":\"search_term_string\"}}],\"inLanguage\":\"vi\"}]}<\/script>\n<!-- \/ Yoast SEO plugin. -->","yoast_head_json":{"title":"D\u00e2y chuy\u1ec1n v\u1ecf \u1ed1c \u00e1nh x\u00e0 c\u1eeb th\u1eaft n\u01a1 - Girl Power","robots":{"index":"index","follow":"follow","max-snippet":"max-snippet:-1","max-image-preview":"max-image-preview:large","max-video-preview":"max-video-preview:-1"},"canonical":"https:\/\/thuymo.azdigi.shop\/index.php\/product\/day-chuyen-vo-oc-anh-xa-cu-that-no\/","og_locale":"vi_VN","og_type":"article","og_title":"D\u00e2y chuy\u1ec1n v\u1ecf \u1ed1c \u00e1nh x\u00e0 c\u1eeb th\u1eaft n\u01a1 - Girl Power","og_description":"\ud83d\udc1a MERMAID\u2019S CHOICE \u2013 S\u1ef0 L\u1ef0A CH\u1eccN C\u1ee6A N\u00c0NG TI\u00caN C\u00c1 Chi\u1ebfc d\u00e2y chuy\u1ec1n mang c\u1ea3 linh h\u1ed3n c\u1ee7a bi\u1ec3n v\u1edbi l\u1edbp \u00e1nh x\u00e0 c\u1eeb quy\u1ebfn r\u0169. B\u1ea1n ch\u1ecdn team h\u1ed3ng ng\u1ecdt ng\u00e0o hay team xanh d\u1ecbu m\u00e1t? \ud83e\udddc\u200d\u2640\ufe0f\ud83c\udf0a Vibe: Huy\u1ec1n \u1ea3o, n\u1eef t\u00ednh, tinh t\u1ebf. Chi ti\u1ebft: V\u1ecf s\u00f2 \u0111\u01b0\u1ee3c ph\u1ee7 l\u1edbp b\u00f3ng x\u00e0 [...]","og_url":"https:\/\/thuymo.azdigi.shop\/index.php\/product\/day-chuyen-vo-oc-anh-xa-cu-that-no\/","og_site_name":"Girl Power","article_modified_time":"2026-04-21T20:52:21+00:00","og_image":[{"width":1080,"height":1440,"url":"https:\/\/thuymo.azdigi.shop\/wp-content\/uploads\/2026\/04\/70dac356673108fc5c92ce89fc8900f0-1.jpg","type":"image\/jpeg"}],"twitter_card":"summary_large_image","twitter_misc":{"\u01af\u1edbc t\u00ednh th\u1eddi gian \u0111\u1ecdc":"1 ph\u00fat"},"schema":{"@context":"https:\/\/schema.org","@graph":[{"@type":"WebPage","@id":"https:\/\/thuymo.azdigi.shop\/index.php\/product\/day-chuyen-vo-oc-anh-xa-cu-that-no\/","url":"https:\/\/thuymo.azdigi.shop\/index.php\/product\/day-chuyen-vo-oc-anh-xa-cu-that-no\/","name":"D\u00e2y chuy\u1ec1n v\u1ecf \u1ed1c \u00e1nh x\u00e0 c\u1eeb th\u1eaft n\u01a1 - Girl Power","isPartOf":{"@id":"https:\/\/thuymo.azdigi.shop\/#website"},"primaryImageOfPage":{"@id":"https:\/\/thuymo.azdigi.shop\/index.php\/product\/day-chuyen-vo-oc-anh-xa-cu-that-no\/#primaryimage"},"image":{"@id":"https:\/\/thuymo.azdigi.shop\/index.php\/product\/day-chuyen-vo-oc-anh-xa-cu-that-no\/#primaryimage"},"thumbnailUrl":"https:\/\/thuymo.azdigi.shop\/wp-content\/uploads\/2026\/04\/70dac356673108fc5c92ce89fc8900f0-1.jpg","datePublished":"2026-04-17T22:39:02+00:00","dateModified":"2026-04-21T20:52:21+00:00","breadcrumb":{"@id":"https:\/\/thuymo.azdigi.shop\/index.php\/product\/day-chuyen-vo-oc-anh-xa-cu-that-no\/#breadcrumb"},"inLanguage":"vi","potentialAction":[{"@type":"ReadAction","target":["https:\/\/thuymo.azdigi.shop\/index.php\/product\/day-chuyen-vo-oc-anh-xa-cu-that-no\/"]}]},{"@type":"ImageObject","inLanguage":"vi","@id":"https:\/\/thuymo.azdigi.shop\/index.php\/product\/day-chuyen-vo-oc-anh-xa-cu-that-no\/#primaryimage","url":"https:\/\/thuymo.azdigi.shop\/wp-content\/uploads\/2026\/04\/70dac356673108fc5c92ce89fc8900f0-1.jpg","contentUrl":"https:\/\/thuymo.azdigi.shop\/wp-content\/uploads\/2026\/04\/70dac356673108fc5c92ce89fc8900f0-1.jpg","width":1080,"height":1440},{"@type":"BreadcrumbList","@id":"https:\/\/thuymo.azdigi.shop\/index.php\/product\/day-chuyen-vo-oc-anh-xa-cu-that-no\/#breadcrumb","itemListElement":[{"@type":"ListItem","position":1,"name":"Trang ch\u1ee7","item":"https:\/\/thuymo.azdigi.shop\/"},{"@type":"ListItem","position":2,"name":"Shop","item":"https:\/\/thuymo.azdigi.shop\/index.php\/shop\/"},{"@type":"ListItem","position":3,"name":"D\u00e2y chuy\u1ec1n v\u1ecf \u1ed1c \u00e1nh x\u00e0 c\u1eeb th\u1eaft n\u01a1"}]},{"@type":"WebSite","@id":"https:\/\/thuymo.azdigi.shop\/#website","url":"https:\/\/thuymo.azdigi.shop\/","name":"Girl Power","description":"N\u1eafng v\u00e0ng, gi\u00f3 nh\u1eb9 v\u00e0 nh\u1eefng m\u00f3n ph\u1ee5 ki\u1ec7n xinh x\u1eafn s\u1ebd khi\u1ebfn m\u1ed7i kho\u1ea3nh kh\u1eafc b\u00ean bi\u1ec3n c\u1ee7a n\u00e0ng tr\u1edf n\u00ean l\u00e3ng m\u1ea1n h\u01a1n bao gi\u1edd h\u1ebft v\u00e0 \u0111i\u1ec1u \u0111\u00f3 k\u1ec3 m\u1ed9t c\u00e2u chuy\u1ec7n m\u00f9a h\u00e8 \u0111\u1ea7y m\u00ea ho\u1eb7c \ud83c\udf0a\u2728","potentialAction":[{"@type":"SearchAction","target":{"@type":"EntryPoint","urlTemplate":"https:\/\/thuymo.azdigi.shop\/?s={search_term_string}"},"query-input":{"@type":"PropertyValueSpecification","valueRequired":true,"valueName":"search_term_string"}}],"inLanguage":"vi"}]}},"jetpack_sharing_enabled":true,"_links":{"self":[{"href":"https:\/\/thuymo.azdigi.shop\/index.php\/wp-json\/wp\/v2\/product\/488","targetHints":{"allow":["GET"]}}],"collection":[{"href":"https:\/\/thuymo.azdigi.shop\/index.php\/wp-json\/wp\/v2\/product"}],"about":[{"href":"https:\/\/thuymo.azdigi.shop\/index.php\/wp-json\/wp\/v2\/types\/product"}],"replies":[{"embeddable":true,"href":"https:\/\/thuymo.azdigi.shop\/index.php\/wp-json\/wp\/v2\/comments?post=488"}],"wp:featuredmedia":[{"embeddable":true,"href":"https:\/\/thuymo.azdigi.shop\/index.php\/wp-json\/wp\/v2\/media\/490"}],"wp:attachment":[{"href":"https:\/\/thuymo.azdigi.shop\/index.php\/wp-json\/wp\/v2\/media?parent=488"}],"wp:term":[{"taxonomy":"product_brand","embeddable":true,"href":"https:\/\/thuymo.azdigi.shop\/index.php\/wp-json\/wp\/v2\/product_brand?post=488"},{"taxonomy":"product_cat","embeddable":true,"href":"https:\/\/thuymo.azdigi.shop\/index.php\/wp-json\/wp\/v2\/product_cat?post=488"},{"taxonomy":"product_tag","embeddable":true,"href":"https:\/\/thuymo.azdigi.shop\/index.php\/wp-json\/wp\/v2\/product_tag?post=488"}],"curies":[{"name":"wp","href":"https:\/\/api.w.org\/{rel}","templated":true}]}}