{"id":484,"date":"2026-04-17T22:30:55","date_gmt":"2026-04-17T22:30:55","guid":{"rendered":"https:\/\/thuymo.azdigi.shop\/?post_type=product&#038;p=484"},"modified":"2026-04-17T22:30:55","modified_gmt":"2026-04-17T22:30:55","slug":"day-chuyen-shell-phong-cach-toi-gian","status":"publish","type":"product","link":"https:\/\/thuymo.azdigi.shop\/index.php\/product\/day-chuyen-shell-phong-cach-toi-gian\/","title":{"rendered":"D\u00e2y chuy\u1ec1n shell phong c\u00e1ch t\u1ed1i gi\u1ea3n"},"content":{"rendered":"<p data-path-to-node=\"8\"><b data-path-to-node=\"8\" data-index-in-node=\"0\">\u2b50 SEA STAR &amp; CERAMIC \u2013 N\u00c9T M\u1ed8C M\u1ea0C T\u1eea \u0110\u1ea0I D\u01af\u01a0NG<\/b><\/p>\n<p data-path-to-node=\"9\">N\u1ebfu b\u1ea1n y\u00eau th\u00edch s\u1ef1 gi\u1ea3n \u0111\u01a1n v\u00e0 t\u1ef1 nhi\u00ean, b\u1ed9 s\u01b0u t\u1eadp d\u00e2y chuy\u1ec1n g\u1ed1m mang h\u00ecnh h\u00e0i sao bi\u1ec3n v\u00e0 v\u1ecf s\u00f2 n\u00e0y s\u1ebd &#8220;\u0111\u1ed1n tim&#8221; b\u1ea1n ngay l\u1eadp t\u1ee9c. \ud83c\udf0a\ud83c\udf43<\/p>\n<ul data-path-to-node=\"10\">\n<li>\n<p data-path-to-node=\"10,0,0\"><b data-path-to-node=\"10,0,0\" data-index-in-node=\"0\">Vibe:<\/b> Boho-chic, t\u1ef1 nhi\u00ean, b\u1ec1n b\u1ec9.<\/p>\n<\/li>\n<li>\n<p data-path-to-node=\"10,1,0\"><b data-path-to-node=\"10,1,0\" data-index-in-node=\"0\">Chi ti\u1ebft:<\/b> S\u1ef1 k\u1ebft h\u1ee3p ho\u00e0n h\u1ea3o gi\u1eefa d\u00e2y th\u1eebng m\u1ed9c m\u1ea1c v\u00e0 ch\u1ea5t li\u1ec7u g\u1ed1m tr\u00e1ng men cao c\u1ea5p, t\u1ea1o c\u1ea3m gi\u00e1c m\u00e1t l\u1ea1nh v\u00e0 th\u00e2n thi\u1ec7n.<\/p>\n<\/li>\n<li>\n<p data-path-to-node=\"10,2,0\"><b data-path-to-node=\"10,2,0\" data-index-in-node=\"0\">G\u1ee3i \u00fd:<\/b> M\u1ed9t m\u00f3n ph\u1ee5 ki\u1ec7n tuy\u1ec7t v\u1eddi cho nh\u1eefng outfit d\u00e3 ngo\u1ea1i ho\u1eb7c d\u1ea1o b\u00e3i c\u00e1t d\u00e0i.<\/p>\n<\/li>\n<\/ul>\n","protected":false},"excerpt":{"rendered":"<p>\u2b50 SEA STAR &amp; CERAMIC \u2013 N\u00c9T M\u1ed8C M\u1ea0C T\u1eea \u0110\u1ea0I D\u01af\u01a0NG N\u1ebfu b\u1ea1n y\u00eau th\u00edch s\u1ef1 gi\u1ea3n \u0111\u01a1n v\u00e0 t\u1ef1 nhi\u00ean, b\u1ed9 s\u01b0u t\u1eadp d\u00e2y chuy\u1ec1n g\u1ed1m mang h\u00ecnh h\u00e0i sao bi\u1ec3n v\u00e0 v\u1ecf s\u00f2 n\u00e0y s\u1ebd &#8220;\u0111\u1ed1n tim&#8221; b\u1ea1n ngay l\u1eadp t\u1ee9c. \ud83c\udf0a\ud83c\udf43 Vibe: Boho-chic, t\u1ef1 nhi\u00ean, b\u1ec1n b\u1ec9. Chi ti\u1ebft: S\u1ef1 k\u1ebft [&#8230;]\n","protected":false},"featured_media":485,"comment_status":"open","ping_status":"closed","template":"","meta":[],"product_brand":[],"product_cat":[43],"product_tag":[],"class_list":{"0":"post-484","1":"product","2":"type-product","3":"status-publish","4":"has-post-thumbnail","6":"product_cat-vong-co","8":"first","9":"instock","10":"shipping-taxable","11":"purchasable","12":"product-type-variable"},"yoast_head":"<!-- This site is optimized with the Yoast SEO plugin v27.2 - https:\/\/yoast.com\/product\/yoast-seo-wordpress\/ -->\n<title>D\u00e2y chuy\u1ec1n shell phong c\u00e1ch t\u1ed1i gi\u1ea3n - Girl Power<\/title>\n<meta name=\"robots\" content=\"index, follow, max-snippet:-1, max-image-preview:large, max-video-preview:-1\" \/>\n<link rel=\"canonical\" href=\"https:\/\/thuymo.azdigi.shop\/index.php\/product\/day-chuyen-shell-phong-cach-toi-gian\/\" \/>\n<meta property=\"og:locale\" content=\"vi_VN\" \/>\n<meta property=\"og:type\" content=\"article\" \/>\n<meta property=\"og:title\" content=\"D\u00e2y chuy\u1ec1n shell phong c\u00e1ch t\u1ed1i gi\u1ea3n - Girl Power\" \/>\n<meta property=\"og:description\" content=\"\u2b50 SEA STAR &amp; CERAMIC \u2013 N\u00c9T M\u1ed8C M\u1ea0C T\u1eea \u0110\u1ea0I D\u01af\u01a0NG N\u1ebfu b\u1ea1n y\u00eau th\u00edch s\u1ef1 gi\u1ea3n \u0111\u01a1n v\u00e0 t\u1ef1 nhi\u00ean, b\u1ed9 s\u01b0u t\u1eadp d\u00e2y chuy\u1ec1n g\u1ed1m mang h\u00ecnh h\u00e0i sao bi\u1ec3n v\u00e0 v\u1ecf s\u00f2 n\u00e0y s\u1ebd &#8220;\u0111\u1ed1n tim&#8221; b\u1ea1n ngay l\u1eadp t\u1ee9c. \ud83c\udf0a\ud83c\udf43 Vibe: Boho-chic, t\u1ef1 nhi\u00ean, b\u1ec1n b\u1ec9. Chi ti\u1ebft: S\u1ef1 k\u1ebft [...]\" \/>\n<meta property=\"og:url\" content=\"https:\/\/thuymo.azdigi.shop\/index.php\/product\/day-chuyen-shell-phong-cach-toi-gian\/\" \/>\n<meta property=\"og:site_name\" content=\"Girl Power\" \/>\n<meta property=\"og:image\" content=\"https:\/\/thuymo.azdigi.shop\/wp-content\/uploads\/2026\/04\/3a7dfd5e0888f946763dbb9fcdd36f3f.jpg\" \/>\n\t<meta property=\"og:image:width\" content=\"736\" \/>\n\t<meta property=\"og:image:height\" content=\"906\" \/>\n\t<meta property=\"og:image:type\" content=\"image\/jpeg\" \/>\n<meta name=\"twitter:card\" content=\"summary_large_image\" \/>\n<meta name=\"twitter:label1\" content=\"\u01af\u1edbc t\u00ednh th\u1eddi gian \u0111\u1ecdc\" \/>\n\t<meta name=\"twitter:data1\" content=\"1 ph\u00fat\" \/>\n<script type=\"application\/ld+json\" class=\"yoast-schema-graph\">{\"@context\":\"https:\/\/schema.org\",\"@graph\":[{\"@type\":\"WebPage\",\"@id\":\"https:\/\/thuymo.azdigi.shop\/index.php\/product\/day-chuyen-shell-phong-cach-toi-gian\/\",\"url\":\"https:\/\/thuymo.azdigi.shop\/index.php\/product\/day-chuyen-shell-phong-cach-toi-gian\/\",\"name\":\"D\u00e2y chuy\u1ec1n shell phong c\u00e1ch t\u1ed1i gi\u1ea3n - Girl Power\",\"isPartOf\":{\"@id\":\"https:\/\/thuymo.azdigi.shop\/#website\"},\"primaryImageOfPage\":{\"@id\":\"https:\/\/thuymo.azdigi.shop\/index.php\/product\/day-chuyen-shell-phong-cach-toi-gian\/#primaryimage\"},\"image\":{\"@id\":\"https:\/\/thuymo.azdigi.shop\/index.php\/product\/day-chuyen-shell-phong-cach-toi-gian\/#primaryimage\"},\"thumbnailUrl\":\"https:\/\/thuymo.azdigi.shop\/wp-content\/uploads\/2026\/04\/3a7dfd5e0888f946763dbb9fcdd36f3f.jpg\",\"datePublished\":\"2026-04-17T22:30:55+00:00\",\"breadcrumb\":{\"@id\":\"https:\/\/thuymo.azdigi.shop\/index.php\/product\/day-chuyen-shell-phong-cach-toi-gian\/#breadcrumb\"},\"inLanguage\":\"vi\",\"potentialAction\":[{\"@type\":\"ReadAction\",\"target\":[\"https:\/\/thuymo.azdigi.shop\/index.php\/product\/day-chuyen-shell-phong-cach-toi-gian\/\"]}]},{\"@type\":\"ImageObject\",\"inLanguage\":\"vi\",\"@id\":\"https:\/\/thuymo.azdigi.shop\/index.php\/product\/day-chuyen-shell-phong-cach-toi-gian\/#primaryimage\",\"url\":\"https:\/\/thuymo.azdigi.shop\/wp-content\/uploads\/2026\/04\/3a7dfd5e0888f946763dbb9fcdd36f3f.jpg\",\"contentUrl\":\"https:\/\/thuymo.azdigi.shop\/wp-content\/uploads\/2026\/04\/3a7dfd5e0888f946763dbb9fcdd36f3f.jpg\",\"width\":736,\"height\":906},{\"@type\":\"BreadcrumbList\",\"@id\":\"https:\/\/thuymo.azdigi.shop\/index.php\/product\/day-chuyen-shell-phong-cach-toi-gian\/#breadcrumb\",\"itemListElement\":[{\"@type\":\"ListItem\",\"position\":1,\"name\":\"Trang ch\u1ee7\",\"item\":\"https:\/\/thuymo.azdigi.shop\/\"},{\"@type\":\"ListItem\",\"position\":2,\"name\":\"Shop\",\"item\":\"https:\/\/thuymo.azdigi.shop\/index.php\/shop\/\"},{\"@type\":\"ListItem\",\"position\":3,\"name\":\"D\u00e2y chuy\u1ec1n shell phong c\u00e1ch t\u1ed1i gi\u1ea3n\"}]},{\"@type\":\"WebSite\",\"@id\":\"https:\/\/thuymo.azdigi.shop\/#website\",\"url\":\"https:\/\/thuymo.azdigi.shop\/\",\"name\":\"Girl Power\",\"description\":\"N\u1eafng v\u00e0ng, gi\u00f3 nh\u1eb9 v\u00e0 nh\u1eefng m\u00f3n ph\u1ee5 ki\u1ec7n xinh x\u1eafn s\u1ebd khi\u1ebfn m\u1ed7i kho\u1ea3nh kh\u1eafc b\u00ean bi\u1ec3n c\u1ee7a n\u00e0ng tr\u1edf n\u00ean l\u00e3ng m\u1ea1n h\u01a1n bao gi\u1edd h\u1ebft v\u00e0 \u0111i\u1ec1u \u0111\u00f3 k\u1ec3 m\u1ed9t c\u00e2u chuy\u1ec7n m\u00f9a h\u00e8 \u0111\u1ea7y m\u00ea ho\u1eb7c \ud83c\udf0a\u2728\",\"potentialAction\":[{\"@type\":\"SearchAction\",\"target\":{\"@type\":\"EntryPoint\",\"urlTemplate\":\"https:\/\/thuymo.azdigi.shop\/?s={search_term_string}\"},\"query-input\":{\"@type\":\"PropertyValueSpecification\",\"valueRequired\":true,\"valueName\":\"search_term_string\"}}],\"inLanguage\":\"vi\"}]}<\/script>\n<!-- \/ Yoast SEO plugin. -->","yoast_head_json":{"title":"D\u00e2y chuy\u1ec1n shell phong c\u00e1ch t\u1ed1i gi\u1ea3n - Girl Power","robots":{"index":"index","follow":"follow","max-snippet":"max-snippet:-1","max-image-preview":"max-image-preview:large","max-video-preview":"max-video-preview:-1"},"canonical":"https:\/\/thuymo.azdigi.shop\/index.php\/product\/day-chuyen-shell-phong-cach-toi-gian\/","og_locale":"vi_VN","og_type":"article","og_title":"D\u00e2y chuy\u1ec1n shell phong c\u00e1ch t\u1ed1i gi\u1ea3n - Girl Power","og_description":"\u2b50 SEA STAR &amp; CERAMIC \u2013 N\u00c9T M\u1ed8C M\u1ea0C T\u1eea \u0110\u1ea0I D\u01af\u01a0NG N\u1ebfu b\u1ea1n y\u00eau th\u00edch s\u1ef1 gi\u1ea3n \u0111\u01a1n v\u00e0 t\u1ef1 nhi\u00ean, b\u1ed9 s\u01b0u t\u1eadp d\u00e2y chuy\u1ec1n g\u1ed1m mang h\u00ecnh h\u00e0i sao bi\u1ec3n v\u00e0 v\u1ecf s\u00f2 n\u00e0y s\u1ebd &#8220;\u0111\u1ed1n tim&#8221; b\u1ea1n ngay l\u1eadp t\u1ee9c. \ud83c\udf0a\ud83c\udf43 Vibe: Boho-chic, t\u1ef1 nhi\u00ean, b\u1ec1n b\u1ec9. Chi ti\u1ebft: S\u1ef1 k\u1ebft [...]","og_url":"https:\/\/thuymo.azdigi.shop\/index.php\/product\/day-chuyen-shell-phong-cach-toi-gian\/","og_site_name":"Girl Power","og_image":[{"width":736,"height":906,"url":"https:\/\/thuymo.azdigi.shop\/wp-content\/uploads\/2026\/04\/3a7dfd5e0888f946763dbb9fcdd36f3f.jpg","type":"image\/jpeg"}],"twitter_card":"summary_large_image","twitter_misc":{"\u01af\u1edbc t\u00ednh th\u1eddi gian \u0111\u1ecdc":"1 ph\u00fat"},"schema":{"@context":"https:\/\/schema.org","@graph":[{"@type":"WebPage","@id":"https:\/\/thuymo.azdigi.shop\/index.php\/product\/day-chuyen-shell-phong-cach-toi-gian\/","url":"https:\/\/thuymo.azdigi.shop\/index.php\/product\/day-chuyen-shell-phong-cach-toi-gian\/","name":"D\u00e2y chuy\u1ec1n shell phong c\u00e1ch t\u1ed1i gi\u1ea3n - Girl Power","isPartOf":{"@id":"https:\/\/thuymo.azdigi.shop\/#website"},"primaryImageOfPage":{"@id":"https:\/\/thuymo.azdigi.shop\/index.php\/product\/day-chuyen-shell-phong-cach-toi-gian\/#primaryimage"},"image":{"@id":"https:\/\/thuymo.azdigi.shop\/index.php\/product\/day-chuyen-shell-phong-cach-toi-gian\/#primaryimage"},"thumbnailUrl":"https:\/\/thuymo.azdigi.shop\/wp-content\/uploads\/2026\/04\/3a7dfd5e0888f946763dbb9fcdd36f3f.jpg","datePublished":"2026-04-17T22:30:55+00:00","breadcrumb":{"@id":"https:\/\/thuymo.azdigi.shop\/index.php\/product\/day-chuyen-shell-phong-cach-toi-gian\/#breadcrumb"},"inLanguage":"vi","potentialAction":[{"@type":"ReadAction","target":["https:\/\/thuymo.azdigi.shop\/index.php\/product\/day-chuyen-shell-phong-cach-toi-gian\/"]}]},{"@type":"ImageObject","inLanguage":"vi","@id":"https:\/\/thuymo.azdigi.shop\/index.php\/product\/day-chuyen-shell-phong-cach-toi-gian\/#primaryimage","url":"https:\/\/thuymo.azdigi.shop\/wp-content\/uploads\/2026\/04\/3a7dfd5e0888f946763dbb9fcdd36f3f.jpg","contentUrl":"https:\/\/thuymo.azdigi.shop\/wp-content\/uploads\/2026\/04\/3a7dfd5e0888f946763dbb9fcdd36f3f.jpg","width":736,"height":906},{"@type":"BreadcrumbList","@id":"https:\/\/thuymo.azdigi.shop\/index.php\/product\/day-chuyen-shell-phong-cach-toi-gian\/#breadcrumb","itemListElement":[{"@type":"ListItem","position":1,"name":"Trang ch\u1ee7","item":"https:\/\/thuymo.azdigi.shop\/"},{"@type":"ListItem","position":2,"name":"Shop","item":"https:\/\/thuymo.azdigi.shop\/index.php\/shop\/"},{"@type":"ListItem","position":3,"name":"D\u00e2y chuy\u1ec1n shell phong c\u00e1ch t\u1ed1i gi\u1ea3n"}]},{"@type":"WebSite","@id":"https:\/\/thuymo.azdigi.shop\/#website","url":"https:\/\/thuymo.azdigi.shop\/","name":"Girl Power","description":"N\u1eafng v\u00e0ng, gi\u00f3 nh\u1eb9 v\u00e0 nh\u1eefng m\u00f3n ph\u1ee5 ki\u1ec7n xinh x\u1eafn s\u1ebd khi\u1ebfn m\u1ed7i kho\u1ea3nh kh\u1eafc b\u00ean bi\u1ec3n c\u1ee7a n\u00e0ng tr\u1edf n\u00ean l\u00e3ng m\u1ea1n h\u01a1n bao gi\u1edd h\u1ebft v\u00e0 \u0111i\u1ec1u \u0111\u00f3 k\u1ec3 m\u1ed9t c\u00e2u chuy\u1ec7n m\u00f9a h\u00e8 \u0111\u1ea7y m\u00ea ho\u1eb7c \ud83c\udf0a\u2728","potentialAction":[{"@type":"SearchAction","target":{"@type":"EntryPoint","urlTemplate":"https:\/\/thuymo.azdigi.shop\/?s={search_term_string}"},"query-input":{"@type":"PropertyValueSpecification","valueRequired":true,"valueName":"search_term_string"}}],"inLanguage":"vi"}]}},"jetpack_sharing_enabled":true,"_links":{"self":[{"href":"https:\/\/thuymo.azdigi.shop\/index.php\/wp-json\/wp\/v2\/product\/484","targetHints":{"allow":["GET"]}}],"collection":[{"href":"https:\/\/thuymo.azdigi.shop\/index.php\/wp-json\/wp\/v2\/product"}],"about":[{"href":"https:\/\/thuymo.azdigi.shop\/index.php\/wp-json\/wp\/v2\/types\/product"}],"replies":[{"embeddable":true,"href":"https:\/\/thuymo.azdigi.shop\/index.php\/wp-json\/wp\/v2\/comments?post=484"}],"wp:featuredmedia":[{"embeddable":true,"href":"https:\/\/thuymo.azdigi.shop\/index.php\/wp-json\/wp\/v2\/media\/485"}],"wp:attachment":[{"href":"https:\/\/thuymo.azdigi.shop\/index.php\/wp-json\/wp\/v2\/media?parent=484"}],"wp:term":[{"taxonomy":"product_brand","embeddable":true,"href":"https:\/\/thuymo.azdigi.shop\/index.php\/wp-json\/wp\/v2\/product_brand?post=484"},{"taxonomy":"product_cat","embeddable":true,"href":"https:\/\/thuymo.azdigi.shop\/index.php\/wp-json\/wp\/v2\/product_cat?post=484"},{"taxonomy":"product_tag","embeddable":true,"href":"https:\/\/thuymo.azdigi.shop\/index.php\/wp-json\/wp\/v2\/product_tag?post=484"}],"curies":[{"name":"wp","href":"https:\/\/api.w.org\/{rel}","templated":true}]}}