{"id":478,"date":"2026-04-17T22:25:01","date_gmt":"2026-04-17T22:25:01","guid":{"rendered":"https:\/\/thuymo.azdigi.shop\/?post_type=product&#038;p=478"},"modified":"2026-04-21T20:52:21","modified_gmt":"2026-04-21T20:52:21","slug":"kep-shell-dinh-cuom","status":"publish","type":"product","link":"https:\/\/thuymo.azdigi.shop\/index.php\/product\/kep-shell-dinh-cuom\/","title":{"rendered":"K\u1eb9p shell \u0111\u00ednh c\u01b0\u1eddm"},"content":{"rendered":"<p data-path-to-node=\"23\"><b data-path-to-node=\"23\" data-index-in-node=\"0\">\u2728 PEARLY SHELL \u2013 S\u1ef0 TINH X\u1ea2O TRONG T\u1eeaNG CHI TI\u1ebeT<\/b><\/p>\n<p data-path-to-node=\"24\">M\u1ed7i chi\u1ebfc k\u1eb9p l\u00e0 m\u1ed9t t\u00e1c ph\u1ea9m ngh\u1ec7 thu\u1eadt thu nh\u1ecf \u0111\u01b0\u1ee3c l\u00e0m ho\u00e0n to\u00e0n b\u1eb1ng tay. S\u1ef1 t\u1ec9 m\u1ec9 trong t\u1eebng h\u1ea1t c\u01b0\u1eddm nh\u1ecf s\u1ebd khi\u1ebfn b\u1ea1n ph\u1ea3i b\u1ea5t ng\u1edd. \ud83d\udc1a\ud83c\udf80<\/p>\n<ul data-path-to-node=\"25\">\n<li>\n<p data-path-to-node=\"25,0,0\"><b data-path-to-node=\"25,0,0\" data-index-in-node=\"0\">Vibe:<\/b> Sang tr\u1ecdng, th\u1ee7 c\u00f4ng cao c\u1ea5p.<\/p>\n<\/li>\n<li>\n<p data-path-to-node=\"25,1,0\"><b data-path-to-node=\"25,1,0\" data-index-in-node=\"0\">Chi ti\u1ebft:<\/b> V\u1ecf s\u00f2 th\u1eadt k\u1ebft h\u1ee3p v\u1edbi \u0111\u00e1 h\u1ed3ng nh\u1ea1t v\u00e0 n\u01a1 ng\u1ecdc trai tr\u1eafng mu\u1ed1t, t\u1ea1o \u0111\u1ed9 b\u1eaft s\u00e1ng c\u1ef1c t\u1ed1t d\u01b0\u1edbi n\u1eafng.<\/p>\n<\/li>\n<li>\n<p data-path-to-node=\"25,2,0\"><b data-path-to-node=\"25,2,0\" data-index-in-node=\"0\">G\u1ee3i \u00fd:<\/b> Ph\u00f9 h\u1ee3p cho nh\u1eefng b\u1ed9 \u1ea3nh lookbook ho\u1eb7c nh\u1eefng b\u1eefa ti\u1ec7c t\u1ed1i nh\u1eb9 nh\u00e0ng b\u00ean b\u1edd bi\u1ec3n.<\/p>\n<\/li>\n<\/ul>\n","protected":false},"excerpt":{"rendered":"<p>\u2728 PEARLY SHELL \u2013 S\u1ef0 TINH X\u1ea2O TRONG T\u1eeaNG CHI TI\u1ebeT M\u1ed7i chi\u1ebfc k\u1eb9p l\u00e0 m\u1ed9t t\u00e1c ph\u1ea9m ngh\u1ec7 thu\u1eadt thu nh\u1ecf \u0111\u01b0\u1ee3c l\u00e0m ho\u00e0n to\u00e0n b\u1eb1ng tay. S\u1ef1 t\u1ec9 m\u1ec9 trong t\u1eebng h\u1ea1t c\u01b0\u1eddm nh\u1ecf s\u1ebd khi\u1ebfn b\u1ea1n ph\u1ea3i b\u1ea5t ng\u1edd. \ud83d\udc1a\ud83c\udf80 Vibe: Sang tr\u1ecdng, th\u1ee7 c\u00f4ng cao c\u1ea5p. Chi ti\u1ebft: V\u1ecf s\u00f2 th\u1eadt [&#8230;]\n","protected":false},"featured_media":479,"comment_status":"open","ping_status":"closed","template":"","meta":[],"product_brand":[],"product_cat":[42],"product_tag":[],"class_list":{"0":"post-478","1":"product","2":"type-product","3":"status-publish","4":"has-post-thumbnail","6":"product_cat-kep-toc","8":"first","9":"instock","10":"shipping-taxable","11":"purchasable","12":"product-type-variable"},"yoast_head":"<!-- This site is optimized with the Yoast SEO plugin v27.2 - https:\/\/yoast.com\/product\/yoast-seo-wordpress\/ -->\n<title>K\u1eb9p shell \u0111\u00ednh c\u01b0\u1eddm - Girl Power<\/title>\n<meta name=\"robots\" content=\"index, follow, max-snippet:-1, max-image-preview:large, max-video-preview:-1\" \/>\n<link rel=\"canonical\" href=\"https:\/\/thuymo.azdigi.shop\/index.php\/product\/kep-shell-dinh-cuom\/\" \/>\n<meta property=\"og:locale\" content=\"vi_VN\" \/>\n<meta property=\"og:type\" content=\"article\" \/>\n<meta property=\"og:title\" content=\"K\u1eb9p shell \u0111\u00ednh c\u01b0\u1eddm - Girl Power\" \/>\n<meta property=\"og:description\" content=\"\u2728 PEARLY SHELL \u2013 S\u1ef0 TINH X\u1ea2O TRONG T\u1eeaNG CHI TI\u1ebeT M\u1ed7i chi\u1ebfc k\u1eb9p l\u00e0 m\u1ed9t t\u00e1c ph\u1ea9m ngh\u1ec7 thu\u1eadt thu nh\u1ecf \u0111\u01b0\u1ee3c l\u00e0m ho\u00e0n to\u00e0n b\u1eb1ng tay. S\u1ef1 t\u1ec9 m\u1ec9 trong t\u1eebng h\u1ea1t c\u01b0\u1eddm nh\u1ecf s\u1ebd khi\u1ebfn b\u1ea1n ph\u1ea3i b\u1ea5t ng\u1edd. \ud83d\udc1a\ud83c\udf80 Vibe: Sang tr\u1ecdng, th\u1ee7 c\u00f4ng cao c\u1ea5p. Chi ti\u1ebft: V\u1ecf s\u00f2 th\u1eadt [...]\" \/>\n<meta property=\"og:url\" content=\"https:\/\/thuymo.azdigi.shop\/index.php\/product\/kep-shell-dinh-cuom\/\" \/>\n<meta property=\"og:site_name\" content=\"Girl Power\" \/>\n<meta property=\"article:modified_time\" content=\"2026-04-21T20:52:21+00:00\" \/>\n<meta property=\"og:image\" content=\"https:\/\/thuymo.azdigi.shop\/wp-content\/uploads\/2026\/04\/9aaa39a1373eb36dca8b8acf62d1124d.jpg\" \/>\n\t<meta property=\"og:image:width\" content=\"736\" \/>\n\t<meta property=\"og:image:height\" content=\"736\" \/>\n\t<meta property=\"og:image:type\" content=\"image\/jpeg\" \/>\n<meta name=\"twitter:card\" content=\"summary_large_image\" \/>\n<meta name=\"twitter:label1\" content=\"\u01af\u1edbc t\u00ednh th\u1eddi gian \u0111\u1ecdc\" \/>\n\t<meta name=\"twitter:data1\" content=\"1 ph\u00fat\" \/>\n<script type=\"application\/ld+json\" class=\"yoast-schema-graph\">{\"@context\":\"https:\/\/schema.org\",\"@graph\":[{\"@type\":\"WebPage\",\"@id\":\"https:\/\/thuymo.azdigi.shop\/index.php\/product\/kep-shell-dinh-cuom\/\",\"url\":\"https:\/\/thuymo.azdigi.shop\/index.php\/product\/kep-shell-dinh-cuom\/\",\"name\":\"K\u1eb9p shell \u0111\u00ednh c\u01b0\u1eddm - Girl Power\",\"isPartOf\":{\"@id\":\"https:\/\/thuymo.azdigi.shop\/#website\"},\"primaryImageOfPage\":{\"@id\":\"https:\/\/thuymo.azdigi.shop\/index.php\/product\/kep-shell-dinh-cuom\/#primaryimage\"},\"image\":{\"@id\":\"https:\/\/thuymo.azdigi.shop\/index.php\/product\/kep-shell-dinh-cuom\/#primaryimage\"},\"thumbnailUrl\":\"https:\/\/thuymo.azdigi.shop\/wp-content\/uploads\/2026\/04\/9aaa39a1373eb36dca8b8acf62d1124d.jpg\",\"datePublished\":\"2026-04-17T22:25:01+00:00\",\"dateModified\":\"2026-04-21T20:52:21+00:00\",\"breadcrumb\":{\"@id\":\"https:\/\/thuymo.azdigi.shop\/index.php\/product\/kep-shell-dinh-cuom\/#breadcrumb\"},\"inLanguage\":\"vi\",\"potentialAction\":[{\"@type\":\"ReadAction\",\"target\":[\"https:\/\/thuymo.azdigi.shop\/index.php\/product\/kep-shell-dinh-cuom\/\"]}]},{\"@type\":\"ImageObject\",\"inLanguage\":\"vi\",\"@id\":\"https:\/\/thuymo.azdigi.shop\/index.php\/product\/kep-shell-dinh-cuom\/#primaryimage\",\"url\":\"https:\/\/thuymo.azdigi.shop\/wp-content\/uploads\/2026\/04\/9aaa39a1373eb36dca8b8acf62d1124d.jpg\",\"contentUrl\":\"https:\/\/thuymo.azdigi.shop\/wp-content\/uploads\/2026\/04\/9aaa39a1373eb36dca8b8acf62d1124d.jpg\",\"width\":736,\"height\":736},{\"@type\":\"BreadcrumbList\",\"@id\":\"https:\/\/thuymo.azdigi.shop\/index.php\/product\/kep-shell-dinh-cuom\/#breadcrumb\",\"itemListElement\":[{\"@type\":\"ListItem\",\"position\":1,\"name\":\"Trang ch\u1ee7\",\"item\":\"https:\/\/thuymo.azdigi.shop\/\"},{\"@type\":\"ListItem\",\"position\":2,\"name\":\"Shop\",\"item\":\"https:\/\/thuymo.azdigi.shop\/index.php\/shop\/\"},{\"@type\":\"ListItem\",\"position\":3,\"name\":\"K\u1eb9p shell \u0111\u00ednh c\u01b0\u1eddm\"}]},{\"@type\":\"WebSite\",\"@id\":\"https:\/\/thuymo.azdigi.shop\/#website\",\"url\":\"https:\/\/thuymo.azdigi.shop\/\",\"name\":\"Girl Power\",\"description\":\"N\u1eafng v\u00e0ng, gi\u00f3 nh\u1eb9 v\u00e0 nh\u1eefng m\u00f3n ph\u1ee5 ki\u1ec7n xinh x\u1eafn s\u1ebd khi\u1ebfn m\u1ed7i kho\u1ea3nh kh\u1eafc b\u00ean bi\u1ec3n c\u1ee7a n\u00e0ng tr\u1edf n\u00ean l\u00e3ng m\u1ea1n h\u01a1n bao gi\u1edd h\u1ebft v\u00e0 \u0111i\u1ec1u \u0111\u00f3 k\u1ec3 m\u1ed9t c\u00e2u chuy\u1ec7n m\u00f9a h\u00e8 \u0111\u1ea7y m\u00ea ho\u1eb7c \ud83c\udf0a\u2728\",\"potentialAction\":[{\"@type\":\"SearchAction\",\"target\":{\"@type\":\"EntryPoint\",\"urlTemplate\":\"https:\/\/thuymo.azdigi.shop\/?s={search_term_string}\"},\"query-input\":{\"@type\":\"PropertyValueSpecification\",\"valueRequired\":true,\"valueName\":\"search_term_string\"}}],\"inLanguage\":\"vi\"}]}<\/script>\n<!-- \/ Yoast SEO plugin. -->","yoast_head_json":{"title":"K\u1eb9p shell \u0111\u00ednh c\u01b0\u1eddm - Girl Power","robots":{"index":"index","follow":"follow","max-snippet":"max-snippet:-1","max-image-preview":"max-image-preview:large","max-video-preview":"max-video-preview:-1"},"canonical":"https:\/\/thuymo.azdigi.shop\/index.php\/product\/kep-shell-dinh-cuom\/","og_locale":"vi_VN","og_type":"article","og_title":"K\u1eb9p shell \u0111\u00ednh c\u01b0\u1eddm - Girl Power","og_description":"\u2728 PEARLY SHELL \u2013 S\u1ef0 TINH X\u1ea2O TRONG T\u1eeaNG CHI TI\u1ebeT M\u1ed7i chi\u1ebfc k\u1eb9p l\u00e0 m\u1ed9t t\u00e1c ph\u1ea9m ngh\u1ec7 thu\u1eadt thu nh\u1ecf \u0111\u01b0\u1ee3c l\u00e0m ho\u00e0n to\u00e0n b\u1eb1ng tay. S\u1ef1 t\u1ec9 m\u1ec9 trong t\u1eebng h\u1ea1t c\u01b0\u1eddm nh\u1ecf s\u1ebd khi\u1ebfn b\u1ea1n ph\u1ea3i b\u1ea5t ng\u1edd. \ud83d\udc1a\ud83c\udf80 Vibe: Sang tr\u1ecdng, th\u1ee7 c\u00f4ng cao c\u1ea5p. Chi ti\u1ebft: V\u1ecf s\u00f2 th\u1eadt [...]","og_url":"https:\/\/thuymo.azdigi.shop\/index.php\/product\/kep-shell-dinh-cuom\/","og_site_name":"Girl Power","article_modified_time":"2026-04-21T20:52:21+00:00","og_image":[{"width":736,"height":736,"url":"https:\/\/thuymo.azdigi.shop\/wp-content\/uploads\/2026\/04\/9aaa39a1373eb36dca8b8acf62d1124d.jpg","type":"image\/jpeg"}],"twitter_card":"summary_large_image","twitter_misc":{"\u01af\u1edbc t\u00ednh th\u1eddi gian \u0111\u1ecdc":"1 ph\u00fat"},"schema":{"@context":"https:\/\/schema.org","@graph":[{"@type":"WebPage","@id":"https:\/\/thuymo.azdigi.shop\/index.php\/product\/kep-shell-dinh-cuom\/","url":"https:\/\/thuymo.azdigi.shop\/index.php\/product\/kep-shell-dinh-cuom\/","name":"K\u1eb9p shell \u0111\u00ednh c\u01b0\u1eddm - Girl Power","isPartOf":{"@id":"https:\/\/thuymo.azdigi.shop\/#website"},"primaryImageOfPage":{"@id":"https:\/\/thuymo.azdigi.shop\/index.php\/product\/kep-shell-dinh-cuom\/#primaryimage"},"image":{"@id":"https:\/\/thuymo.azdigi.shop\/index.php\/product\/kep-shell-dinh-cuom\/#primaryimage"},"thumbnailUrl":"https:\/\/thuymo.azdigi.shop\/wp-content\/uploads\/2026\/04\/9aaa39a1373eb36dca8b8acf62d1124d.jpg","datePublished":"2026-04-17T22:25:01+00:00","dateModified":"2026-04-21T20:52:21+00:00","breadcrumb":{"@id":"https:\/\/thuymo.azdigi.shop\/index.php\/product\/kep-shell-dinh-cuom\/#breadcrumb"},"inLanguage":"vi","potentialAction":[{"@type":"ReadAction","target":["https:\/\/thuymo.azdigi.shop\/index.php\/product\/kep-shell-dinh-cuom\/"]}]},{"@type":"ImageObject","inLanguage":"vi","@id":"https:\/\/thuymo.azdigi.shop\/index.php\/product\/kep-shell-dinh-cuom\/#primaryimage","url":"https:\/\/thuymo.azdigi.shop\/wp-content\/uploads\/2026\/04\/9aaa39a1373eb36dca8b8acf62d1124d.jpg","contentUrl":"https:\/\/thuymo.azdigi.shop\/wp-content\/uploads\/2026\/04\/9aaa39a1373eb36dca8b8acf62d1124d.jpg","width":736,"height":736},{"@type":"BreadcrumbList","@id":"https:\/\/thuymo.azdigi.shop\/index.php\/product\/kep-shell-dinh-cuom\/#breadcrumb","itemListElement":[{"@type":"ListItem","position":1,"name":"Trang ch\u1ee7","item":"https:\/\/thuymo.azdigi.shop\/"},{"@type":"ListItem","position":2,"name":"Shop","item":"https:\/\/thuymo.azdigi.shop\/index.php\/shop\/"},{"@type":"ListItem","position":3,"name":"K\u1eb9p shell \u0111\u00ednh c\u01b0\u1eddm"}]},{"@type":"WebSite","@id":"https:\/\/thuymo.azdigi.shop\/#website","url":"https:\/\/thuymo.azdigi.shop\/","name":"Girl Power","description":"N\u1eafng v\u00e0ng, gi\u00f3 nh\u1eb9 v\u00e0 nh\u1eefng m\u00f3n ph\u1ee5 ki\u1ec7n xinh x\u1eafn s\u1ebd khi\u1ebfn m\u1ed7i kho\u1ea3nh kh\u1eafc b\u00ean bi\u1ec3n c\u1ee7a n\u00e0ng tr\u1edf n\u00ean l\u00e3ng m\u1ea1n h\u01a1n bao gi\u1edd h\u1ebft v\u00e0 \u0111i\u1ec1u \u0111\u00f3 k\u1ec3 m\u1ed9t c\u00e2u chuy\u1ec7n m\u00f9a h\u00e8 \u0111\u1ea7y m\u00ea ho\u1eb7c \ud83c\udf0a\u2728","potentialAction":[{"@type":"SearchAction","target":{"@type":"EntryPoint","urlTemplate":"https:\/\/thuymo.azdigi.shop\/?s={search_term_string}"},"query-input":{"@type":"PropertyValueSpecification","valueRequired":true,"valueName":"search_term_string"}}],"inLanguage":"vi"}]}},"jetpack_sharing_enabled":true,"_links":{"self":[{"href":"https:\/\/thuymo.azdigi.shop\/index.php\/wp-json\/wp\/v2\/product\/478","targetHints":{"allow":["GET"]}}],"collection":[{"href":"https:\/\/thuymo.azdigi.shop\/index.php\/wp-json\/wp\/v2\/product"}],"about":[{"href":"https:\/\/thuymo.azdigi.shop\/index.php\/wp-json\/wp\/v2\/types\/product"}],"replies":[{"embeddable":true,"href":"https:\/\/thuymo.azdigi.shop\/index.php\/wp-json\/wp\/v2\/comments?post=478"}],"wp:featuredmedia":[{"embeddable":true,"href":"https:\/\/thuymo.azdigi.shop\/index.php\/wp-json\/wp\/v2\/media\/479"}],"wp:attachment":[{"href":"https:\/\/thuymo.azdigi.shop\/index.php\/wp-json\/wp\/v2\/media?parent=478"}],"wp:term":[{"taxonomy":"product_brand","embeddable":true,"href":"https:\/\/thuymo.azdigi.shop\/index.php\/wp-json\/wp\/v2\/product_brand?post=478"},{"taxonomy":"product_cat","embeddable":true,"href":"https:\/\/thuymo.azdigi.shop\/index.php\/wp-json\/wp\/v2\/product_cat?post=478"},{"taxonomy":"product_tag","embeddable":true,"href":"https:\/\/thuymo.azdigi.shop\/index.php\/wp-json\/wp\/v2\/product_tag?post=478"}],"curies":[{"name":"wp","href":"https:\/\/api.w.org\/{rel}","templated":true}]}}