{"id":467,"date":"2026-04-17T22:09:02","date_gmt":"2026-04-17T22:09:02","guid":{"rendered":"https:\/\/thuymo.azdigi.shop\/?post_type=product&#038;p=467"},"modified":"2026-04-17T22:09:02","modified_gmt":"2026-04-17T22:09:02","slug":"kep-vo-so-ngoc-trai-no-cuom","status":"publish","type":"product","link":"https:\/\/thuymo.azdigi.shop\/index.php\/product\/kep-vo-so-ngoc-trai-no-cuom\/","title":{"rendered":"K\u1eb9p v\u1ecf s\u00f2 ng\u1ecdc trai n\u01a1 c\u01b0\u1eddm"},"content":{"rendered":"<p data-path-to-node=\"3\"><b data-path-to-node=\"3\" data-index-in-node=\"0\"> \ud83c\udf80 N\u00c0NG TH\u01a0 C\u1ee6A BI\u1ec2N C\u1ea2 \u2013 C\u1ed4 \u0110I\u1ec2N &amp; NG\u1eccT NG\u00c0O<\/b><\/p>\n<p data-path-to-node=\"4\">B\u1ea1n \u0111ang t\u00ecm ki\u1ebfm s\u1ef1 nh\u1eb9 nh\u00e0ng nh\u01b0ng v\u1eabn mu\u1ed1n m\u00ecnh l\u00e0 t\u00e2m \u0111i\u1ec3m? Nh\u1eefng chi\u1ebfc k\u1eb9p t\u00f3c v\u1ecf s\u00f2 ph\u1ed1i n\u01a1 ng\u1ecdc trai n\u00e0y ch\u00ednh l\u00e0 l\u1ef1a ch\u1ecdn d\u00e0nh cho b\u1ea1n. \ud83d\udc1a\u2728<\/p>\n<ul data-path-to-node=\"5\">\n<li>\n<p data-path-to-node=\"5,0,0\"><b data-path-to-node=\"5,0,0\" data-index-in-node=\"0\">Vibe:<\/b> Thanh l\u1ecbch, l\u00e3ng m\u1ea1n, h\u01a1i h\u01b0\u1edbng &#8220;Coquette&#8221;.<\/p>\n<\/li>\n<li>\n<p data-path-to-node=\"5,1,0\"><b data-path-to-node=\"5,1,0\" data-index-in-node=\"0\">Chi ti\u1ebft:<\/b> V\u1ecf s\u00f2 tr\u1eafng tinh kh\u00f4i \u0111\u01b0\u1ee3c \u0111\u00ednh k\u1ebft th\u1ee7 c\u00f4ng nh\u1eefng d\u1ea3i n\u01a1 ng\u1ecdc trai m\u1ec1m m\u1ea1i v\u00e0 hoa \u0111\u00e1 nh\u1ecf x\u00edu.<\/p>\n<\/li>\n<li>\n<p data-path-to-node=\"5,2,0\"><b data-path-to-node=\"5,2,0\" data-index-in-node=\"0\">G\u1ee3i \u00fd:<\/b> C\u1ef1c xinh khi ph\u1ed1i c\u00f9ng v\u00e1y voan ho\u1eb7c t\u00f3c t\u1ebft l\u1ecfng tay cho nh\u1eefng bu\u1ed5i tr\u00e0 chi\u1ec1u s\u00e1t bi\u1ec3n.<\/p>\n<\/li>\n<\/ul>\n","protected":false},"excerpt":{"rendered":"<p>\ud83c\udf80 N\u00c0NG TH\u01a0 C\u1ee6A BI\u1ec2N C\u1ea2 \u2013 C\u1ed4 \u0110I\u1ec2N &amp; NG\u1eccT NG\u00c0O B\u1ea1n \u0111ang t\u00ecm ki\u1ebfm s\u1ef1 nh\u1eb9 nh\u00e0ng nh\u01b0ng v\u1eabn mu\u1ed1n m\u00ecnh l\u00e0 t\u00e2m \u0111i\u1ec3m? Nh\u1eefng chi\u1ebfc k\u1eb9p t\u00f3c v\u1ecf s\u00f2 ph\u1ed1i n\u01a1 ng\u1ecdc trai n\u00e0y ch\u00ednh l\u00e0 l\u1ef1a ch\u1ecdn d\u00e0nh cho b\u1ea1n. \ud83d\udc1a\u2728 Vibe: Thanh l\u1ecbch, l\u00e3ng m\u1ea1n, h\u01a1i h\u01b0\u1edbng &#8220;Coquette&#8221;. Chi ti\u1ebft: [&#8230;]\n","protected":false},"featured_media":468,"comment_status":"open","ping_status":"closed","template":"","meta":[],"product_brand":[],"product_cat":[42],"product_tag":[],"class_list":{"0":"post-467","1":"product","2":"type-product","3":"status-publish","4":"has-post-thumbnail","6":"product_cat-kep-toc","8":"first","9":"instock","10":"shipping-taxable","11":"purchasable","12":"product-type-variable"},"yoast_head":"<!-- This site is optimized with the Yoast SEO plugin v27.2 - https:\/\/yoast.com\/product\/yoast-seo-wordpress\/ -->\n<title>K\u1eb9p v\u1ecf s\u00f2 ng\u1ecdc trai n\u01a1 c\u01b0\u1eddm - Girl Power<\/title>\n<meta name=\"robots\" content=\"index, follow, max-snippet:-1, max-image-preview:large, max-video-preview:-1\" \/>\n<link rel=\"canonical\" href=\"https:\/\/thuymo.azdigi.shop\/index.php\/product\/kep-vo-so-ngoc-trai-no-cuom\/\" \/>\n<meta property=\"og:locale\" content=\"vi_VN\" \/>\n<meta property=\"og:type\" content=\"article\" \/>\n<meta property=\"og:title\" content=\"K\u1eb9p v\u1ecf s\u00f2 ng\u1ecdc trai n\u01a1 c\u01b0\u1eddm - Girl Power\" \/>\n<meta property=\"og:description\" content=\"\ud83c\udf80 N\u00c0NG TH\u01a0 C\u1ee6A BI\u1ec2N C\u1ea2 \u2013 C\u1ed4 \u0110I\u1ec2N &amp; NG\u1eccT NG\u00c0O B\u1ea1n \u0111ang t\u00ecm ki\u1ebfm s\u1ef1 nh\u1eb9 nh\u00e0ng nh\u01b0ng v\u1eabn mu\u1ed1n m\u00ecnh l\u00e0 t\u00e2m \u0111i\u1ec3m? Nh\u1eefng chi\u1ebfc k\u1eb9p t\u00f3c v\u1ecf s\u00f2 ph\u1ed1i n\u01a1 ng\u1ecdc trai n\u00e0y ch\u00ednh l\u00e0 l\u1ef1a ch\u1ecdn d\u00e0nh cho b\u1ea1n. \ud83d\udc1a\u2728 Vibe: Thanh l\u1ecbch, l\u00e3ng m\u1ea1n, h\u01a1i h\u01b0\u1edbng &#8220;Coquette&#8221;. Chi ti\u1ebft: [...]\" \/>\n<meta property=\"og:url\" content=\"https:\/\/thuymo.azdigi.shop\/index.php\/product\/kep-vo-so-ngoc-trai-no-cuom\/\" \/>\n<meta property=\"og:site_name\" content=\"Girl Power\" \/>\n<meta property=\"og:image\" content=\"https:\/\/thuymo.azdigi.shop\/wp-content\/uploads\/2026\/04\/ae1738bdb4fbd1b3e37a562bc0ac490a.jpg\" \/>\n\t<meta property=\"og:image:width\" content=\"736\" \/>\n\t<meta property=\"og:image:height\" content=\"920\" \/>\n\t<meta property=\"og:image:type\" content=\"image\/jpeg\" \/>\n<meta name=\"twitter:card\" content=\"summary_large_image\" \/>\n<meta name=\"twitter:label1\" content=\"\u01af\u1edbc t\u00ednh th\u1eddi gian \u0111\u1ecdc\" \/>\n\t<meta name=\"twitter:data1\" content=\"1 ph\u00fat\" \/>\n<script type=\"application\/ld+json\" class=\"yoast-schema-graph\">{\"@context\":\"https:\/\/schema.org\",\"@graph\":[{\"@type\":\"WebPage\",\"@id\":\"https:\/\/thuymo.azdigi.shop\/index.php\/product\/kep-vo-so-ngoc-trai-no-cuom\/\",\"url\":\"https:\/\/thuymo.azdigi.shop\/index.php\/product\/kep-vo-so-ngoc-trai-no-cuom\/\",\"name\":\"K\u1eb9p v\u1ecf s\u00f2 ng\u1ecdc trai n\u01a1 c\u01b0\u1eddm - Girl Power\",\"isPartOf\":{\"@id\":\"https:\/\/thuymo.azdigi.shop\/#website\"},\"primaryImageOfPage\":{\"@id\":\"https:\/\/thuymo.azdigi.shop\/index.php\/product\/kep-vo-so-ngoc-trai-no-cuom\/#primaryimage\"},\"image\":{\"@id\":\"https:\/\/thuymo.azdigi.shop\/index.php\/product\/kep-vo-so-ngoc-trai-no-cuom\/#primaryimage\"},\"thumbnailUrl\":\"https:\/\/thuymo.azdigi.shop\/wp-content\/uploads\/2026\/04\/ae1738bdb4fbd1b3e37a562bc0ac490a.jpg\",\"datePublished\":\"2026-04-17T22:09:02+00:00\",\"breadcrumb\":{\"@id\":\"https:\/\/thuymo.azdigi.shop\/index.php\/product\/kep-vo-so-ngoc-trai-no-cuom\/#breadcrumb\"},\"inLanguage\":\"vi\",\"potentialAction\":[{\"@type\":\"ReadAction\",\"target\":[\"https:\/\/thuymo.azdigi.shop\/index.php\/product\/kep-vo-so-ngoc-trai-no-cuom\/\"]}]},{\"@type\":\"ImageObject\",\"inLanguage\":\"vi\",\"@id\":\"https:\/\/thuymo.azdigi.shop\/index.php\/product\/kep-vo-so-ngoc-trai-no-cuom\/#primaryimage\",\"url\":\"https:\/\/thuymo.azdigi.shop\/wp-content\/uploads\/2026\/04\/ae1738bdb4fbd1b3e37a562bc0ac490a.jpg\",\"contentUrl\":\"https:\/\/thuymo.azdigi.shop\/wp-content\/uploads\/2026\/04\/ae1738bdb4fbd1b3e37a562bc0ac490a.jpg\",\"width\":736,\"height\":920},{\"@type\":\"BreadcrumbList\",\"@id\":\"https:\/\/thuymo.azdigi.shop\/index.php\/product\/kep-vo-so-ngoc-trai-no-cuom\/#breadcrumb\",\"itemListElement\":[{\"@type\":\"ListItem\",\"position\":1,\"name\":\"Trang ch\u1ee7\",\"item\":\"https:\/\/thuymo.azdigi.shop\/\"},{\"@type\":\"ListItem\",\"position\":2,\"name\":\"Shop\",\"item\":\"https:\/\/thuymo.azdigi.shop\/index.php\/shop\/\"},{\"@type\":\"ListItem\",\"position\":3,\"name\":\"K\u1eb9p v\u1ecf s\u00f2 ng\u1ecdc trai n\u01a1 c\u01b0\u1eddm\"}]},{\"@type\":\"WebSite\",\"@id\":\"https:\/\/thuymo.azdigi.shop\/#website\",\"url\":\"https:\/\/thuymo.azdigi.shop\/\",\"name\":\"Girl Power\",\"description\":\"N\u1eafng v\u00e0ng, gi\u00f3 nh\u1eb9 v\u00e0 nh\u1eefng m\u00f3n ph\u1ee5 ki\u1ec7n xinh x\u1eafn s\u1ebd khi\u1ebfn m\u1ed7i kho\u1ea3nh kh\u1eafc b\u00ean bi\u1ec3n c\u1ee7a n\u00e0ng tr\u1edf n\u00ean l\u00e3ng m\u1ea1n h\u01a1n bao gi\u1edd h\u1ebft v\u00e0 \u0111i\u1ec1u \u0111\u00f3 k\u1ec3 m\u1ed9t c\u00e2u chuy\u1ec7n m\u00f9a h\u00e8 \u0111\u1ea7y m\u00ea ho\u1eb7c \ud83c\udf0a\u2728\",\"potentialAction\":[{\"@type\":\"SearchAction\",\"target\":{\"@type\":\"EntryPoint\",\"urlTemplate\":\"https:\/\/thuymo.azdigi.shop\/?s={search_term_string}\"},\"query-input\":{\"@type\":\"PropertyValueSpecification\",\"valueRequired\":true,\"valueName\":\"search_term_string\"}}],\"inLanguage\":\"vi\"}]}<\/script>\n<!-- \/ Yoast SEO plugin. -->","yoast_head_json":{"title":"K\u1eb9p v\u1ecf s\u00f2 ng\u1ecdc trai n\u01a1 c\u01b0\u1eddm - Girl Power","robots":{"index":"index","follow":"follow","max-snippet":"max-snippet:-1","max-image-preview":"max-image-preview:large","max-video-preview":"max-video-preview:-1"},"canonical":"https:\/\/thuymo.azdigi.shop\/index.php\/product\/kep-vo-so-ngoc-trai-no-cuom\/","og_locale":"vi_VN","og_type":"article","og_title":"K\u1eb9p v\u1ecf s\u00f2 ng\u1ecdc trai n\u01a1 c\u01b0\u1eddm - Girl Power","og_description":"\ud83c\udf80 N\u00c0NG TH\u01a0 C\u1ee6A BI\u1ec2N C\u1ea2 \u2013 C\u1ed4 \u0110I\u1ec2N &amp; NG\u1eccT NG\u00c0O B\u1ea1n \u0111ang t\u00ecm ki\u1ebfm s\u1ef1 nh\u1eb9 nh\u00e0ng nh\u01b0ng v\u1eabn mu\u1ed1n m\u00ecnh l\u00e0 t\u00e2m \u0111i\u1ec3m? Nh\u1eefng chi\u1ebfc k\u1eb9p t\u00f3c v\u1ecf s\u00f2 ph\u1ed1i n\u01a1 ng\u1ecdc trai n\u00e0y ch\u00ednh l\u00e0 l\u1ef1a ch\u1ecdn d\u00e0nh cho b\u1ea1n. \ud83d\udc1a\u2728 Vibe: Thanh l\u1ecbch, l\u00e3ng m\u1ea1n, h\u01a1i h\u01b0\u1edbng &#8220;Coquette&#8221;. Chi ti\u1ebft: [...]","og_url":"https:\/\/thuymo.azdigi.shop\/index.php\/product\/kep-vo-so-ngoc-trai-no-cuom\/","og_site_name":"Girl Power","og_image":[{"width":736,"height":920,"url":"https:\/\/thuymo.azdigi.shop\/wp-content\/uploads\/2026\/04\/ae1738bdb4fbd1b3e37a562bc0ac490a.jpg","type":"image\/jpeg"}],"twitter_card":"summary_large_image","twitter_misc":{"\u01af\u1edbc t\u00ednh th\u1eddi gian \u0111\u1ecdc":"1 ph\u00fat"},"schema":{"@context":"https:\/\/schema.org","@graph":[{"@type":"WebPage","@id":"https:\/\/thuymo.azdigi.shop\/index.php\/product\/kep-vo-so-ngoc-trai-no-cuom\/","url":"https:\/\/thuymo.azdigi.shop\/index.php\/product\/kep-vo-so-ngoc-trai-no-cuom\/","name":"K\u1eb9p v\u1ecf s\u00f2 ng\u1ecdc trai n\u01a1 c\u01b0\u1eddm - Girl Power","isPartOf":{"@id":"https:\/\/thuymo.azdigi.shop\/#website"},"primaryImageOfPage":{"@id":"https:\/\/thuymo.azdigi.shop\/index.php\/product\/kep-vo-so-ngoc-trai-no-cuom\/#primaryimage"},"image":{"@id":"https:\/\/thuymo.azdigi.shop\/index.php\/product\/kep-vo-so-ngoc-trai-no-cuom\/#primaryimage"},"thumbnailUrl":"https:\/\/thuymo.azdigi.shop\/wp-content\/uploads\/2026\/04\/ae1738bdb4fbd1b3e37a562bc0ac490a.jpg","datePublished":"2026-04-17T22:09:02+00:00","breadcrumb":{"@id":"https:\/\/thuymo.azdigi.shop\/index.php\/product\/kep-vo-so-ngoc-trai-no-cuom\/#breadcrumb"},"inLanguage":"vi","potentialAction":[{"@type":"ReadAction","target":["https:\/\/thuymo.azdigi.shop\/index.php\/product\/kep-vo-so-ngoc-trai-no-cuom\/"]}]},{"@type":"ImageObject","inLanguage":"vi","@id":"https:\/\/thuymo.azdigi.shop\/index.php\/product\/kep-vo-so-ngoc-trai-no-cuom\/#primaryimage","url":"https:\/\/thuymo.azdigi.shop\/wp-content\/uploads\/2026\/04\/ae1738bdb4fbd1b3e37a562bc0ac490a.jpg","contentUrl":"https:\/\/thuymo.azdigi.shop\/wp-content\/uploads\/2026\/04\/ae1738bdb4fbd1b3e37a562bc0ac490a.jpg","width":736,"height":920},{"@type":"BreadcrumbList","@id":"https:\/\/thuymo.azdigi.shop\/index.php\/product\/kep-vo-so-ngoc-trai-no-cuom\/#breadcrumb","itemListElement":[{"@type":"ListItem","position":1,"name":"Trang ch\u1ee7","item":"https:\/\/thuymo.azdigi.shop\/"},{"@type":"ListItem","position":2,"name":"Shop","item":"https:\/\/thuymo.azdigi.shop\/index.php\/shop\/"},{"@type":"ListItem","position":3,"name":"K\u1eb9p v\u1ecf s\u00f2 ng\u1ecdc trai n\u01a1 c\u01b0\u1eddm"}]},{"@type":"WebSite","@id":"https:\/\/thuymo.azdigi.shop\/#website","url":"https:\/\/thuymo.azdigi.shop\/","name":"Girl Power","description":"N\u1eafng v\u00e0ng, gi\u00f3 nh\u1eb9 v\u00e0 nh\u1eefng m\u00f3n ph\u1ee5 ki\u1ec7n xinh x\u1eafn s\u1ebd khi\u1ebfn m\u1ed7i kho\u1ea3nh kh\u1eafc b\u00ean bi\u1ec3n c\u1ee7a n\u00e0ng tr\u1edf n\u00ean l\u00e3ng m\u1ea1n h\u01a1n bao gi\u1edd h\u1ebft v\u00e0 \u0111i\u1ec1u \u0111\u00f3 k\u1ec3 m\u1ed9t c\u00e2u chuy\u1ec7n m\u00f9a h\u00e8 \u0111\u1ea7y m\u00ea ho\u1eb7c \ud83c\udf0a\u2728","potentialAction":[{"@type":"SearchAction","target":{"@type":"EntryPoint","urlTemplate":"https:\/\/thuymo.azdigi.shop\/?s={search_term_string}"},"query-input":{"@type":"PropertyValueSpecification","valueRequired":true,"valueName":"search_term_string"}}],"inLanguage":"vi"}]}},"jetpack_sharing_enabled":true,"_links":{"self":[{"href":"https:\/\/thuymo.azdigi.shop\/index.php\/wp-json\/wp\/v2\/product\/467","targetHints":{"allow":["GET"]}}],"collection":[{"href":"https:\/\/thuymo.azdigi.shop\/index.php\/wp-json\/wp\/v2\/product"}],"about":[{"href":"https:\/\/thuymo.azdigi.shop\/index.php\/wp-json\/wp\/v2\/types\/product"}],"replies":[{"embeddable":true,"href":"https:\/\/thuymo.azdigi.shop\/index.php\/wp-json\/wp\/v2\/comments?post=467"}],"wp:featuredmedia":[{"embeddable":true,"href":"https:\/\/thuymo.azdigi.shop\/index.php\/wp-json\/wp\/v2\/media\/468"}],"wp:attachment":[{"href":"https:\/\/thuymo.azdigi.shop\/index.php\/wp-json\/wp\/v2\/media?parent=467"}],"wp:term":[{"taxonomy":"product_brand","embeddable":true,"href":"https:\/\/thuymo.azdigi.shop\/index.php\/wp-json\/wp\/v2\/product_brand?post=467"},{"taxonomy":"product_cat","embeddable":true,"href":"https:\/\/thuymo.azdigi.shop\/index.php\/wp-json\/wp\/v2\/product_cat?post=467"},{"taxonomy":"product_tag","embeddable":true,"href":"https:\/\/thuymo.azdigi.shop\/index.php\/wp-json\/wp\/v2\/product_tag?post=467"}],"curies":[{"name":"wp","href":"https:\/\/api.w.org\/{rel}","templated":true}]}}