{"id":461,"date":"2026-04-17T22:00:13","date_gmt":"2026-04-17T22:00:13","guid":{"rendered":"https:\/\/thuymo.azdigi.shop\/?post_type=product&#038;p=461"},"modified":"2026-04-20T20:22:22","modified_gmt":"2026-04-20T20:22:22","slug":"day-chuyen-vo-so-ngoc-trai","status":"publish","type":"product","link":"https:\/\/thuymo.azdigi.shop\/index.php\/product\/day-chuyen-vo-so-ngoc-trai\/","title":{"rendered":"D\u00e2y chuy\u1ec1n v\u1ecf s\u00f2 ng\u1ecdc trai"},"content":{"rendered":"<p data-path-to-node=\"3\"><b data-path-to-node=\"3\" data-index-in-node=\"0\">\ud83d\udc1a L\u1edcI TH\u00cc TH\u1ea6M T\u1eea \u0110\u1ea0I D\u01af\u01a0NG<\/b><\/p>\n<p data-path-to-node=\"4\">B\u1ea1n c\u00f3 tin m\u1ed7i chi\u1ebfc v\u1ecf s\u00f2 \u0111\u1ec1u mang m\u1ed9t c\u00e2u chuy\u1ec7n ri\u00eang? B\u1ed9 s\u01b0u t\u1eadp d\u00e2y chuy\u1ec1n v\u1ecf s\u00f2 \u0111\u00ednh ng\u1ecdc trai c\u1ee7a ch\u00fang m\u00ecnh \u0111\u01b0\u1ee3c ra \u0111\u1eddi \u0111\u1ec3 bi\u1ebfn b\u1ea1n th\u00e0nh m\u1ed9t n\u00e0ng ti\u00ean c\u00e1 ngo\u00e0i \u0111\u1eddi th\u1ef1c. \u2728<\/p>\n<ul data-path-to-node=\"5\">\n<li>\n<p data-path-to-node=\"5,0,0\"><b data-path-to-node=\"5,0,0\" data-index-in-node=\"0\">Ch\u1ea5t li\u1ec7u:<\/b> V\u1ecf s\u00f2 t\u1ef1 nhi\u00ean tuy\u1ec3n ch\u1ecdn, k\u1ebft h\u1ee3p c\u00f9ng nh\u1eefng h\u1ea1t ng\u1ecdc trai l\u1ea5p l\u00e1nh mang l\u1ea1i v\u1ebb \u0111\u1eb9p thu\u1ea7n khi\u1ebft.<\/p>\n<\/li>\n<li>\n<p data-path-to-node=\"5,1,0\"><b data-path-to-node=\"5,1,0\" data-index-in-node=\"0\">\u0110i\u1ec3m nh\u1ea5n:<\/b> Thi\u1ebft k\u1ebf d\u00e2y m\u1ea3nh thanh l\u1ecbch, t\u00f4n l\u00ean x\u01b0\u01a1ng quai xanh quy\u1ebfn r\u0169.<\/p>\n<\/li>\n<\/ul>\n<p data-path-to-node=\"6\">D\u00f9 b\u1ea1n m\u1eb7c m\u1ed9t chi\u1ebfc v\u00e1y l\u1ee5a th\u01b0\u1edbt tha hay \u00e1o tr\u1ec5 vai, &#8220;vibe&#8221; bi\u1ec3n c\u1ea3 n\u00e0y s\u1ebd khi\u1ebfn m\u1ecdi \u00e1nh nh\u00ecn ph\u1ea3i d\u1eebng l\u1ea1i. H\u00e3y \u0111\u1ec3 \u0111\u1ea1i d\u01b0\u01a1ng \u00f4m \u1ea5p l\u1ea5y b\u1ea1n nh\u00e9! \ud83c\udf0a<\/p>\n","protected":false},"excerpt":{"rendered":"<p>\ud83d\udc1a L\u1edcI TH\u00cc TH\u1ea6M T\u1eea \u0110\u1ea0I D\u01af\u01a0NG B\u1ea1n c\u00f3 tin m\u1ed7i chi\u1ebfc v\u1ecf s\u00f2 \u0111\u1ec1u mang m\u1ed9t c\u00e2u chuy\u1ec7n ri\u00eang? B\u1ed9 s\u01b0u t\u1eadp d\u00e2y chuy\u1ec1n v\u1ecf s\u00f2 \u0111\u00ednh ng\u1ecdc trai c\u1ee7a ch\u00fang m\u00ecnh \u0111\u01b0\u1ee3c ra \u0111\u1eddi \u0111\u1ec3 bi\u1ebfn b\u1ea1n th\u00e0nh m\u1ed9t n\u00e0ng ti\u00ean c\u00e1 ngo\u00e0i \u0111\u1eddi th\u1ef1c. \u2728 Ch\u1ea5t li\u1ec7u: V\u1ecf s\u00f2 t\u1ef1 nhi\u00ean tuy\u1ec3n [&#8230;]\n","protected":false},"featured_media":462,"comment_status":"open","ping_status":"closed","template":"","meta":[],"product_brand":[],"product_cat":[43],"product_tag":[],"class_list":{"0":"post-461","1":"product","2":"type-product","3":"status-publish","4":"has-post-thumbnail","6":"product_cat-vong-co","8":"first","9":"instock","10":"shipping-taxable","11":"purchasable","12":"product-type-variable"},"yoast_head":"<!-- This site is optimized with the Yoast SEO plugin v27.2 - https:\/\/yoast.com\/product\/yoast-seo-wordpress\/ -->\n<title>D\u00e2y chuy\u1ec1n v\u1ecf s\u00f2 ng\u1ecdc trai - Girl Power<\/title>\n<meta name=\"robots\" content=\"index, follow, max-snippet:-1, max-image-preview:large, max-video-preview:-1\" \/>\n<link rel=\"canonical\" href=\"https:\/\/thuymo.azdigi.shop\/index.php\/product\/day-chuyen-vo-so-ngoc-trai\/\" \/>\n<meta property=\"og:locale\" content=\"vi_VN\" \/>\n<meta property=\"og:type\" content=\"article\" \/>\n<meta property=\"og:title\" content=\"D\u00e2y chuy\u1ec1n v\u1ecf s\u00f2 ng\u1ecdc trai - Girl Power\" \/>\n<meta property=\"og:description\" content=\"\ud83d\udc1a L\u1edcI TH\u00cc TH\u1ea6M T\u1eea \u0110\u1ea0I D\u01af\u01a0NG B\u1ea1n c\u00f3 tin m\u1ed7i chi\u1ebfc v\u1ecf s\u00f2 \u0111\u1ec1u mang m\u1ed9t c\u00e2u chuy\u1ec7n ri\u00eang? B\u1ed9 s\u01b0u t\u1eadp d\u00e2y chuy\u1ec1n v\u1ecf s\u00f2 \u0111\u00ednh ng\u1ecdc trai c\u1ee7a ch\u00fang m\u00ecnh \u0111\u01b0\u1ee3c ra \u0111\u1eddi \u0111\u1ec3 bi\u1ebfn b\u1ea1n th\u00e0nh m\u1ed9t n\u00e0ng ti\u00ean c\u00e1 ngo\u00e0i \u0111\u1eddi th\u1ef1c. \u2728 Ch\u1ea5t li\u1ec7u: V\u1ecf s\u00f2 t\u1ef1 nhi\u00ean tuy\u1ec3n [...]\" \/>\n<meta property=\"og:url\" content=\"https:\/\/thuymo.azdigi.shop\/index.php\/product\/day-chuyen-vo-so-ngoc-trai\/\" \/>\n<meta property=\"og:site_name\" content=\"Girl Power\" \/>\n<meta property=\"article:modified_time\" content=\"2026-04-20T20:22:22+00:00\" \/>\n<meta property=\"og:image\" content=\"https:\/\/thuymo.azdigi.shop\/wp-content\/uploads\/2026\/04\/0a4d7f2302ccb719665a33e4ec261b86.jpg\" \/>\n\t<meta property=\"og:image:width\" content=\"736\" \/>\n\t<meta property=\"og:image:height\" content=\"981\" \/>\n\t<meta property=\"og:image:type\" content=\"image\/jpeg\" \/>\n<meta name=\"twitter:card\" content=\"summary_large_image\" \/>\n<meta name=\"twitter:label1\" content=\"\u01af\u1edbc t\u00ednh th\u1eddi gian \u0111\u1ecdc\" \/>\n\t<meta name=\"twitter:data1\" content=\"1 ph\u00fat\" \/>\n<script type=\"application\/ld+json\" class=\"yoast-schema-graph\">{\"@context\":\"https:\/\/schema.org\",\"@graph\":[{\"@type\":\"WebPage\",\"@id\":\"https:\/\/thuymo.azdigi.shop\/index.php\/product\/day-chuyen-vo-so-ngoc-trai\/\",\"url\":\"https:\/\/thuymo.azdigi.shop\/index.php\/product\/day-chuyen-vo-so-ngoc-trai\/\",\"name\":\"D\u00e2y chuy\u1ec1n v\u1ecf s\u00f2 ng\u1ecdc trai - Girl Power\",\"isPartOf\":{\"@id\":\"https:\/\/thuymo.azdigi.shop\/#website\"},\"primaryImageOfPage\":{\"@id\":\"https:\/\/thuymo.azdigi.shop\/index.php\/product\/day-chuyen-vo-so-ngoc-trai\/#primaryimage\"},\"image\":{\"@id\":\"https:\/\/thuymo.azdigi.shop\/index.php\/product\/day-chuyen-vo-so-ngoc-trai\/#primaryimage\"},\"thumbnailUrl\":\"https:\/\/thuymo.azdigi.shop\/wp-content\/uploads\/2026\/04\/0a4d7f2302ccb719665a33e4ec261b86.jpg\",\"datePublished\":\"2026-04-17T22:00:13+00:00\",\"dateModified\":\"2026-04-20T20:22:22+00:00\",\"breadcrumb\":{\"@id\":\"https:\/\/thuymo.azdigi.shop\/index.php\/product\/day-chuyen-vo-so-ngoc-trai\/#breadcrumb\"},\"inLanguage\":\"vi\",\"potentialAction\":[{\"@type\":\"ReadAction\",\"target\":[\"https:\/\/thuymo.azdigi.shop\/index.php\/product\/day-chuyen-vo-so-ngoc-trai\/\"]}]},{\"@type\":\"ImageObject\",\"inLanguage\":\"vi\",\"@id\":\"https:\/\/thuymo.azdigi.shop\/index.php\/product\/day-chuyen-vo-so-ngoc-trai\/#primaryimage\",\"url\":\"https:\/\/thuymo.azdigi.shop\/wp-content\/uploads\/2026\/04\/0a4d7f2302ccb719665a33e4ec261b86.jpg\",\"contentUrl\":\"https:\/\/thuymo.azdigi.shop\/wp-content\/uploads\/2026\/04\/0a4d7f2302ccb719665a33e4ec261b86.jpg\",\"width\":736,\"height\":981},{\"@type\":\"BreadcrumbList\",\"@id\":\"https:\/\/thuymo.azdigi.shop\/index.php\/product\/day-chuyen-vo-so-ngoc-trai\/#breadcrumb\",\"itemListElement\":[{\"@type\":\"ListItem\",\"position\":1,\"name\":\"Trang ch\u1ee7\",\"item\":\"https:\/\/thuymo.azdigi.shop\/\"},{\"@type\":\"ListItem\",\"position\":2,\"name\":\"Shop\",\"item\":\"https:\/\/thuymo.azdigi.shop\/index.php\/shop\/\"},{\"@type\":\"ListItem\",\"position\":3,\"name\":\"D\u00e2y chuy\u1ec1n v\u1ecf s\u00f2 ng\u1ecdc trai\"}]},{\"@type\":\"WebSite\",\"@id\":\"https:\/\/thuymo.azdigi.shop\/#website\",\"url\":\"https:\/\/thuymo.azdigi.shop\/\",\"name\":\"Girl Power\",\"description\":\"N\u1eafng v\u00e0ng, gi\u00f3 nh\u1eb9 v\u00e0 nh\u1eefng m\u00f3n ph\u1ee5 ki\u1ec7n xinh x\u1eafn s\u1ebd khi\u1ebfn m\u1ed7i kho\u1ea3nh kh\u1eafc b\u00ean bi\u1ec3n c\u1ee7a n\u00e0ng tr\u1edf n\u00ean l\u00e3ng m\u1ea1n h\u01a1n bao gi\u1edd h\u1ebft v\u00e0 \u0111i\u1ec1u \u0111\u00f3 k\u1ec3 m\u1ed9t c\u00e2u chuy\u1ec7n m\u00f9a h\u00e8 \u0111\u1ea7y m\u00ea ho\u1eb7c \ud83c\udf0a\u2728\",\"potentialAction\":[{\"@type\":\"SearchAction\",\"target\":{\"@type\":\"EntryPoint\",\"urlTemplate\":\"https:\/\/thuymo.azdigi.shop\/?s={search_term_string}\"},\"query-input\":{\"@type\":\"PropertyValueSpecification\",\"valueRequired\":true,\"valueName\":\"search_term_string\"}}],\"inLanguage\":\"vi\"}]}<\/script>\n<!-- \/ Yoast SEO plugin. -->","yoast_head_json":{"title":"D\u00e2y chuy\u1ec1n v\u1ecf s\u00f2 ng\u1ecdc trai - Girl Power","robots":{"index":"index","follow":"follow","max-snippet":"max-snippet:-1","max-image-preview":"max-image-preview:large","max-video-preview":"max-video-preview:-1"},"canonical":"https:\/\/thuymo.azdigi.shop\/index.php\/product\/day-chuyen-vo-so-ngoc-trai\/","og_locale":"vi_VN","og_type":"article","og_title":"D\u00e2y chuy\u1ec1n v\u1ecf s\u00f2 ng\u1ecdc trai - Girl Power","og_description":"\ud83d\udc1a L\u1edcI TH\u00cc TH\u1ea6M T\u1eea \u0110\u1ea0I D\u01af\u01a0NG B\u1ea1n c\u00f3 tin m\u1ed7i chi\u1ebfc v\u1ecf s\u00f2 \u0111\u1ec1u mang m\u1ed9t c\u00e2u chuy\u1ec7n ri\u00eang? B\u1ed9 s\u01b0u t\u1eadp d\u00e2y chuy\u1ec1n v\u1ecf s\u00f2 \u0111\u00ednh ng\u1ecdc trai c\u1ee7a ch\u00fang m\u00ecnh \u0111\u01b0\u1ee3c ra \u0111\u1eddi \u0111\u1ec3 bi\u1ebfn b\u1ea1n th\u00e0nh m\u1ed9t n\u00e0ng ti\u00ean c\u00e1 ngo\u00e0i \u0111\u1eddi th\u1ef1c. \u2728 Ch\u1ea5t li\u1ec7u: V\u1ecf s\u00f2 t\u1ef1 nhi\u00ean tuy\u1ec3n [...]","og_url":"https:\/\/thuymo.azdigi.shop\/index.php\/product\/day-chuyen-vo-so-ngoc-trai\/","og_site_name":"Girl Power","article_modified_time":"2026-04-20T20:22:22+00:00","og_image":[{"width":736,"height":981,"url":"https:\/\/thuymo.azdigi.shop\/wp-content\/uploads\/2026\/04\/0a4d7f2302ccb719665a33e4ec261b86.jpg","type":"image\/jpeg"}],"twitter_card":"summary_large_image","twitter_misc":{"\u01af\u1edbc t\u00ednh th\u1eddi gian \u0111\u1ecdc":"1 ph\u00fat"},"schema":{"@context":"https:\/\/schema.org","@graph":[{"@type":"WebPage","@id":"https:\/\/thuymo.azdigi.shop\/index.php\/product\/day-chuyen-vo-so-ngoc-trai\/","url":"https:\/\/thuymo.azdigi.shop\/index.php\/product\/day-chuyen-vo-so-ngoc-trai\/","name":"D\u00e2y chuy\u1ec1n v\u1ecf s\u00f2 ng\u1ecdc trai - Girl Power","isPartOf":{"@id":"https:\/\/thuymo.azdigi.shop\/#website"},"primaryImageOfPage":{"@id":"https:\/\/thuymo.azdigi.shop\/index.php\/product\/day-chuyen-vo-so-ngoc-trai\/#primaryimage"},"image":{"@id":"https:\/\/thuymo.azdigi.shop\/index.php\/product\/day-chuyen-vo-so-ngoc-trai\/#primaryimage"},"thumbnailUrl":"https:\/\/thuymo.azdigi.shop\/wp-content\/uploads\/2026\/04\/0a4d7f2302ccb719665a33e4ec261b86.jpg","datePublished":"2026-04-17T22:00:13+00:00","dateModified":"2026-04-20T20:22:22+00:00","breadcrumb":{"@id":"https:\/\/thuymo.azdigi.shop\/index.php\/product\/day-chuyen-vo-so-ngoc-trai\/#breadcrumb"},"inLanguage":"vi","potentialAction":[{"@type":"ReadAction","target":["https:\/\/thuymo.azdigi.shop\/index.php\/product\/day-chuyen-vo-so-ngoc-trai\/"]}]},{"@type":"ImageObject","inLanguage":"vi","@id":"https:\/\/thuymo.azdigi.shop\/index.php\/product\/day-chuyen-vo-so-ngoc-trai\/#primaryimage","url":"https:\/\/thuymo.azdigi.shop\/wp-content\/uploads\/2026\/04\/0a4d7f2302ccb719665a33e4ec261b86.jpg","contentUrl":"https:\/\/thuymo.azdigi.shop\/wp-content\/uploads\/2026\/04\/0a4d7f2302ccb719665a33e4ec261b86.jpg","width":736,"height":981},{"@type":"BreadcrumbList","@id":"https:\/\/thuymo.azdigi.shop\/index.php\/product\/day-chuyen-vo-so-ngoc-trai\/#breadcrumb","itemListElement":[{"@type":"ListItem","position":1,"name":"Trang ch\u1ee7","item":"https:\/\/thuymo.azdigi.shop\/"},{"@type":"ListItem","position":2,"name":"Shop","item":"https:\/\/thuymo.azdigi.shop\/index.php\/shop\/"},{"@type":"ListItem","position":3,"name":"D\u00e2y chuy\u1ec1n v\u1ecf s\u00f2 ng\u1ecdc trai"}]},{"@type":"WebSite","@id":"https:\/\/thuymo.azdigi.shop\/#website","url":"https:\/\/thuymo.azdigi.shop\/","name":"Girl Power","description":"N\u1eafng v\u00e0ng, gi\u00f3 nh\u1eb9 v\u00e0 nh\u1eefng m\u00f3n ph\u1ee5 ki\u1ec7n xinh x\u1eafn s\u1ebd khi\u1ebfn m\u1ed7i kho\u1ea3nh kh\u1eafc b\u00ean bi\u1ec3n c\u1ee7a n\u00e0ng tr\u1edf n\u00ean l\u00e3ng m\u1ea1n h\u01a1n bao gi\u1edd h\u1ebft v\u00e0 \u0111i\u1ec1u \u0111\u00f3 k\u1ec3 m\u1ed9t c\u00e2u chuy\u1ec7n m\u00f9a h\u00e8 \u0111\u1ea7y m\u00ea ho\u1eb7c \ud83c\udf0a\u2728","potentialAction":[{"@type":"SearchAction","target":{"@type":"EntryPoint","urlTemplate":"https:\/\/thuymo.azdigi.shop\/?s={search_term_string}"},"query-input":{"@type":"PropertyValueSpecification","valueRequired":true,"valueName":"search_term_string"}}],"inLanguage":"vi"}]}},"jetpack_sharing_enabled":true,"_links":{"self":[{"href":"https:\/\/thuymo.azdigi.shop\/index.php\/wp-json\/wp\/v2\/product\/461","targetHints":{"allow":["GET"]}}],"collection":[{"href":"https:\/\/thuymo.azdigi.shop\/index.php\/wp-json\/wp\/v2\/product"}],"about":[{"href":"https:\/\/thuymo.azdigi.shop\/index.php\/wp-json\/wp\/v2\/types\/product"}],"replies":[{"embeddable":true,"href":"https:\/\/thuymo.azdigi.shop\/index.php\/wp-json\/wp\/v2\/comments?post=461"}],"wp:featuredmedia":[{"embeddable":true,"href":"https:\/\/thuymo.azdigi.shop\/index.php\/wp-json\/wp\/v2\/media\/462"}],"wp:attachment":[{"href":"https:\/\/thuymo.azdigi.shop\/index.php\/wp-json\/wp\/v2\/media?parent=461"}],"wp:term":[{"taxonomy":"product_brand","embeddable":true,"href":"https:\/\/thuymo.azdigi.shop\/index.php\/wp-json\/wp\/v2\/product_brand?post=461"},{"taxonomy":"product_cat","embeddable":true,"href":"https:\/\/thuymo.azdigi.shop\/index.php\/wp-json\/wp\/v2\/product_cat?post=461"},{"taxonomy":"product_tag","embeddable":true,"href":"https:\/\/thuymo.azdigi.shop\/index.php\/wp-json\/wp\/v2\/product_tag?post=461"}],"curies":[{"name":"wp","href":"https:\/\/api.w.org\/{rel}","templated":true}]}}