{"id":454,"date":"2026-04-17T21:50:54","date_gmt":"2026-04-17T21:50:54","guid":{"rendered":"https:\/\/thuymo.azdigi.shop\/?post_type=product&#038;p=454"},"modified":"2026-04-19T15:52:57","modified_gmt":"2026-04-19T15:52:57","slug":"kep-ocean","status":"publish","type":"product","link":"https:\/\/thuymo.azdigi.shop\/index.php\/product\/kep-ocean\/","title":{"rendered":"K\u1eb9p ocean"},"content":{"rendered":"<p data-path-to-node=\"12\"><b data-path-to-node=\"12\" data-index-in-node=\"0\">\u2728 SEA-GIRL CHIC: KHI V\u1ece \u1ed0C TR\u1ede TH\u00c0NH PH\u1ee4 KI\u1ec6N CAO C\u1ea4P<\/b><\/p>\n<p data-path-to-node=\"13\">N\u1ebfu b\u1ea1n \u0111ang t\u00ecm ki\u1ebfm m\u1ed9t m\u00f3n ph\u1ee5 ki\u1ec7n v\u1eeba mang h\u01a1i th\u1edf thi\u00ean nhi\u00ean, v\u1eeba \u0111\u1ee7 sang tr\u1ecdng \u0111\u1ec3 di\u1ec7n \u0111i l\u00e0m, \u0111i ti\u1ec7c th\u00ec \u0111\u00e2y ch\u00ednh l\u00e0 c\u00e2u tr\u1ea3 l\u1eddi! \ud83d\udc1a\ud83d\udc8e<\/p>\n<p data-path-to-node=\"14\">B\u1ed9 s\u01b0u t\u1eadp k\u1eb9p t\u00f3c <b data-path-to-node=\"14\" data-index-in-node=\"19\">&#8220;Coastal Elegance&#8221;<\/b> s\u1eed d\u1ee5ng tone m\u00e0u trung t\u00ednh t\u1eeb v\u1ecf \u1ed1c t\u1ef1 nhi\u00ean k\u1ebft h\u1ee3p c\u00f9ng \u00e1nh kim sang tr\u1ecdng, t\u1ea1o n\u00ean m\u1ed9t di\u1ec7n m\u1ea1o ho\u00e0n to\u00e0n m\u1edbi cho d\u00f2ng ph\u1ee5 ki\u1ec7n bi\u1ec3n.<\/p>\n<p data-path-to-node=\"15\"><b data-path-to-node=\"15\" data-index-in-node=\"0\">\u0110i\u1ec3m \u0111\u1eb7c bi\u1ec7t c\u1ee7a s\u1ea3n ph\u1ea9m:<\/b><\/p>\n<ul data-path-to-node=\"16\">\n<li>\n<p data-path-to-node=\"16,0,0\"><b data-path-to-node=\"16,0,0\" data-index-in-node=\"0\">Ch\u1ea5t li\u1ec7u tuy\u1ec3n ch\u1ecdn:<\/b> V\u1ecf \u1ed1c th\u1eadt 100% v\u1edbi v\u00e2n m\u00e0u t\u1ef1 nhi\u00ean \u0111\u1ed9c \u0111\u00e1o (v\u00e2n n\u00e2u h\u1ed5 ph\u00e1ch, tr\u1eafng s\u1eefa, x\u00e1m b\u1ea1c&#8230;).<\/p>\n<\/li>\n<li>\n<p data-path-to-node=\"16,1,0\"><b data-path-to-node=\"16,1,0\" data-index-in-node=\"0\">\u0110\u1ed9 b\u1ec1n cao:<\/b> K\u1eb9p t\u0103m v\u00e0 k\u1eb9p m\u1ecf v\u1ecbt m\u1ea1 v\u00e0ng ch\u1eafc ch\u1eafn, kh\u00f4ng g\u00e2y \u0111au t\u00f3c nh\u01b0ng v\u1eabn gi\u1eef n\u1ebfp c\u1ef1c t\u1ed1t.<\/p>\n<\/li>\n<li>\n<p data-path-to-node=\"16,2,0\"><b data-path-to-node=\"16,2,0\" data-index-in-node=\"0\">Mix &amp; Match d\u1ec5 d\u00e0ng:<\/b> Ph\u00f9 h\u1ee3p v\u1edbi m\u1ecdi m\u00e0u t\u00f3c v\u00e0 ki\u1ec3u t\u00f3c (t\u00f3c x\u00f5a t\u1ef1 nhi\u00ean, t\u00f3c b\u00fai th\u1ea5p hay t\u00f3c t\u1ebft \u0111\u1ec1u c\u1ef1c xinh).<\/p>\n<\/li>\n<\/ul>\n<p data-path-to-node=\"17\">\ud83c\udf1f <b data-path-to-node=\"17\" data-index-in-node=\"3\">G\u1ee3i \u00fd ph\u1ed1i \u0111\u1ed3:<\/b> M\u1ed9t chi\u1ebfc v\u00e1y l\u1ee5a m\u1ecfng nh\u1eb9 ho\u1eb7c s\u01a1 mi tr\u1eafng \u0111\u01a1n gi\u1ea3n s\u1ebd l\u00e0 &#8220;c\u1eb7p b\u00e0i tr\u00f9ng&#8221; ho\u00e0n h\u1ea3o \u0111\u1ec3 l\u00e0m n\u1ed5i b\u1eadt chi\u1ebfc k\u1eb9p tinh t\u1ebf n\u00e0y.<\/p>\n","protected":false},"excerpt":{"rendered":"<p>\u2728 SEA-GIRL CHIC: KHI V\u1ece \u1ed0C TR\u1ede TH\u00c0NH PH\u1ee4 KI\u1ec6N CAO C\u1ea4P N\u1ebfu b\u1ea1n \u0111ang t\u00ecm ki\u1ebfm m\u1ed9t m\u00f3n ph\u1ee5 ki\u1ec7n v\u1eeba mang h\u01a1i th\u1edf thi\u00ean nhi\u00ean, v\u1eeba \u0111\u1ee7 sang tr\u1ecdng \u0111\u1ec3 di\u1ec7n \u0111i l\u00e0m, \u0111i ti\u1ec7c th\u00ec \u0111\u00e2y ch\u00ednh l\u00e0 c\u00e2u tr\u1ea3 l\u1eddi! \ud83d\udc1a\ud83d\udc8e B\u1ed9 s\u01b0u t\u1eadp k\u1eb9p t\u00f3c &#8220;Coastal Elegance&#8221; s\u1eed d\u1ee5ng tone [&#8230;]\n","protected":false},"featured_media":455,"comment_status":"open","ping_status":"closed","template":"","meta":[],"product_brand":[],"product_cat":[42],"product_tag":[],"class_list":{"0":"post-454","1":"product","2":"type-product","3":"status-publish","4":"has-post-thumbnail","6":"product_cat-kep-toc","8":"first","9":"instock","10":"sale","11":"shipping-taxable","12":"purchasable","13":"product-type-variable"},"yoast_head":"<!-- This site is optimized with the Yoast SEO plugin v27.2 - https:\/\/yoast.com\/product\/yoast-seo-wordpress\/ -->\n<title>K\u1eb9p ocean - Girl Power<\/title>\n<meta name=\"robots\" content=\"index, follow, max-snippet:-1, max-image-preview:large, max-video-preview:-1\" \/>\n<link rel=\"canonical\" href=\"https:\/\/thuymo.azdigi.shop\/index.php\/product\/kep-ocean\/\" \/>\n<meta property=\"og:locale\" content=\"vi_VN\" \/>\n<meta property=\"og:type\" content=\"article\" \/>\n<meta property=\"og:title\" content=\"K\u1eb9p ocean - Girl Power\" \/>\n<meta property=\"og:description\" content=\"\u2728 SEA-GIRL CHIC: KHI V\u1ece \u1ed0C TR\u1ede TH\u00c0NH PH\u1ee4 KI\u1ec6N CAO C\u1ea4P N\u1ebfu b\u1ea1n \u0111ang t\u00ecm ki\u1ebfm m\u1ed9t m\u00f3n ph\u1ee5 ki\u1ec7n v\u1eeba mang h\u01a1i th\u1edf thi\u00ean nhi\u00ean, v\u1eeba \u0111\u1ee7 sang tr\u1ecdng \u0111\u1ec3 di\u1ec7n \u0111i l\u00e0m, \u0111i ti\u1ec7c th\u00ec \u0111\u00e2y ch\u00ednh l\u00e0 c\u00e2u tr\u1ea3 l\u1eddi! \ud83d\udc1a\ud83d\udc8e B\u1ed9 s\u01b0u t\u1eadp k\u1eb9p t\u00f3c &#8220;Coastal Elegance&#8221; s\u1eed d\u1ee5ng tone [...]\" \/>\n<meta property=\"og:url\" content=\"https:\/\/thuymo.azdigi.shop\/index.php\/product\/kep-ocean\/\" \/>\n<meta property=\"og:site_name\" content=\"Girl Power\" \/>\n<meta property=\"article:modified_time\" content=\"2026-04-19T15:52:57+00:00\" \/>\n<meta property=\"og:image\" content=\"https:\/\/thuymo.azdigi.shop\/wp-content\/uploads\/2026\/04\/b12d74d8f3df7688dccd56692feaa586.jpg\" \/>\n\t<meta property=\"og:image:width\" content=\"736\" \/>\n\t<meta property=\"og:image:height\" content=\"981\" \/>\n\t<meta property=\"og:image:type\" content=\"image\/jpeg\" \/>\n<meta name=\"twitter:card\" content=\"summary_large_image\" \/>\n<meta name=\"twitter:label1\" content=\"\u01af\u1edbc t\u00ednh th\u1eddi gian \u0111\u1ecdc\" \/>\n\t<meta name=\"twitter:data1\" content=\"2 ph\u00fat\" \/>\n<script type=\"application\/ld+json\" class=\"yoast-schema-graph\">{\"@context\":\"https:\/\/schema.org\",\"@graph\":[{\"@type\":\"WebPage\",\"@id\":\"https:\/\/thuymo.azdigi.shop\/index.php\/product\/kep-ocean\/\",\"url\":\"https:\/\/thuymo.azdigi.shop\/index.php\/product\/kep-ocean\/\",\"name\":\"K\u1eb9p ocean - Girl Power\",\"isPartOf\":{\"@id\":\"https:\/\/thuymo.azdigi.shop\/#website\"},\"primaryImageOfPage\":{\"@id\":\"https:\/\/thuymo.azdigi.shop\/index.php\/product\/kep-ocean\/#primaryimage\"},\"image\":{\"@id\":\"https:\/\/thuymo.azdigi.shop\/index.php\/product\/kep-ocean\/#primaryimage\"},\"thumbnailUrl\":\"https:\/\/thuymo.azdigi.shop\/wp-content\/uploads\/2026\/04\/b12d74d8f3df7688dccd56692feaa586.jpg\",\"datePublished\":\"2026-04-17T21:50:54+00:00\",\"dateModified\":\"2026-04-19T15:52:57+00:00\",\"breadcrumb\":{\"@id\":\"https:\/\/thuymo.azdigi.shop\/index.php\/product\/kep-ocean\/#breadcrumb\"},\"inLanguage\":\"vi\",\"potentialAction\":[{\"@type\":\"ReadAction\",\"target\":[\"https:\/\/thuymo.azdigi.shop\/index.php\/product\/kep-ocean\/\"]}]},{\"@type\":\"ImageObject\",\"inLanguage\":\"vi\",\"@id\":\"https:\/\/thuymo.azdigi.shop\/index.php\/product\/kep-ocean\/#primaryimage\",\"url\":\"https:\/\/thuymo.azdigi.shop\/wp-content\/uploads\/2026\/04\/b12d74d8f3df7688dccd56692feaa586.jpg\",\"contentUrl\":\"https:\/\/thuymo.azdigi.shop\/wp-content\/uploads\/2026\/04\/b12d74d8f3df7688dccd56692feaa586.jpg\",\"width\":736,\"height\":981},{\"@type\":\"BreadcrumbList\",\"@id\":\"https:\/\/thuymo.azdigi.shop\/index.php\/product\/kep-ocean\/#breadcrumb\",\"itemListElement\":[{\"@type\":\"ListItem\",\"position\":1,\"name\":\"Trang ch\u1ee7\",\"item\":\"https:\/\/thuymo.azdigi.shop\/\"},{\"@type\":\"ListItem\",\"position\":2,\"name\":\"Shop\",\"item\":\"https:\/\/thuymo.azdigi.shop\/index.php\/shop\/\"},{\"@type\":\"ListItem\",\"position\":3,\"name\":\"K\u1eb9p ocean\"}]},{\"@type\":\"WebSite\",\"@id\":\"https:\/\/thuymo.azdigi.shop\/#website\",\"url\":\"https:\/\/thuymo.azdigi.shop\/\",\"name\":\"Girl Power\",\"description\":\"N\u1eafng v\u00e0ng, gi\u00f3 nh\u1eb9 v\u00e0 nh\u1eefng m\u00f3n ph\u1ee5 ki\u1ec7n xinh x\u1eafn s\u1ebd khi\u1ebfn m\u1ed7i kho\u1ea3nh kh\u1eafc b\u00ean bi\u1ec3n c\u1ee7a n\u00e0ng tr\u1edf n\u00ean l\u00e3ng m\u1ea1n h\u01a1n bao gi\u1edd h\u1ebft v\u00e0 \u0111i\u1ec1u \u0111\u00f3 k\u1ec3 m\u1ed9t c\u00e2u chuy\u1ec7n m\u00f9a h\u00e8 \u0111\u1ea7y m\u00ea ho\u1eb7c \ud83c\udf0a\u2728\",\"potentialAction\":[{\"@type\":\"SearchAction\",\"target\":{\"@type\":\"EntryPoint\",\"urlTemplate\":\"https:\/\/thuymo.azdigi.shop\/?s={search_term_string}\"},\"query-input\":{\"@type\":\"PropertyValueSpecification\",\"valueRequired\":true,\"valueName\":\"search_term_string\"}}],\"inLanguage\":\"vi\"}]}<\/script>\n<!-- \/ Yoast SEO plugin. -->","yoast_head_json":{"title":"K\u1eb9p ocean - Girl Power","robots":{"index":"index","follow":"follow","max-snippet":"max-snippet:-1","max-image-preview":"max-image-preview:large","max-video-preview":"max-video-preview:-1"},"canonical":"https:\/\/thuymo.azdigi.shop\/index.php\/product\/kep-ocean\/","og_locale":"vi_VN","og_type":"article","og_title":"K\u1eb9p ocean - Girl Power","og_description":"\u2728 SEA-GIRL CHIC: KHI V\u1ece \u1ed0C TR\u1ede TH\u00c0NH PH\u1ee4 KI\u1ec6N CAO C\u1ea4P N\u1ebfu b\u1ea1n \u0111ang t\u00ecm ki\u1ebfm m\u1ed9t m\u00f3n ph\u1ee5 ki\u1ec7n v\u1eeba mang h\u01a1i th\u1edf thi\u00ean nhi\u00ean, v\u1eeba \u0111\u1ee7 sang tr\u1ecdng \u0111\u1ec3 di\u1ec7n \u0111i l\u00e0m, \u0111i ti\u1ec7c th\u00ec \u0111\u00e2y ch\u00ednh l\u00e0 c\u00e2u tr\u1ea3 l\u1eddi! \ud83d\udc1a\ud83d\udc8e B\u1ed9 s\u01b0u t\u1eadp k\u1eb9p t\u00f3c &#8220;Coastal Elegance&#8221; s\u1eed d\u1ee5ng tone [...]","og_url":"https:\/\/thuymo.azdigi.shop\/index.php\/product\/kep-ocean\/","og_site_name":"Girl Power","article_modified_time":"2026-04-19T15:52:57+00:00","og_image":[{"width":736,"height":981,"url":"https:\/\/thuymo.azdigi.shop\/wp-content\/uploads\/2026\/04\/b12d74d8f3df7688dccd56692feaa586.jpg","type":"image\/jpeg"}],"twitter_card":"summary_large_image","twitter_misc":{"\u01af\u1edbc t\u00ednh th\u1eddi gian \u0111\u1ecdc":"2 ph\u00fat"},"schema":{"@context":"https:\/\/schema.org","@graph":[{"@type":"WebPage","@id":"https:\/\/thuymo.azdigi.shop\/index.php\/product\/kep-ocean\/","url":"https:\/\/thuymo.azdigi.shop\/index.php\/product\/kep-ocean\/","name":"K\u1eb9p ocean - Girl Power","isPartOf":{"@id":"https:\/\/thuymo.azdigi.shop\/#website"},"primaryImageOfPage":{"@id":"https:\/\/thuymo.azdigi.shop\/index.php\/product\/kep-ocean\/#primaryimage"},"image":{"@id":"https:\/\/thuymo.azdigi.shop\/index.php\/product\/kep-ocean\/#primaryimage"},"thumbnailUrl":"https:\/\/thuymo.azdigi.shop\/wp-content\/uploads\/2026\/04\/b12d74d8f3df7688dccd56692feaa586.jpg","datePublished":"2026-04-17T21:50:54+00:00","dateModified":"2026-04-19T15:52:57+00:00","breadcrumb":{"@id":"https:\/\/thuymo.azdigi.shop\/index.php\/product\/kep-ocean\/#breadcrumb"},"inLanguage":"vi","potentialAction":[{"@type":"ReadAction","target":["https:\/\/thuymo.azdigi.shop\/index.php\/product\/kep-ocean\/"]}]},{"@type":"ImageObject","inLanguage":"vi","@id":"https:\/\/thuymo.azdigi.shop\/index.php\/product\/kep-ocean\/#primaryimage","url":"https:\/\/thuymo.azdigi.shop\/wp-content\/uploads\/2026\/04\/b12d74d8f3df7688dccd56692feaa586.jpg","contentUrl":"https:\/\/thuymo.azdigi.shop\/wp-content\/uploads\/2026\/04\/b12d74d8f3df7688dccd56692feaa586.jpg","width":736,"height":981},{"@type":"BreadcrumbList","@id":"https:\/\/thuymo.azdigi.shop\/index.php\/product\/kep-ocean\/#breadcrumb","itemListElement":[{"@type":"ListItem","position":1,"name":"Trang ch\u1ee7","item":"https:\/\/thuymo.azdigi.shop\/"},{"@type":"ListItem","position":2,"name":"Shop","item":"https:\/\/thuymo.azdigi.shop\/index.php\/shop\/"},{"@type":"ListItem","position":3,"name":"K\u1eb9p ocean"}]},{"@type":"WebSite","@id":"https:\/\/thuymo.azdigi.shop\/#website","url":"https:\/\/thuymo.azdigi.shop\/","name":"Girl Power","description":"N\u1eafng v\u00e0ng, gi\u00f3 nh\u1eb9 v\u00e0 nh\u1eefng m\u00f3n ph\u1ee5 ki\u1ec7n xinh x\u1eafn s\u1ebd khi\u1ebfn m\u1ed7i kho\u1ea3nh kh\u1eafc b\u00ean bi\u1ec3n c\u1ee7a n\u00e0ng tr\u1edf n\u00ean l\u00e3ng m\u1ea1n h\u01a1n bao gi\u1edd h\u1ebft v\u00e0 \u0111i\u1ec1u \u0111\u00f3 k\u1ec3 m\u1ed9t c\u00e2u chuy\u1ec7n m\u00f9a h\u00e8 \u0111\u1ea7y m\u00ea ho\u1eb7c \ud83c\udf0a\u2728","potentialAction":[{"@type":"SearchAction","target":{"@type":"EntryPoint","urlTemplate":"https:\/\/thuymo.azdigi.shop\/?s={search_term_string}"},"query-input":{"@type":"PropertyValueSpecification","valueRequired":true,"valueName":"search_term_string"}}],"inLanguage":"vi"}]}},"jetpack_sharing_enabled":true,"_links":{"self":[{"href":"https:\/\/thuymo.azdigi.shop\/index.php\/wp-json\/wp\/v2\/product\/454","targetHints":{"allow":["GET"]}}],"collection":[{"href":"https:\/\/thuymo.azdigi.shop\/index.php\/wp-json\/wp\/v2\/product"}],"about":[{"href":"https:\/\/thuymo.azdigi.shop\/index.php\/wp-json\/wp\/v2\/types\/product"}],"replies":[{"embeddable":true,"href":"https:\/\/thuymo.azdigi.shop\/index.php\/wp-json\/wp\/v2\/comments?post=454"}],"wp:featuredmedia":[{"embeddable":true,"href":"https:\/\/thuymo.azdigi.shop\/index.php\/wp-json\/wp\/v2\/media\/455"}],"wp:attachment":[{"href":"https:\/\/thuymo.azdigi.shop\/index.php\/wp-json\/wp\/v2\/media?parent=454"}],"wp:term":[{"taxonomy":"product_brand","embeddable":true,"href":"https:\/\/thuymo.azdigi.shop\/index.php\/wp-json\/wp\/v2\/product_brand?post=454"},{"taxonomy":"product_cat","embeddable":true,"href":"https:\/\/thuymo.azdigi.shop\/index.php\/wp-json\/wp\/v2\/product_cat?post=454"},{"taxonomy":"product_tag","embeddable":true,"href":"https:\/\/thuymo.azdigi.shop\/index.php\/wp-json\/wp\/v2\/product_tag?post=454"}],"curies":[{"name":"wp","href":"https:\/\/api.w.org\/{rel}","templated":true}]}}