{"id":361,"date":"2026-04-13T09:26:53","date_gmt":"2026-04-13T09:26:53","guid":{"rendered":"https:\/\/thuymo.azdigi.shop\/?post_type=product&#038;p=361"},"modified":"2026-04-22T22:50:43","modified_gmt":"2026-04-22T22:50:43","slug":"bong-tai-di-bien","status":"publish","type":"product","link":"https:\/\/thuymo.azdigi.shop\/index.php\/product\/bong-tai-di-bien\/","title":{"rendered":"B\u00f4ng tai \u0111i bi\u1ec3n"},"content":{"rendered":"<h2 data-path-to-node=\"2\">\ud83d\udc1a OCEAN WHISPERS: L\u1edcI TH\u00cc TH\u1ea6M T\u1eea \u0110\u1ea0I D\u01af\u01a0NG<\/h2>\n<p data-path-to-node=\"3\">\u0110\u00e1nh th\u1ee9c phong c\u00e1ch m\u00f9a h\u00e8 v\u1edbi b\u1ed9 s\u01b0u t\u1eadp ph\u1ee5 ki\u1ec7n \u0111\u00ednh k\u1ebft th\u1ee7 c\u00f4ng m\u1edbi nh\u1ea5t. M\u1ed7i thi\u1ebft k\u1ebf l\u00e0 s\u1ef1 h\u00f2a quy\u1ec7n gi\u1eefa n\u00e9t th\u00f4 m\u1ed9c c\u1ee7a v\u1ecf s\u00f2 t\u1ef1 nhi\u00ean v\u00e0 s\u1ef1 l\u1ea5p l\u00e1nh c\u1ee7a ng\u1ecdc trai, pha l\u00ea.<\/p>\n","protected":false},"excerpt":{"rendered":"<p>\ud83d\udc1a OCEAN WHISPERS: L\u1edcI TH\u00cc TH\u1ea6M T\u1eea \u0110\u1ea0I D\u01af\u01a0NG \u0110\u00e1nh th\u1ee9c phong c\u00e1ch m\u00f9a h\u00e8 v\u1edbi b\u1ed9 s\u01b0u t\u1eadp ph\u1ee5 ki\u1ec7n \u0111\u00ednh k\u1ebft th\u1ee7 c\u00f4ng m\u1edbi nh\u1ea5t. M\u1ed7i thi\u1ebft k\u1ebf l\u00e0 s\u1ef1 h\u00f2a quy\u1ec7n gi\u1eefa n\u00e9t th\u00f4 m\u1ed9c c\u1ee7a v\u1ecf s\u00f2 t\u1ef1 nhi\u00ean v\u00e0 s\u1ef1 l\u1ea5p l\u00e1nh c\u1ee7a ng\u1ecdc trai, pha l\u00ea.<\/p>\n","protected":false},"featured_media":367,"comment_status":"open","ping_status":"closed","template":"","meta":[],"product_brand":[],"product_cat":[84],"product_tag":[],"class_list":{"0":"post-361","1":"product","2":"type-product","3":"status-publish","4":"has-post-thumbnail","6":"product_cat-bong-tai","8":"first","9":"instock","10":"shipping-taxable","11":"purchasable","12":"product-type-variable"},"yoast_head":"<!-- This site is optimized with the Yoast SEO plugin v27.2 - https:\/\/yoast.com\/product\/yoast-seo-wordpress\/ -->\n<title>B\u00f4ng tai \u0111i bi\u1ec3n - Girl Power<\/title>\n<meta name=\"robots\" content=\"index, follow, max-snippet:-1, max-image-preview:large, max-video-preview:-1\" \/>\n<link rel=\"canonical\" href=\"https:\/\/thuymo.azdigi.shop\/index.php\/product\/bong-tai-di-bien\/\" \/>\n<meta property=\"og:locale\" content=\"vi_VN\" \/>\n<meta property=\"og:type\" content=\"article\" \/>\n<meta property=\"og:title\" content=\"B\u00f4ng tai \u0111i bi\u1ec3n - Girl Power\" \/>\n<meta property=\"og:description\" content=\"\ud83d\udc1a OCEAN WHISPERS: L\u1edcI TH\u00cc TH\u1ea6M T\u1eea \u0110\u1ea0I D\u01af\u01a0NG \u0110\u00e1nh th\u1ee9c phong c\u00e1ch m\u00f9a h\u00e8 v\u1edbi b\u1ed9 s\u01b0u t\u1eadp ph\u1ee5 ki\u1ec7n \u0111\u00ednh k\u1ebft th\u1ee7 c\u00f4ng m\u1edbi nh\u1ea5t. M\u1ed7i thi\u1ebft k\u1ebf l\u00e0 s\u1ef1 h\u00f2a quy\u1ec7n gi\u1eefa n\u00e9t th\u00f4 m\u1ed9c c\u1ee7a v\u1ecf s\u00f2 t\u1ef1 nhi\u00ean v\u00e0 s\u1ef1 l\u1ea5p l\u00e1nh c\u1ee7a ng\u1ecdc trai, pha l\u00ea.\" \/>\n<meta property=\"og:url\" content=\"https:\/\/thuymo.azdigi.shop\/index.php\/product\/bong-tai-di-bien\/\" \/>\n<meta property=\"og:site_name\" content=\"Girl Power\" \/>\n<meta property=\"article:modified_time\" content=\"2026-04-22T22:50:43+00:00\" \/>\n<meta property=\"og:image\" content=\"https:\/\/thuymo.azdigi.shop\/wp-content\/uploads\/2026\/04\/21557fc66ea32dd834de5addc85c598c.jpg\" \/>\n\t<meta property=\"og:image:width\" content=\"1200\" \/>\n\t<meta property=\"og:image:height\" content=\"1598\" \/>\n\t<meta property=\"og:image:type\" content=\"image\/jpeg\" \/>\n<meta name=\"twitter:card\" content=\"summary_large_image\" \/>\n<script type=\"application\/ld+json\" class=\"yoast-schema-graph\">{\"@context\":\"https:\/\/schema.org\",\"@graph\":[{\"@type\":\"WebPage\",\"@id\":\"https:\/\/thuymo.azdigi.shop\/index.php\/product\/bong-tai-di-bien\/\",\"url\":\"https:\/\/thuymo.azdigi.shop\/index.php\/product\/bong-tai-di-bien\/\",\"name\":\"B\u00f4ng tai \u0111i bi\u1ec3n - Girl Power\",\"isPartOf\":{\"@id\":\"https:\/\/thuymo.azdigi.shop\/#website\"},\"primaryImageOfPage\":{\"@id\":\"https:\/\/thuymo.azdigi.shop\/index.php\/product\/bong-tai-di-bien\/#primaryimage\"},\"image\":{\"@id\":\"https:\/\/thuymo.azdigi.shop\/index.php\/product\/bong-tai-di-bien\/#primaryimage\"},\"thumbnailUrl\":\"https:\/\/thuymo.azdigi.shop\/wp-content\/uploads\/2026\/04\/21557fc66ea32dd834de5addc85c598c.jpg\",\"datePublished\":\"2026-04-13T09:26:53+00:00\",\"dateModified\":\"2026-04-22T22:50:43+00:00\",\"breadcrumb\":{\"@id\":\"https:\/\/thuymo.azdigi.shop\/index.php\/product\/bong-tai-di-bien\/#breadcrumb\"},\"inLanguage\":\"vi\",\"potentialAction\":[{\"@type\":\"ReadAction\",\"target\":[\"https:\/\/thuymo.azdigi.shop\/index.php\/product\/bong-tai-di-bien\/\"]}]},{\"@type\":\"ImageObject\",\"inLanguage\":\"vi\",\"@id\":\"https:\/\/thuymo.azdigi.shop\/index.php\/product\/bong-tai-di-bien\/#primaryimage\",\"url\":\"https:\/\/thuymo.azdigi.shop\/wp-content\/uploads\/2026\/04\/21557fc66ea32dd834de5addc85c598c.jpg\",\"contentUrl\":\"https:\/\/thuymo.azdigi.shop\/wp-content\/uploads\/2026\/04\/21557fc66ea32dd834de5addc85c598c.jpg\",\"width\":1200,\"height\":1598},{\"@type\":\"BreadcrumbList\",\"@id\":\"https:\/\/thuymo.azdigi.shop\/index.php\/product\/bong-tai-di-bien\/#breadcrumb\",\"itemListElement\":[{\"@type\":\"ListItem\",\"position\":1,\"name\":\"Trang ch\u1ee7\",\"item\":\"https:\/\/thuymo.azdigi.shop\/\"},{\"@type\":\"ListItem\",\"position\":2,\"name\":\"Shop\",\"item\":\"https:\/\/thuymo.azdigi.shop\/index.php\/shop\/\"},{\"@type\":\"ListItem\",\"position\":3,\"name\":\"B\u00f4ng tai \u0111i bi\u1ec3n\"}]},{\"@type\":\"WebSite\",\"@id\":\"https:\/\/thuymo.azdigi.shop\/#website\",\"url\":\"https:\/\/thuymo.azdigi.shop\/\",\"name\":\"Girl Power\",\"description\":\"N\u1eafng v\u00e0ng, gi\u00f3 nh\u1eb9 v\u00e0 nh\u1eefng m\u00f3n ph\u1ee5 ki\u1ec7n xinh x\u1eafn s\u1ebd khi\u1ebfn m\u1ed7i kho\u1ea3nh kh\u1eafc b\u00ean bi\u1ec3n c\u1ee7a n\u00e0ng tr\u1edf n\u00ean l\u00e3ng m\u1ea1n h\u01a1n bao gi\u1edd h\u1ebft v\u00e0 \u0111i\u1ec1u \u0111\u00f3 k\u1ec3 m\u1ed9t c\u00e2u chuy\u1ec7n m\u00f9a h\u00e8 \u0111\u1ea7y m\u00ea ho\u1eb7c \ud83c\udf0a\u2728\",\"potentialAction\":[{\"@type\":\"SearchAction\",\"target\":{\"@type\":\"EntryPoint\",\"urlTemplate\":\"https:\/\/thuymo.azdigi.shop\/?s={search_term_string}\"},\"query-input\":{\"@type\":\"PropertyValueSpecification\",\"valueRequired\":true,\"valueName\":\"search_term_string\"}}],\"inLanguage\":\"vi\"}]}<\/script>\n<!-- \/ Yoast SEO plugin. -->","yoast_head_json":{"title":"B\u00f4ng tai \u0111i bi\u1ec3n - Girl Power","robots":{"index":"index","follow":"follow","max-snippet":"max-snippet:-1","max-image-preview":"max-image-preview:large","max-video-preview":"max-video-preview:-1"},"canonical":"https:\/\/thuymo.azdigi.shop\/index.php\/product\/bong-tai-di-bien\/","og_locale":"vi_VN","og_type":"article","og_title":"B\u00f4ng tai \u0111i bi\u1ec3n - Girl Power","og_description":"\ud83d\udc1a OCEAN WHISPERS: L\u1edcI TH\u00cc TH\u1ea6M T\u1eea \u0110\u1ea0I D\u01af\u01a0NG \u0110\u00e1nh th\u1ee9c phong c\u00e1ch m\u00f9a h\u00e8 v\u1edbi b\u1ed9 s\u01b0u t\u1eadp ph\u1ee5 ki\u1ec7n \u0111\u00ednh k\u1ebft th\u1ee7 c\u00f4ng m\u1edbi nh\u1ea5t. M\u1ed7i thi\u1ebft k\u1ebf l\u00e0 s\u1ef1 h\u00f2a quy\u1ec7n gi\u1eefa n\u00e9t th\u00f4 m\u1ed9c c\u1ee7a v\u1ecf s\u00f2 t\u1ef1 nhi\u00ean v\u00e0 s\u1ef1 l\u1ea5p l\u00e1nh c\u1ee7a ng\u1ecdc trai, pha l\u00ea.","og_url":"https:\/\/thuymo.azdigi.shop\/index.php\/product\/bong-tai-di-bien\/","og_site_name":"Girl Power","article_modified_time":"2026-04-22T22:50:43+00:00","og_image":[{"width":1200,"height":1598,"url":"https:\/\/thuymo.azdigi.shop\/wp-content\/uploads\/2026\/04\/21557fc66ea32dd834de5addc85c598c.jpg","type":"image\/jpeg"}],"twitter_card":"summary_large_image","schema":{"@context":"https:\/\/schema.org","@graph":[{"@type":"WebPage","@id":"https:\/\/thuymo.azdigi.shop\/index.php\/product\/bong-tai-di-bien\/","url":"https:\/\/thuymo.azdigi.shop\/index.php\/product\/bong-tai-di-bien\/","name":"B\u00f4ng tai \u0111i bi\u1ec3n - Girl Power","isPartOf":{"@id":"https:\/\/thuymo.azdigi.shop\/#website"},"primaryImageOfPage":{"@id":"https:\/\/thuymo.azdigi.shop\/index.php\/product\/bong-tai-di-bien\/#primaryimage"},"image":{"@id":"https:\/\/thuymo.azdigi.shop\/index.php\/product\/bong-tai-di-bien\/#primaryimage"},"thumbnailUrl":"https:\/\/thuymo.azdigi.shop\/wp-content\/uploads\/2026\/04\/21557fc66ea32dd834de5addc85c598c.jpg","datePublished":"2026-04-13T09:26:53+00:00","dateModified":"2026-04-22T22:50:43+00:00","breadcrumb":{"@id":"https:\/\/thuymo.azdigi.shop\/index.php\/product\/bong-tai-di-bien\/#breadcrumb"},"inLanguage":"vi","potentialAction":[{"@type":"ReadAction","target":["https:\/\/thuymo.azdigi.shop\/index.php\/product\/bong-tai-di-bien\/"]}]},{"@type":"ImageObject","inLanguage":"vi","@id":"https:\/\/thuymo.azdigi.shop\/index.php\/product\/bong-tai-di-bien\/#primaryimage","url":"https:\/\/thuymo.azdigi.shop\/wp-content\/uploads\/2026\/04\/21557fc66ea32dd834de5addc85c598c.jpg","contentUrl":"https:\/\/thuymo.azdigi.shop\/wp-content\/uploads\/2026\/04\/21557fc66ea32dd834de5addc85c598c.jpg","width":1200,"height":1598},{"@type":"BreadcrumbList","@id":"https:\/\/thuymo.azdigi.shop\/index.php\/product\/bong-tai-di-bien\/#breadcrumb","itemListElement":[{"@type":"ListItem","position":1,"name":"Trang ch\u1ee7","item":"https:\/\/thuymo.azdigi.shop\/"},{"@type":"ListItem","position":2,"name":"Shop","item":"https:\/\/thuymo.azdigi.shop\/index.php\/shop\/"},{"@type":"ListItem","position":3,"name":"B\u00f4ng tai \u0111i bi\u1ec3n"}]},{"@type":"WebSite","@id":"https:\/\/thuymo.azdigi.shop\/#website","url":"https:\/\/thuymo.azdigi.shop\/","name":"Girl Power","description":"N\u1eafng v\u00e0ng, gi\u00f3 nh\u1eb9 v\u00e0 nh\u1eefng m\u00f3n ph\u1ee5 ki\u1ec7n xinh x\u1eafn s\u1ebd khi\u1ebfn m\u1ed7i kho\u1ea3nh kh\u1eafc b\u00ean bi\u1ec3n c\u1ee7a n\u00e0ng tr\u1edf n\u00ean l\u00e3ng m\u1ea1n h\u01a1n bao gi\u1edd h\u1ebft v\u00e0 \u0111i\u1ec1u \u0111\u00f3 k\u1ec3 m\u1ed9t c\u00e2u chuy\u1ec7n m\u00f9a h\u00e8 \u0111\u1ea7y m\u00ea ho\u1eb7c \ud83c\udf0a\u2728","potentialAction":[{"@type":"SearchAction","target":{"@type":"EntryPoint","urlTemplate":"https:\/\/thuymo.azdigi.shop\/?s={search_term_string}"},"query-input":{"@type":"PropertyValueSpecification","valueRequired":true,"valueName":"search_term_string"}}],"inLanguage":"vi"}]}},"jetpack_sharing_enabled":true,"_links":{"self":[{"href":"https:\/\/thuymo.azdigi.shop\/index.php\/wp-json\/wp\/v2\/product\/361","targetHints":{"allow":["GET"]}}],"collection":[{"href":"https:\/\/thuymo.azdigi.shop\/index.php\/wp-json\/wp\/v2\/product"}],"about":[{"href":"https:\/\/thuymo.azdigi.shop\/index.php\/wp-json\/wp\/v2\/types\/product"}],"replies":[{"embeddable":true,"href":"https:\/\/thuymo.azdigi.shop\/index.php\/wp-json\/wp\/v2\/comments?post=361"}],"wp:featuredmedia":[{"embeddable":true,"href":"https:\/\/thuymo.azdigi.shop\/index.php\/wp-json\/wp\/v2\/media\/367"}],"wp:attachment":[{"href":"https:\/\/thuymo.azdigi.shop\/index.php\/wp-json\/wp\/v2\/media?parent=361"}],"wp:term":[{"taxonomy":"product_brand","embeddable":true,"href":"https:\/\/thuymo.azdigi.shop\/index.php\/wp-json\/wp\/v2\/product_brand?post=361"},{"taxonomy":"product_cat","embeddable":true,"href":"https:\/\/thuymo.azdigi.shop\/index.php\/wp-json\/wp\/v2\/product_cat?post=361"},{"taxonomy":"product_tag","embeddable":true,"href":"https:\/\/thuymo.azdigi.shop\/index.php\/wp-json\/wp\/v2\/product_tag?post=361"}],"curies":[{"name":"wp","href":"https:\/\/api.w.org\/{rel}","templated":true}]}}