{"id":352,"date":"2026-04-13T08:57:26","date_gmt":"2026-04-13T08:57:26","guid":{"rendered":"https:\/\/thuymo.azdigi.shop\/?post_type=product&#038;p=352"},"modified":"2026-04-20T20:22:22","modified_gmt":"2026-04-20T20:22:22","slug":"vong-tay-chuoi-ocean","status":"publish","type":"product","link":"https:\/\/thuymo.azdigi.shop\/index.php\/product\/vong-tay-chuoi-ocean\/","title":{"rendered":"V\u00f2ng tay chu\u1ed7i ocean"},"content":{"rendered":"","protected":false},"excerpt":{"rendered":"","protected":false},"featured_media":360,"comment_status":"open","ping_status":"closed","template":"","meta":[],"product_brand":[],"product_cat":[48],"product_tag":[],"class_list":{"0":"post-352","1":"product","2":"type-product","3":"status-publish","4":"has-post-thumbnail","6":"product_cat-vong-tay","8":"first","9":"instock","10":"shipping-taxable","11":"purchasable","12":"product-type-variable"},"yoast_head":"<!-- This site is optimized with the Yoast SEO plugin v27.2 - https:\/\/yoast.com\/product\/yoast-seo-wordpress\/ -->\n<title>V\u00f2ng tay chu\u1ed7i ocean - Girl Power<\/title>\n<meta name=\"robots\" content=\"index, follow, max-snippet:-1, max-image-preview:large, max-video-preview:-1\" \/>\n<link rel=\"canonical\" href=\"https:\/\/thuymo.azdigi.shop\/index.php\/product\/vong-tay-chuoi-ocean\/\" \/>\n<meta property=\"og:locale\" content=\"vi_VN\" \/>\n<meta property=\"og:type\" content=\"article\" \/>\n<meta property=\"og:title\" content=\"V\u00f2ng tay chu\u1ed7i ocean - Girl Power\" \/>\n<meta property=\"og:url\" content=\"https:\/\/thuymo.azdigi.shop\/index.php\/product\/vong-tay-chuoi-ocean\/\" \/>\n<meta property=\"og:site_name\" content=\"Girl Power\" \/>\n<meta property=\"article:modified_time\" content=\"2026-04-20T20:22:22+00:00\" \/>\n<meta property=\"og:image\" content=\"https:\/\/thuymo.azdigi.shop\/wp-content\/uploads\/2026\/04\/a0d7554094c81a6467fc7cec7b1b2474.jpg\" \/>\n\t<meta property=\"og:image:width\" content=\"736\" \/>\n\t<meta property=\"og:image:height\" content=\"736\" \/>\n\t<meta property=\"og:image:type\" content=\"image\/jpeg\" \/>\n<meta name=\"twitter:card\" content=\"summary_large_image\" \/>\n<script type=\"application\/ld+json\" class=\"yoast-schema-graph\">{\"@context\":\"https:\/\/schema.org\",\"@graph\":[{\"@type\":\"WebPage\",\"@id\":\"https:\/\/thuymo.azdigi.shop\/index.php\/product\/vong-tay-chuoi-ocean\/\",\"url\":\"https:\/\/thuymo.azdigi.shop\/index.php\/product\/vong-tay-chuoi-ocean\/\",\"name\":\"V\u00f2ng tay chu\u1ed7i ocean - Girl Power\",\"isPartOf\":{\"@id\":\"https:\/\/thuymo.azdigi.shop\/#website\"},\"primaryImageOfPage\":{\"@id\":\"https:\/\/thuymo.azdigi.shop\/index.php\/product\/vong-tay-chuoi-ocean\/#primaryimage\"},\"image\":{\"@id\":\"https:\/\/thuymo.azdigi.shop\/index.php\/product\/vong-tay-chuoi-ocean\/#primaryimage\"},\"thumbnailUrl\":\"https:\/\/thuymo.azdigi.shop\/wp-content\/uploads\/2026\/04\/a0d7554094c81a6467fc7cec7b1b2474.jpg\",\"datePublished\":\"2026-04-13T08:57:26+00:00\",\"dateModified\":\"2026-04-20T20:22:22+00:00\",\"breadcrumb\":{\"@id\":\"https:\/\/thuymo.azdigi.shop\/index.php\/product\/vong-tay-chuoi-ocean\/#breadcrumb\"},\"inLanguage\":\"vi\",\"potentialAction\":[{\"@type\":\"ReadAction\",\"target\":[\"https:\/\/thuymo.azdigi.shop\/index.php\/product\/vong-tay-chuoi-ocean\/\"]}]},{\"@type\":\"ImageObject\",\"inLanguage\":\"vi\",\"@id\":\"https:\/\/thuymo.azdigi.shop\/index.php\/product\/vong-tay-chuoi-ocean\/#primaryimage\",\"url\":\"https:\/\/thuymo.azdigi.shop\/wp-content\/uploads\/2026\/04\/a0d7554094c81a6467fc7cec7b1b2474.jpg\",\"contentUrl\":\"https:\/\/thuymo.azdigi.shop\/wp-content\/uploads\/2026\/04\/a0d7554094c81a6467fc7cec7b1b2474.jpg\",\"width\":736,\"height\":736},{\"@type\":\"BreadcrumbList\",\"@id\":\"https:\/\/thuymo.azdigi.shop\/index.php\/product\/vong-tay-chuoi-ocean\/#breadcrumb\",\"itemListElement\":[{\"@type\":\"ListItem\",\"position\":1,\"name\":\"Trang ch\u1ee7\",\"item\":\"https:\/\/thuymo.azdigi.shop\/\"},{\"@type\":\"ListItem\",\"position\":2,\"name\":\"Shop\",\"item\":\"https:\/\/thuymo.azdigi.shop\/index.php\/shop\/\"},{\"@type\":\"ListItem\",\"position\":3,\"name\":\"V\u00f2ng tay chu\u1ed7i ocean\"}]},{\"@type\":\"WebSite\",\"@id\":\"https:\/\/thuymo.azdigi.shop\/#website\",\"url\":\"https:\/\/thuymo.azdigi.shop\/\",\"name\":\"Girl Power\",\"description\":\"N\u1eafng v\u00e0ng, gi\u00f3 nh\u1eb9 v\u00e0 nh\u1eefng m\u00f3n ph\u1ee5 ki\u1ec7n xinh x\u1eafn s\u1ebd khi\u1ebfn m\u1ed7i kho\u1ea3nh kh\u1eafc b\u00ean bi\u1ec3n c\u1ee7a n\u00e0ng tr\u1edf n\u00ean l\u00e3ng m\u1ea1n h\u01a1n bao gi\u1edd h\u1ebft v\u00e0 \u0111i\u1ec1u \u0111\u00f3 k\u1ec3 m\u1ed9t c\u00e2u chuy\u1ec7n m\u00f9a h\u00e8 \u0111\u1ea7y m\u00ea ho\u1eb7c \ud83c\udf0a\u2728\",\"potentialAction\":[{\"@type\":\"SearchAction\",\"target\":{\"@type\":\"EntryPoint\",\"urlTemplate\":\"https:\/\/thuymo.azdigi.shop\/?s={search_term_string}\"},\"query-input\":{\"@type\":\"PropertyValueSpecification\",\"valueRequired\":true,\"valueName\":\"search_term_string\"}}],\"inLanguage\":\"vi\"}]}<\/script>\n<!-- \/ Yoast SEO plugin. -->","yoast_head_json":{"title":"V\u00f2ng tay chu\u1ed7i ocean - Girl Power","robots":{"index":"index","follow":"follow","max-snippet":"max-snippet:-1","max-image-preview":"max-image-preview:large","max-video-preview":"max-video-preview:-1"},"canonical":"https:\/\/thuymo.azdigi.shop\/index.php\/product\/vong-tay-chuoi-ocean\/","og_locale":"vi_VN","og_type":"article","og_title":"V\u00f2ng tay chu\u1ed7i ocean - Girl Power","og_url":"https:\/\/thuymo.azdigi.shop\/index.php\/product\/vong-tay-chuoi-ocean\/","og_site_name":"Girl Power","article_modified_time":"2026-04-20T20:22:22+00:00","og_image":[{"width":736,"height":736,"url":"https:\/\/thuymo.azdigi.shop\/wp-content\/uploads\/2026\/04\/a0d7554094c81a6467fc7cec7b1b2474.jpg","type":"image\/jpeg"}],"twitter_card":"summary_large_image","schema":{"@context":"https:\/\/schema.org","@graph":[{"@type":"WebPage","@id":"https:\/\/thuymo.azdigi.shop\/index.php\/product\/vong-tay-chuoi-ocean\/","url":"https:\/\/thuymo.azdigi.shop\/index.php\/product\/vong-tay-chuoi-ocean\/","name":"V\u00f2ng tay chu\u1ed7i ocean - Girl Power","isPartOf":{"@id":"https:\/\/thuymo.azdigi.shop\/#website"},"primaryImageOfPage":{"@id":"https:\/\/thuymo.azdigi.shop\/index.php\/product\/vong-tay-chuoi-ocean\/#primaryimage"},"image":{"@id":"https:\/\/thuymo.azdigi.shop\/index.php\/product\/vong-tay-chuoi-ocean\/#primaryimage"},"thumbnailUrl":"https:\/\/thuymo.azdigi.shop\/wp-content\/uploads\/2026\/04\/a0d7554094c81a6467fc7cec7b1b2474.jpg","datePublished":"2026-04-13T08:57:26+00:00","dateModified":"2026-04-20T20:22:22+00:00","breadcrumb":{"@id":"https:\/\/thuymo.azdigi.shop\/index.php\/product\/vong-tay-chuoi-ocean\/#breadcrumb"},"inLanguage":"vi","potentialAction":[{"@type":"ReadAction","target":["https:\/\/thuymo.azdigi.shop\/index.php\/product\/vong-tay-chuoi-ocean\/"]}]},{"@type":"ImageObject","inLanguage":"vi","@id":"https:\/\/thuymo.azdigi.shop\/index.php\/product\/vong-tay-chuoi-ocean\/#primaryimage","url":"https:\/\/thuymo.azdigi.shop\/wp-content\/uploads\/2026\/04\/a0d7554094c81a6467fc7cec7b1b2474.jpg","contentUrl":"https:\/\/thuymo.azdigi.shop\/wp-content\/uploads\/2026\/04\/a0d7554094c81a6467fc7cec7b1b2474.jpg","width":736,"height":736},{"@type":"BreadcrumbList","@id":"https:\/\/thuymo.azdigi.shop\/index.php\/product\/vong-tay-chuoi-ocean\/#breadcrumb","itemListElement":[{"@type":"ListItem","position":1,"name":"Trang ch\u1ee7","item":"https:\/\/thuymo.azdigi.shop\/"},{"@type":"ListItem","position":2,"name":"Shop","item":"https:\/\/thuymo.azdigi.shop\/index.php\/shop\/"},{"@type":"ListItem","position":3,"name":"V\u00f2ng tay chu\u1ed7i ocean"}]},{"@type":"WebSite","@id":"https:\/\/thuymo.azdigi.shop\/#website","url":"https:\/\/thuymo.azdigi.shop\/","name":"Girl Power","description":"N\u1eafng v\u00e0ng, gi\u00f3 nh\u1eb9 v\u00e0 nh\u1eefng m\u00f3n ph\u1ee5 ki\u1ec7n xinh x\u1eafn s\u1ebd khi\u1ebfn m\u1ed7i kho\u1ea3nh kh\u1eafc b\u00ean bi\u1ec3n c\u1ee7a n\u00e0ng tr\u1edf n\u00ean l\u00e3ng m\u1ea1n h\u01a1n bao gi\u1edd h\u1ebft v\u00e0 \u0111i\u1ec1u \u0111\u00f3 k\u1ec3 m\u1ed9t c\u00e2u chuy\u1ec7n m\u00f9a h\u00e8 \u0111\u1ea7y m\u00ea ho\u1eb7c \ud83c\udf0a\u2728","potentialAction":[{"@type":"SearchAction","target":{"@type":"EntryPoint","urlTemplate":"https:\/\/thuymo.azdigi.shop\/?s={search_term_string}"},"query-input":{"@type":"PropertyValueSpecification","valueRequired":true,"valueName":"search_term_string"}}],"inLanguage":"vi"}]}},"jetpack_sharing_enabled":true,"_links":{"self":[{"href":"https:\/\/thuymo.azdigi.shop\/index.php\/wp-json\/wp\/v2\/product\/352","targetHints":{"allow":["GET"]}}],"collection":[{"href":"https:\/\/thuymo.azdigi.shop\/index.php\/wp-json\/wp\/v2\/product"}],"about":[{"href":"https:\/\/thuymo.azdigi.shop\/index.php\/wp-json\/wp\/v2\/types\/product"}],"replies":[{"embeddable":true,"href":"https:\/\/thuymo.azdigi.shop\/index.php\/wp-json\/wp\/v2\/comments?post=352"}],"wp:featuredmedia":[{"embeddable":true,"href":"https:\/\/thuymo.azdigi.shop\/index.php\/wp-json\/wp\/v2\/media\/360"}],"wp:attachment":[{"href":"https:\/\/thuymo.azdigi.shop\/index.php\/wp-json\/wp\/v2\/media?parent=352"}],"wp:term":[{"taxonomy":"product_brand","embeddable":true,"href":"https:\/\/thuymo.azdigi.shop\/index.php\/wp-json\/wp\/v2\/product_brand?post=352"},{"taxonomy":"product_cat","embeddable":true,"href":"https:\/\/thuymo.azdigi.shop\/index.php\/wp-json\/wp\/v2\/product_cat?post=352"},{"taxonomy":"product_tag","embeddable":true,"href":"https:\/\/thuymo.azdigi.shop\/index.php\/wp-json\/wp\/v2\/product_tag?post=352"}],"curies":[{"name":"wp","href":"https:\/\/api.w.org\/{rel}","templated":true}]}}