{"id":333,"date":"2026-04-12T15:23:20","date_gmt":"2026-04-12T15:23:20","guid":{"rendered":"https:\/\/thuymo.azdigi.shop\/?post_type=product&#038;p=333"},"modified":"2026-04-21T20:52:21","modified_gmt":"2026-04-21T20:52:21","slug":"vong-eo-charm-phong-cach","status":"publish","type":"product","link":"https:\/\/thuymo.azdigi.shop\/index.php\/product\/vong-eo-charm-phong-cach\/","title":{"rendered":"V\u00f2ng eo charm phong c\u00e1ch"},"content":{"rendered":"<p>Ch\u00e0o \u0111\u00f3n m\u00f9a m\u1edbi v\u1edbi nh\u1eefng m\u00f3n ph\u1ee5 ki\u1ec7n mang \u0111\u1eadm tinh th\u1ea7n Y2K &amp; Coquette Aesthetic. B\u1ed9 s\u01b0u t\u1eadp l\u1ea7n n\u00e0y l\u00e0 s\u1ef1 k\u1ebft h\u1ee3p tinh t\u1ebf gi\u1eefa ch\u1ea5t li\u1ec7u b\u1ea1c s\u00e1ng b\u00f3ng, nh\u1eefng vi\u00ean pha l\u00ea b\u1eaft s\u00e1ng v\u00e0 c\u00e1c h\u00ecnh t\u01b0\u1ee3ng bi\u1ec3u t\u01b0\u1ee3ng nh\u01b0 c\u00e1nh b\u01b0\u1edbm m\u1ed9ng m\u01a1.<\/p>\n","protected":false},"excerpt":{"rendered":"<p>Ch\u00e0o \u0111\u00f3n m\u00f9a m\u1edbi v\u1edbi nh\u1eefng m\u00f3n ph\u1ee5 ki\u1ec7n mang \u0111\u1eadm tinh th\u1ea7n Y2K &amp; Coquette Aesthetic. B\u1ed9 s\u01b0u t\u1eadp l\u1ea7n n\u00e0y l\u00e0 s\u1ef1 k\u1ebft h\u1ee3p tinh t\u1ebf gi\u1eefa ch\u1ea5t li\u1ec7u b\u1ea1c s\u00e1ng b\u00f3ng, nh\u1eefng vi\u00ean pha l\u00ea b\u1eaft s\u00e1ng v\u00e0 c\u00e1c h\u00ecnh t\u01b0\u1ee3ng bi\u1ec3u t\u01b0\u1ee3ng nh\u01b0 c\u00e1nh b\u01b0\u1edbm m\u1ed9ng m\u01a1.<\/p>\n","protected":false},"featured_media":339,"comment_status":"open","ping_status":"closed","template":"","meta":[],"product_brand":[],"product_cat":[16,77],"product_tag":[],"class_list":{"0":"post-333","1":"product","2":"type-product","3":"status-publish","4":"has-post-thumbnail","6":"product_cat-uncategorized","7":"product_cat-vong-eo","9":"first","10":"instock","11":"shipping-taxable","12":"purchasable","13":"product-type-variable"},"yoast_head":"<!-- This site is optimized with the Yoast SEO plugin v27.2 - https:\/\/yoast.com\/product\/yoast-seo-wordpress\/ -->\n<title>V\u00f2ng eo charm phong c\u00e1ch - Girl Power<\/title>\n<meta name=\"robots\" content=\"index, follow, max-snippet:-1, max-image-preview:large, max-video-preview:-1\" \/>\n<link rel=\"canonical\" href=\"https:\/\/thuymo.azdigi.shop\/index.php\/product\/vong-eo-charm-phong-cach\/\" \/>\n<meta property=\"og:locale\" content=\"vi_VN\" \/>\n<meta property=\"og:type\" content=\"article\" \/>\n<meta property=\"og:title\" content=\"V\u00f2ng eo charm phong c\u00e1ch - Girl Power\" \/>\n<meta property=\"og:description\" content=\"Ch\u00e0o \u0111\u00f3n m\u00f9a m\u1edbi v\u1edbi nh\u1eefng m\u00f3n ph\u1ee5 ki\u1ec7n mang \u0111\u1eadm tinh th\u1ea7n Y2K &amp; Coquette Aesthetic. B\u1ed9 s\u01b0u t\u1eadp l\u1ea7n n\u00e0y l\u00e0 s\u1ef1 k\u1ebft h\u1ee3p tinh t\u1ebf gi\u1eefa ch\u1ea5t li\u1ec7u b\u1ea1c s\u00e1ng b\u00f3ng, nh\u1eefng vi\u00ean pha l\u00ea b\u1eaft s\u00e1ng v\u00e0 c\u00e1c h\u00ecnh t\u01b0\u1ee3ng bi\u1ec3u t\u01b0\u1ee3ng nh\u01b0 c\u00e1nh b\u01b0\u1edbm m\u1ed9ng m\u01a1.\" \/>\n<meta property=\"og:url\" content=\"https:\/\/thuymo.azdigi.shop\/index.php\/product\/vong-eo-charm-phong-cach\/\" \/>\n<meta property=\"og:site_name\" content=\"Girl Power\" \/>\n<meta property=\"article:modified_time\" content=\"2026-04-21T20:52:21+00:00\" \/>\n<meta property=\"og:image\" content=\"https:\/\/thuymo.azdigi.shop\/wp-content\/uploads\/2026\/04\/02659f0c98f169df50376bedd8f0af97.jpg\" \/>\n\t<meta property=\"og:image:width\" content=\"736\" \/>\n\t<meta property=\"og:image:height\" content=\"1308\" \/>\n\t<meta property=\"og:image:type\" content=\"image\/jpeg\" \/>\n<meta name=\"twitter:card\" content=\"summary_large_image\" \/>\n<script type=\"application\/ld+json\" class=\"yoast-schema-graph\">{\"@context\":\"https:\/\/schema.org\",\"@graph\":[{\"@type\":\"WebPage\",\"@id\":\"https:\/\/thuymo.azdigi.shop\/index.php\/product\/vong-eo-charm-phong-cach\/\",\"url\":\"https:\/\/thuymo.azdigi.shop\/index.php\/product\/vong-eo-charm-phong-cach\/\",\"name\":\"V\u00f2ng eo charm phong c\u00e1ch - Girl Power\",\"isPartOf\":{\"@id\":\"https:\/\/thuymo.azdigi.shop\/#website\"},\"primaryImageOfPage\":{\"@id\":\"https:\/\/thuymo.azdigi.shop\/index.php\/product\/vong-eo-charm-phong-cach\/#primaryimage\"},\"image\":{\"@id\":\"https:\/\/thuymo.azdigi.shop\/index.php\/product\/vong-eo-charm-phong-cach\/#primaryimage\"},\"thumbnailUrl\":\"https:\/\/thuymo.azdigi.shop\/wp-content\/uploads\/2026\/04\/02659f0c98f169df50376bedd8f0af97.jpg\",\"datePublished\":\"2026-04-12T15:23:20+00:00\",\"dateModified\":\"2026-04-21T20:52:21+00:00\",\"breadcrumb\":{\"@id\":\"https:\/\/thuymo.azdigi.shop\/index.php\/product\/vong-eo-charm-phong-cach\/#breadcrumb\"},\"inLanguage\":\"vi\",\"potentialAction\":[{\"@type\":\"ReadAction\",\"target\":[\"https:\/\/thuymo.azdigi.shop\/index.php\/product\/vong-eo-charm-phong-cach\/\"]}]},{\"@type\":\"ImageObject\",\"inLanguage\":\"vi\",\"@id\":\"https:\/\/thuymo.azdigi.shop\/index.php\/product\/vong-eo-charm-phong-cach\/#primaryimage\",\"url\":\"https:\/\/thuymo.azdigi.shop\/wp-content\/uploads\/2026\/04\/02659f0c98f169df50376bedd8f0af97.jpg\",\"contentUrl\":\"https:\/\/thuymo.azdigi.shop\/wp-content\/uploads\/2026\/04\/02659f0c98f169df50376bedd8f0af97.jpg\",\"width\":736,\"height\":1308},{\"@type\":\"BreadcrumbList\",\"@id\":\"https:\/\/thuymo.azdigi.shop\/index.php\/product\/vong-eo-charm-phong-cach\/#breadcrumb\",\"itemListElement\":[{\"@type\":\"ListItem\",\"position\":1,\"name\":\"Trang ch\u1ee7\",\"item\":\"https:\/\/thuymo.azdigi.shop\/\"},{\"@type\":\"ListItem\",\"position\":2,\"name\":\"Shop\",\"item\":\"https:\/\/thuymo.azdigi.shop\/index.php\/shop\/\"},{\"@type\":\"ListItem\",\"position\":3,\"name\":\"V\u00f2ng eo charm phong c\u00e1ch\"}]},{\"@type\":\"WebSite\",\"@id\":\"https:\/\/thuymo.azdigi.shop\/#website\",\"url\":\"https:\/\/thuymo.azdigi.shop\/\",\"name\":\"Girl Power\",\"description\":\"N\u1eafng v\u00e0ng, gi\u00f3 nh\u1eb9 v\u00e0 nh\u1eefng m\u00f3n ph\u1ee5 ki\u1ec7n xinh x\u1eafn s\u1ebd khi\u1ebfn m\u1ed7i kho\u1ea3nh kh\u1eafc b\u00ean bi\u1ec3n c\u1ee7a n\u00e0ng tr\u1edf n\u00ean l\u00e3ng m\u1ea1n h\u01a1n bao gi\u1edd h\u1ebft v\u00e0 \u0111i\u1ec1u \u0111\u00f3 k\u1ec3 m\u1ed9t c\u00e2u chuy\u1ec7n m\u00f9a h\u00e8 \u0111\u1ea7y m\u00ea ho\u1eb7c \ud83c\udf0a\u2728\",\"potentialAction\":[{\"@type\":\"SearchAction\",\"target\":{\"@type\":\"EntryPoint\",\"urlTemplate\":\"https:\/\/thuymo.azdigi.shop\/?s={search_term_string}\"},\"query-input\":{\"@type\":\"PropertyValueSpecification\",\"valueRequired\":true,\"valueName\":\"search_term_string\"}}],\"inLanguage\":\"vi\"}]}<\/script>\n<!-- \/ Yoast SEO plugin. -->","yoast_head_json":{"title":"V\u00f2ng eo charm phong c\u00e1ch - Girl Power","robots":{"index":"index","follow":"follow","max-snippet":"max-snippet:-1","max-image-preview":"max-image-preview:large","max-video-preview":"max-video-preview:-1"},"canonical":"https:\/\/thuymo.azdigi.shop\/index.php\/product\/vong-eo-charm-phong-cach\/","og_locale":"vi_VN","og_type":"article","og_title":"V\u00f2ng eo charm phong c\u00e1ch - Girl Power","og_description":"Ch\u00e0o \u0111\u00f3n m\u00f9a m\u1edbi v\u1edbi nh\u1eefng m\u00f3n ph\u1ee5 ki\u1ec7n mang \u0111\u1eadm tinh th\u1ea7n Y2K &amp; Coquette Aesthetic. B\u1ed9 s\u01b0u t\u1eadp l\u1ea7n n\u00e0y l\u00e0 s\u1ef1 k\u1ebft h\u1ee3p tinh t\u1ebf gi\u1eefa ch\u1ea5t li\u1ec7u b\u1ea1c s\u00e1ng b\u00f3ng, nh\u1eefng vi\u00ean pha l\u00ea b\u1eaft s\u00e1ng v\u00e0 c\u00e1c h\u00ecnh t\u01b0\u1ee3ng bi\u1ec3u t\u01b0\u1ee3ng nh\u01b0 c\u00e1nh b\u01b0\u1edbm m\u1ed9ng m\u01a1.","og_url":"https:\/\/thuymo.azdigi.shop\/index.php\/product\/vong-eo-charm-phong-cach\/","og_site_name":"Girl Power","article_modified_time":"2026-04-21T20:52:21+00:00","og_image":[{"width":736,"height":1308,"url":"https:\/\/thuymo.azdigi.shop\/wp-content\/uploads\/2026\/04\/02659f0c98f169df50376bedd8f0af97.jpg","type":"image\/jpeg"}],"twitter_card":"summary_large_image","schema":{"@context":"https:\/\/schema.org","@graph":[{"@type":"WebPage","@id":"https:\/\/thuymo.azdigi.shop\/index.php\/product\/vong-eo-charm-phong-cach\/","url":"https:\/\/thuymo.azdigi.shop\/index.php\/product\/vong-eo-charm-phong-cach\/","name":"V\u00f2ng eo charm phong c\u00e1ch - Girl Power","isPartOf":{"@id":"https:\/\/thuymo.azdigi.shop\/#website"},"primaryImageOfPage":{"@id":"https:\/\/thuymo.azdigi.shop\/index.php\/product\/vong-eo-charm-phong-cach\/#primaryimage"},"image":{"@id":"https:\/\/thuymo.azdigi.shop\/index.php\/product\/vong-eo-charm-phong-cach\/#primaryimage"},"thumbnailUrl":"https:\/\/thuymo.azdigi.shop\/wp-content\/uploads\/2026\/04\/02659f0c98f169df50376bedd8f0af97.jpg","datePublished":"2026-04-12T15:23:20+00:00","dateModified":"2026-04-21T20:52:21+00:00","breadcrumb":{"@id":"https:\/\/thuymo.azdigi.shop\/index.php\/product\/vong-eo-charm-phong-cach\/#breadcrumb"},"inLanguage":"vi","potentialAction":[{"@type":"ReadAction","target":["https:\/\/thuymo.azdigi.shop\/index.php\/product\/vong-eo-charm-phong-cach\/"]}]},{"@type":"ImageObject","inLanguage":"vi","@id":"https:\/\/thuymo.azdigi.shop\/index.php\/product\/vong-eo-charm-phong-cach\/#primaryimage","url":"https:\/\/thuymo.azdigi.shop\/wp-content\/uploads\/2026\/04\/02659f0c98f169df50376bedd8f0af97.jpg","contentUrl":"https:\/\/thuymo.azdigi.shop\/wp-content\/uploads\/2026\/04\/02659f0c98f169df50376bedd8f0af97.jpg","width":736,"height":1308},{"@type":"BreadcrumbList","@id":"https:\/\/thuymo.azdigi.shop\/index.php\/product\/vong-eo-charm-phong-cach\/#breadcrumb","itemListElement":[{"@type":"ListItem","position":1,"name":"Trang ch\u1ee7","item":"https:\/\/thuymo.azdigi.shop\/"},{"@type":"ListItem","position":2,"name":"Shop","item":"https:\/\/thuymo.azdigi.shop\/index.php\/shop\/"},{"@type":"ListItem","position":3,"name":"V\u00f2ng eo charm phong c\u00e1ch"}]},{"@type":"WebSite","@id":"https:\/\/thuymo.azdigi.shop\/#website","url":"https:\/\/thuymo.azdigi.shop\/","name":"Girl Power","description":"N\u1eafng v\u00e0ng, gi\u00f3 nh\u1eb9 v\u00e0 nh\u1eefng m\u00f3n ph\u1ee5 ki\u1ec7n xinh x\u1eafn s\u1ebd khi\u1ebfn m\u1ed7i kho\u1ea3nh kh\u1eafc b\u00ean bi\u1ec3n c\u1ee7a n\u00e0ng tr\u1edf n\u00ean l\u00e3ng m\u1ea1n h\u01a1n bao gi\u1edd h\u1ebft v\u00e0 \u0111i\u1ec1u \u0111\u00f3 k\u1ec3 m\u1ed9t c\u00e2u chuy\u1ec7n m\u00f9a h\u00e8 \u0111\u1ea7y m\u00ea ho\u1eb7c \ud83c\udf0a\u2728","potentialAction":[{"@type":"SearchAction","target":{"@type":"EntryPoint","urlTemplate":"https:\/\/thuymo.azdigi.shop\/?s={search_term_string}"},"query-input":{"@type":"PropertyValueSpecification","valueRequired":true,"valueName":"search_term_string"}}],"inLanguage":"vi"}]}},"jetpack_sharing_enabled":true,"_links":{"self":[{"href":"https:\/\/thuymo.azdigi.shop\/index.php\/wp-json\/wp\/v2\/product\/333","targetHints":{"allow":["GET"]}}],"collection":[{"href":"https:\/\/thuymo.azdigi.shop\/index.php\/wp-json\/wp\/v2\/product"}],"about":[{"href":"https:\/\/thuymo.azdigi.shop\/index.php\/wp-json\/wp\/v2\/types\/product"}],"replies":[{"embeddable":true,"href":"https:\/\/thuymo.azdigi.shop\/index.php\/wp-json\/wp\/v2\/comments?post=333"}],"wp:featuredmedia":[{"embeddable":true,"href":"https:\/\/thuymo.azdigi.shop\/index.php\/wp-json\/wp\/v2\/media\/339"}],"wp:attachment":[{"href":"https:\/\/thuymo.azdigi.shop\/index.php\/wp-json\/wp\/v2\/media?parent=333"}],"wp:term":[{"taxonomy":"product_brand","embeddable":true,"href":"https:\/\/thuymo.azdigi.shop\/index.php\/wp-json\/wp\/v2\/product_brand?post=333"},{"taxonomy":"product_cat","embeddable":true,"href":"https:\/\/thuymo.azdigi.shop\/index.php\/wp-json\/wp\/v2\/product_cat?post=333"},{"taxonomy":"product_tag","embeddable":true,"href":"https:\/\/thuymo.azdigi.shop\/index.php\/wp-json\/wp\/v2\/product_tag?post=333"}],"curies":[{"name":"wp","href":"https:\/\/api.w.org\/{rel}","templated":true}]}}