{"id":322,"date":"2026-04-12T10:56:45","date_gmt":"2026-04-12T10:56:45","guid":{"rendered":"https:\/\/thuymo.azdigi.shop\/?post_type=product&#038;p=322"},"modified":"2026-04-21T20:52:21","modified_gmt":"2026-04-21T20:52:21","slug":"day-chuyen-handmade","status":"publish","type":"product","link":"https:\/\/thuymo.azdigi.shop\/index.php\/product\/day-chuyen-handmade\/","title":{"rendered":"D\u00e2y chuy\u1ec1n handmade"},"content":{"rendered":"<p>B\u1ed9 s\u01b0u t\u1eadp d\u00e2y chuy\u1ec1n ng\u1ecdc trai m\u1edbi nh\u1ea5t mang \u0111\u1ebfn m\u1ed9t di\u1ec7n m\u1ea1o \u0111\u1ea7y quy\u1ec1n n\u0103ng v\u00e0 ki\u00eau k\u1ef3. V\u1edbi s\u1ef1 k\u1ebft h\u1ee3p gi\u1eefa n\u00e9t c\u1ed5 \u0111i\u1ec3n c\u1ee7a ng\u1ecdc trai v\u00e0 h\u01a1i th\u1edf hi\u1ec7n \u0111\u1ea1i trong thi\u1ebft k\u1ebf layer, \u0111\u00e2y ch\u00ednh l\u00e0 &#8220;n\u00e0ng th\u01a1&#8221; m\u00e0 m\u1ecdi c\u00f4 g\u00e1i \u0111\u1ec1u khao kh\u00e1t s\u1edf h\u1eefu.<\/p>\n","protected":false},"excerpt":{"rendered":"<p>B\u1ed9 s\u01b0u t\u1eadp d\u00e2y chuy\u1ec1n ng\u1ecdc trai m\u1edbi nh\u1ea5t mang \u0111\u1ebfn m\u1ed9t di\u1ec7n m\u1ea1o \u0111\u1ea7y quy\u1ec1n n\u0103ng v\u00e0 ki\u00eau k\u1ef3. V\u1edbi s\u1ef1 k\u1ebft h\u1ee3p gi\u1eefa n\u00e9t c\u1ed5 \u0111i\u1ec3n c\u1ee7a ng\u1ecdc trai v\u00e0 h\u01a1i th\u1edf hi\u1ec7n \u0111\u1ea1i trong thi\u1ebft k\u1ebf layer, \u0111\u00e2y ch\u00ednh l\u00e0 &#8220;n\u00e0ng th\u01a1&#8221; m\u00e0 m\u1ecdi c\u00f4 g\u00e1i \u0111\u1ec1u khao kh\u00e1t s\u1edf h\u1eefu.<\/p>\n","protected":false},"featured_media":323,"comment_status":"open","ping_status":"closed","template":"","meta":[],"product_brand":[],"product_cat":[43],"product_tag":[],"class_list":{"0":"post-322","1":"product","2":"type-product","3":"status-publish","4":"has-post-thumbnail","6":"product_cat-vong-co","8":"first","9":"instock","10":"sale","11":"shipping-taxable","12":"purchasable","13":"product-type-variable"},"yoast_head":"<!-- This site is optimized with the Yoast SEO plugin v27.2 - https:\/\/yoast.com\/product\/yoast-seo-wordpress\/ -->\n<title>D\u00e2y chuy\u1ec1n handmade - Girl Power<\/title>\n<meta name=\"robots\" content=\"index, follow, max-snippet:-1, max-image-preview:large, max-video-preview:-1\" \/>\n<link rel=\"canonical\" href=\"https:\/\/thuymo.azdigi.shop\/index.php\/product\/day-chuyen-handmade\/\" \/>\n<meta property=\"og:locale\" content=\"vi_VN\" \/>\n<meta property=\"og:type\" content=\"article\" \/>\n<meta property=\"og:title\" content=\"D\u00e2y chuy\u1ec1n handmade - Girl Power\" \/>\n<meta property=\"og:description\" content=\"B\u1ed9 s\u01b0u t\u1eadp d\u00e2y chuy\u1ec1n ng\u1ecdc trai m\u1edbi nh\u1ea5t mang \u0111\u1ebfn m\u1ed9t di\u1ec7n m\u1ea1o \u0111\u1ea7y quy\u1ec1n n\u0103ng v\u00e0 ki\u00eau k\u1ef3. V\u1edbi s\u1ef1 k\u1ebft h\u1ee3p gi\u1eefa n\u00e9t c\u1ed5 \u0111i\u1ec3n c\u1ee7a ng\u1ecdc trai v\u00e0 h\u01a1i th\u1edf hi\u1ec7n \u0111\u1ea1i trong thi\u1ebft k\u1ebf layer, \u0111\u00e2y ch\u00ednh l\u00e0 &#8220;n\u00e0ng th\u01a1&#8221; m\u00e0 m\u1ecdi c\u00f4 g\u00e1i \u0111\u1ec1u khao kh\u00e1t s\u1edf h\u1eefu.\" \/>\n<meta property=\"og:url\" content=\"https:\/\/thuymo.azdigi.shop\/index.php\/product\/day-chuyen-handmade\/\" \/>\n<meta property=\"og:site_name\" content=\"Girl Power\" \/>\n<meta property=\"article:modified_time\" content=\"2026-04-21T20:52:21+00:00\" \/>\n<meta property=\"og:image\" content=\"https:\/\/thuymo.azdigi.shop\/wp-content\/uploads\/2026\/04\/9f90f37a82e6733976bf6b45b6ad3f52.jpg\" \/>\n\t<meta property=\"og:image:width\" content=\"800\" \/>\n\t<meta property=\"og:image:height\" content=\"800\" \/>\n\t<meta property=\"og:image:type\" content=\"image\/jpeg\" \/>\n<meta name=\"twitter:card\" content=\"summary_large_image\" \/>\n<script type=\"application\/ld+json\" class=\"yoast-schema-graph\">{\"@context\":\"https:\/\/schema.org\",\"@graph\":[{\"@type\":\"WebPage\",\"@id\":\"https:\/\/thuymo.azdigi.shop\/index.php\/product\/day-chuyen-handmade\/\",\"url\":\"https:\/\/thuymo.azdigi.shop\/index.php\/product\/day-chuyen-handmade\/\",\"name\":\"D\u00e2y chuy\u1ec1n handmade - Girl Power\",\"isPartOf\":{\"@id\":\"https:\/\/thuymo.azdigi.shop\/#website\"},\"primaryImageOfPage\":{\"@id\":\"https:\/\/thuymo.azdigi.shop\/index.php\/product\/day-chuyen-handmade\/#primaryimage\"},\"image\":{\"@id\":\"https:\/\/thuymo.azdigi.shop\/index.php\/product\/day-chuyen-handmade\/#primaryimage\"},\"thumbnailUrl\":\"https:\/\/thuymo.azdigi.shop\/wp-content\/uploads\/2026\/04\/9f90f37a82e6733976bf6b45b6ad3f52.jpg\",\"datePublished\":\"2026-04-12T10:56:45+00:00\",\"dateModified\":\"2026-04-21T20:52:21+00:00\",\"breadcrumb\":{\"@id\":\"https:\/\/thuymo.azdigi.shop\/index.php\/product\/day-chuyen-handmade\/#breadcrumb\"},\"inLanguage\":\"vi\",\"potentialAction\":[{\"@type\":\"ReadAction\",\"target\":[\"https:\/\/thuymo.azdigi.shop\/index.php\/product\/day-chuyen-handmade\/\"]}]},{\"@type\":\"ImageObject\",\"inLanguage\":\"vi\",\"@id\":\"https:\/\/thuymo.azdigi.shop\/index.php\/product\/day-chuyen-handmade\/#primaryimage\",\"url\":\"https:\/\/thuymo.azdigi.shop\/wp-content\/uploads\/2026\/04\/9f90f37a82e6733976bf6b45b6ad3f52.jpg\",\"contentUrl\":\"https:\/\/thuymo.azdigi.shop\/wp-content\/uploads\/2026\/04\/9f90f37a82e6733976bf6b45b6ad3f52.jpg\",\"width\":800,\"height\":800},{\"@type\":\"BreadcrumbList\",\"@id\":\"https:\/\/thuymo.azdigi.shop\/index.php\/product\/day-chuyen-handmade\/#breadcrumb\",\"itemListElement\":[{\"@type\":\"ListItem\",\"position\":1,\"name\":\"Trang ch\u1ee7\",\"item\":\"https:\/\/thuymo.azdigi.shop\/\"},{\"@type\":\"ListItem\",\"position\":2,\"name\":\"Shop\",\"item\":\"https:\/\/thuymo.azdigi.shop\/index.php\/shop\/\"},{\"@type\":\"ListItem\",\"position\":3,\"name\":\"D\u00e2y chuy\u1ec1n handmade\"}]},{\"@type\":\"WebSite\",\"@id\":\"https:\/\/thuymo.azdigi.shop\/#website\",\"url\":\"https:\/\/thuymo.azdigi.shop\/\",\"name\":\"Girl Power\",\"description\":\"N\u1eafng v\u00e0ng, gi\u00f3 nh\u1eb9 v\u00e0 nh\u1eefng m\u00f3n ph\u1ee5 ki\u1ec7n xinh x\u1eafn s\u1ebd khi\u1ebfn m\u1ed7i kho\u1ea3nh kh\u1eafc b\u00ean bi\u1ec3n c\u1ee7a n\u00e0ng tr\u1edf n\u00ean l\u00e3ng m\u1ea1n h\u01a1n bao gi\u1edd h\u1ebft v\u00e0 \u0111i\u1ec1u \u0111\u00f3 k\u1ec3 m\u1ed9t c\u00e2u chuy\u1ec7n m\u00f9a h\u00e8 \u0111\u1ea7y m\u00ea ho\u1eb7c \ud83c\udf0a\u2728\",\"potentialAction\":[{\"@type\":\"SearchAction\",\"target\":{\"@type\":\"EntryPoint\",\"urlTemplate\":\"https:\/\/thuymo.azdigi.shop\/?s={search_term_string}\"},\"query-input\":{\"@type\":\"PropertyValueSpecification\",\"valueRequired\":true,\"valueName\":\"search_term_string\"}}],\"inLanguage\":\"vi\"}]}<\/script>\n<!-- \/ Yoast SEO plugin. -->","yoast_head_json":{"title":"D\u00e2y chuy\u1ec1n handmade - Girl Power","robots":{"index":"index","follow":"follow","max-snippet":"max-snippet:-1","max-image-preview":"max-image-preview:large","max-video-preview":"max-video-preview:-1"},"canonical":"https:\/\/thuymo.azdigi.shop\/index.php\/product\/day-chuyen-handmade\/","og_locale":"vi_VN","og_type":"article","og_title":"D\u00e2y chuy\u1ec1n handmade - Girl Power","og_description":"B\u1ed9 s\u01b0u t\u1eadp d\u00e2y chuy\u1ec1n ng\u1ecdc trai m\u1edbi nh\u1ea5t mang \u0111\u1ebfn m\u1ed9t di\u1ec7n m\u1ea1o \u0111\u1ea7y quy\u1ec1n n\u0103ng v\u00e0 ki\u00eau k\u1ef3. V\u1edbi s\u1ef1 k\u1ebft h\u1ee3p gi\u1eefa n\u00e9t c\u1ed5 \u0111i\u1ec3n c\u1ee7a ng\u1ecdc trai v\u00e0 h\u01a1i th\u1edf hi\u1ec7n \u0111\u1ea1i trong thi\u1ebft k\u1ebf layer, \u0111\u00e2y ch\u00ednh l\u00e0 &#8220;n\u00e0ng th\u01a1&#8221; m\u00e0 m\u1ecdi c\u00f4 g\u00e1i \u0111\u1ec1u khao kh\u00e1t s\u1edf h\u1eefu.","og_url":"https:\/\/thuymo.azdigi.shop\/index.php\/product\/day-chuyen-handmade\/","og_site_name":"Girl Power","article_modified_time":"2026-04-21T20:52:21+00:00","og_image":[{"width":800,"height":800,"url":"https:\/\/thuymo.azdigi.shop\/wp-content\/uploads\/2026\/04\/9f90f37a82e6733976bf6b45b6ad3f52.jpg","type":"image\/jpeg"}],"twitter_card":"summary_large_image","schema":{"@context":"https:\/\/schema.org","@graph":[{"@type":"WebPage","@id":"https:\/\/thuymo.azdigi.shop\/index.php\/product\/day-chuyen-handmade\/","url":"https:\/\/thuymo.azdigi.shop\/index.php\/product\/day-chuyen-handmade\/","name":"D\u00e2y chuy\u1ec1n handmade - Girl Power","isPartOf":{"@id":"https:\/\/thuymo.azdigi.shop\/#website"},"primaryImageOfPage":{"@id":"https:\/\/thuymo.azdigi.shop\/index.php\/product\/day-chuyen-handmade\/#primaryimage"},"image":{"@id":"https:\/\/thuymo.azdigi.shop\/index.php\/product\/day-chuyen-handmade\/#primaryimage"},"thumbnailUrl":"https:\/\/thuymo.azdigi.shop\/wp-content\/uploads\/2026\/04\/9f90f37a82e6733976bf6b45b6ad3f52.jpg","datePublished":"2026-04-12T10:56:45+00:00","dateModified":"2026-04-21T20:52:21+00:00","breadcrumb":{"@id":"https:\/\/thuymo.azdigi.shop\/index.php\/product\/day-chuyen-handmade\/#breadcrumb"},"inLanguage":"vi","potentialAction":[{"@type":"ReadAction","target":["https:\/\/thuymo.azdigi.shop\/index.php\/product\/day-chuyen-handmade\/"]}]},{"@type":"ImageObject","inLanguage":"vi","@id":"https:\/\/thuymo.azdigi.shop\/index.php\/product\/day-chuyen-handmade\/#primaryimage","url":"https:\/\/thuymo.azdigi.shop\/wp-content\/uploads\/2026\/04\/9f90f37a82e6733976bf6b45b6ad3f52.jpg","contentUrl":"https:\/\/thuymo.azdigi.shop\/wp-content\/uploads\/2026\/04\/9f90f37a82e6733976bf6b45b6ad3f52.jpg","width":800,"height":800},{"@type":"BreadcrumbList","@id":"https:\/\/thuymo.azdigi.shop\/index.php\/product\/day-chuyen-handmade\/#breadcrumb","itemListElement":[{"@type":"ListItem","position":1,"name":"Trang ch\u1ee7","item":"https:\/\/thuymo.azdigi.shop\/"},{"@type":"ListItem","position":2,"name":"Shop","item":"https:\/\/thuymo.azdigi.shop\/index.php\/shop\/"},{"@type":"ListItem","position":3,"name":"D\u00e2y chuy\u1ec1n handmade"}]},{"@type":"WebSite","@id":"https:\/\/thuymo.azdigi.shop\/#website","url":"https:\/\/thuymo.azdigi.shop\/","name":"Girl Power","description":"N\u1eafng v\u00e0ng, gi\u00f3 nh\u1eb9 v\u00e0 nh\u1eefng m\u00f3n ph\u1ee5 ki\u1ec7n xinh x\u1eafn s\u1ebd khi\u1ebfn m\u1ed7i kho\u1ea3nh kh\u1eafc b\u00ean bi\u1ec3n c\u1ee7a n\u00e0ng tr\u1edf n\u00ean l\u00e3ng m\u1ea1n h\u01a1n bao gi\u1edd h\u1ebft v\u00e0 \u0111i\u1ec1u \u0111\u00f3 k\u1ec3 m\u1ed9t c\u00e2u chuy\u1ec7n m\u00f9a h\u00e8 \u0111\u1ea7y m\u00ea ho\u1eb7c \ud83c\udf0a\u2728","potentialAction":[{"@type":"SearchAction","target":{"@type":"EntryPoint","urlTemplate":"https:\/\/thuymo.azdigi.shop\/?s={search_term_string}"},"query-input":{"@type":"PropertyValueSpecification","valueRequired":true,"valueName":"search_term_string"}}],"inLanguage":"vi"}]}},"jetpack_sharing_enabled":true,"_links":{"self":[{"href":"https:\/\/thuymo.azdigi.shop\/index.php\/wp-json\/wp\/v2\/product\/322","targetHints":{"allow":["GET"]}}],"collection":[{"href":"https:\/\/thuymo.azdigi.shop\/index.php\/wp-json\/wp\/v2\/product"}],"about":[{"href":"https:\/\/thuymo.azdigi.shop\/index.php\/wp-json\/wp\/v2\/types\/product"}],"replies":[{"embeddable":true,"href":"https:\/\/thuymo.azdigi.shop\/index.php\/wp-json\/wp\/v2\/comments?post=322"}],"wp:featuredmedia":[{"embeddable":true,"href":"https:\/\/thuymo.azdigi.shop\/index.php\/wp-json\/wp\/v2\/media\/323"}],"wp:attachment":[{"href":"https:\/\/thuymo.azdigi.shop\/index.php\/wp-json\/wp\/v2\/media?parent=322"}],"wp:term":[{"taxonomy":"product_brand","embeddable":true,"href":"https:\/\/thuymo.azdigi.shop\/index.php\/wp-json\/wp\/v2\/product_brand?post=322"},{"taxonomy":"product_cat","embeddable":true,"href":"https:\/\/thuymo.azdigi.shop\/index.php\/wp-json\/wp\/v2\/product_cat?post=322"},{"taxonomy":"product_tag","embeddable":true,"href":"https:\/\/thuymo.azdigi.shop\/index.php\/wp-json\/wp\/v2\/product_tag?post=322"}],"curies":[{"name":"wp","href":"https:\/\/api.w.org\/{rel}","templated":true}]}}