{"id":299,"date":"2026-04-12T06:53:27","date_gmt":"2026-04-12T06:53:27","guid":{"rendered":"https:\/\/thuymo.azdigi.shop\/?post_type=product&#038;p=299"},"modified":"2026-04-21T20:52:21","modified_gmt":"2026-04-21T20:52:21","slug":"day-chuyen-co","status":"publish","type":"product","link":"https:\/\/thuymo.azdigi.shop\/index.php\/product\/day-chuyen-co\/","title":{"rendered":"D\u00e2y chuy\u1ec1n c\u1ed5"},"content":{"rendered":"<p>&#8220;S\u1ef1 giao thoa ho\u00e0n h\u1ea3o gi\u1eefa n\u00e9t hi\u1ec7n \u0111\u1ea1i v\u00e0 v\u1ebb \u0111\u1eb9p b\u1ea5t t\u1eadn c\u1ee7a bi\u1ec3n c\u1ea3. Nh\u1eefng l\u1edbp layer l\u1ea5p l\u00e1nh ph\u1ed1i c\u00f9ng charm v\u1ecf s\u00f2, ng\u1ecdc trai baroque t\u1ea1o n\u00ean \u0111i\u1ec3m nh\u1ea5n kh\u00f3 r\u1eddi m\u1eaft, t\u00f4n vinh tr\u1ecdn v\u1eb9n n\u00e9t m\u1ea3nh mai v\u00e0 cu\u1ed1n h\u00fat c\u1ee7a ph\u00e1i \u0111\u1eb9p.&#8221;<\/p>\n","protected":false},"excerpt":{"rendered":"<p>&#8220;S\u1ef1 giao thoa ho\u00e0n h\u1ea3o gi\u1eefa n\u00e9t hi\u1ec7n \u0111\u1ea1i v\u00e0 v\u1ebb \u0111\u1eb9p b\u1ea5t t\u1eadn c\u1ee7a bi\u1ec3n c\u1ea3. Nh\u1eefng l\u1edbp layer l\u1ea5p l\u00e1nh ph\u1ed1i c\u00f9ng charm v\u1ecf s\u00f2, ng\u1ecdc trai baroque t\u1ea1o n\u00ean \u0111i\u1ec3m nh\u1ea5n kh\u00f3 r\u1eddi m\u1eaft, t\u00f4n vinh tr\u1ecdn v\u1eb9n n\u00e9t m\u1ea3nh mai v\u00e0 cu\u1ed1n h\u00fat c\u1ee7a ph\u00e1i \u0111\u1eb9p.&#8221;<\/p>\n","protected":false},"featured_media":305,"comment_status":"open","ping_status":"closed","template":"","meta":[],"product_brand":[],"product_cat":[43],"product_tag":[],"class_list":{"0":"post-299","1":"product","2":"type-product","3":"status-publish","4":"has-post-thumbnail","6":"product_cat-vong-co","8":"first","9":"instock","10":"sale","11":"shipping-taxable","12":"purchasable","13":"product-type-variable"},"yoast_head":"<!-- This site is optimized with the Yoast SEO plugin v27.2 - https:\/\/yoast.com\/product\/yoast-seo-wordpress\/ -->\n<title>D\u00e2y chuy\u1ec1n c\u1ed5 - Girl Power<\/title>\n<meta name=\"robots\" content=\"index, follow, max-snippet:-1, max-image-preview:large, max-video-preview:-1\" \/>\n<link rel=\"canonical\" href=\"https:\/\/thuymo.azdigi.shop\/index.php\/product\/day-chuyen-co\/\" \/>\n<meta property=\"og:locale\" content=\"vi_VN\" \/>\n<meta property=\"og:type\" content=\"article\" \/>\n<meta property=\"og:title\" content=\"D\u00e2y chuy\u1ec1n c\u1ed5 - Girl Power\" \/>\n<meta property=\"og:description\" content=\"&#8220;S\u1ef1 giao thoa ho\u00e0n h\u1ea3o gi\u1eefa n\u00e9t hi\u1ec7n \u0111\u1ea1i v\u00e0 v\u1ebb \u0111\u1eb9p b\u1ea5t t\u1eadn c\u1ee7a bi\u1ec3n c\u1ea3. Nh\u1eefng l\u1edbp layer l\u1ea5p l\u00e1nh ph\u1ed1i c\u00f9ng charm v\u1ecf s\u00f2, ng\u1ecdc trai baroque t\u1ea1o n\u00ean \u0111i\u1ec3m nh\u1ea5n kh\u00f3 r\u1eddi m\u1eaft, t\u00f4n vinh tr\u1ecdn v\u1eb9n n\u00e9t m\u1ea3nh mai v\u00e0 cu\u1ed1n h\u00fat c\u1ee7a ph\u00e1i \u0111\u1eb9p.&#8221;\" \/>\n<meta property=\"og:url\" content=\"https:\/\/thuymo.azdigi.shop\/index.php\/product\/day-chuyen-co\/\" \/>\n<meta property=\"og:site_name\" content=\"Girl Power\" \/>\n<meta property=\"article:modified_time\" content=\"2026-04-21T20:52:21+00:00\" \/>\n<meta property=\"og:image\" content=\"https:\/\/thuymo.azdigi.shop\/wp-content\/uploads\/2026\/04\/62b77d8fcd4d4ed059a3325e28ee1d38.jpg\" \/>\n\t<meta property=\"og:image:width\" content=\"735\" \/>\n\t<meta property=\"og:image:height\" content=\"1062\" \/>\n\t<meta property=\"og:image:type\" content=\"image\/jpeg\" \/>\n<meta name=\"twitter:card\" content=\"summary_large_image\" \/>\n<script type=\"application\/ld+json\" class=\"yoast-schema-graph\">{\"@context\":\"https:\/\/schema.org\",\"@graph\":[{\"@type\":\"WebPage\",\"@id\":\"https:\/\/thuymo.azdigi.shop\/index.php\/product\/day-chuyen-co\/\",\"url\":\"https:\/\/thuymo.azdigi.shop\/index.php\/product\/day-chuyen-co\/\",\"name\":\"D\u00e2y chuy\u1ec1n c\u1ed5 - Girl Power\",\"isPartOf\":{\"@id\":\"https:\/\/thuymo.azdigi.shop\/#website\"},\"primaryImageOfPage\":{\"@id\":\"https:\/\/thuymo.azdigi.shop\/index.php\/product\/day-chuyen-co\/#primaryimage\"},\"image\":{\"@id\":\"https:\/\/thuymo.azdigi.shop\/index.php\/product\/day-chuyen-co\/#primaryimage\"},\"thumbnailUrl\":\"https:\/\/thuymo.azdigi.shop\/wp-content\/uploads\/2026\/04\/62b77d8fcd4d4ed059a3325e28ee1d38.jpg\",\"datePublished\":\"2026-04-12T06:53:27+00:00\",\"dateModified\":\"2026-04-21T20:52:21+00:00\",\"breadcrumb\":{\"@id\":\"https:\/\/thuymo.azdigi.shop\/index.php\/product\/day-chuyen-co\/#breadcrumb\"},\"inLanguage\":\"vi\",\"potentialAction\":[{\"@type\":\"ReadAction\",\"target\":[\"https:\/\/thuymo.azdigi.shop\/index.php\/product\/day-chuyen-co\/\"]}]},{\"@type\":\"ImageObject\",\"inLanguage\":\"vi\",\"@id\":\"https:\/\/thuymo.azdigi.shop\/index.php\/product\/day-chuyen-co\/#primaryimage\",\"url\":\"https:\/\/thuymo.azdigi.shop\/wp-content\/uploads\/2026\/04\/62b77d8fcd4d4ed059a3325e28ee1d38.jpg\",\"contentUrl\":\"https:\/\/thuymo.azdigi.shop\/wp-content\/uploads\/2026\/04\/62b77d8fcd4d4ed059a3325e28ee1d38.jpg\",\"width\":735,\"height\":1062},{\"@type\":\"BreadcrumbList\",\"@id\":\"https:\/\/thuymo.azdigi.shop\/index.php\/product\/day-chuyen-co\/#breadcrumb\",\"itemListElement\":[{\"@type\":\"ListItem\",\"position\":1,\"name\":\"Trang ch\u1ee7\",\"item\":\"https:\/\/thuymo.azdigi.shop\/\"},{\"@type\":\"ListItem\",\"position\":2,\"name\":\"Shop\",\"item\":\"https:\/\/thuymo.azdigi.shop\/index.php\/shop\/\"},{\"@type\":\"ListItem\",\"position\":3,\"name\":\"D\u00e2y chuy\u1ec1n c\u1ed5\"}]},{\"@type\":\"WebSite\",\"@id\":\"https:\/\/thuymo.azdigi.shop\/#website\",\"url\":\"https:\/\/thuymo.azdigi.shop\/\",\"name\":\"Girl Power\",\"description\":\"N\u1eafng v\u00e0ng, gi\u00f3 nh\u1eb9 v\u00e0 nh\u1eefng m\u00f3n ph\u1ee5 ki\u1ec7n xinh x\u1eafn s\u1ebd khi\u1ebfn m\u1ed7i kho\u1ea3nh kh\u1eafc b\u00ean bi\u1ec3n c\u1ee7a n\u00e0ng tr\u1edf n\u00ean l\u00e3ng m\u1ea1n h\u01a1n bao gi\u1edd h\u1ebft v\u00e0 \u0111i\u1ec1u \u0111\u00f3 k\u1ec3 m\u1ed9t c\u00e2u chuy\u1ec7n m\u00f9a h\u00e8 \u0111\u1ea7y m\u00ea ho\u1eb7c \ud83c\udf0a\u2728\",\"potentialAction\":[{\"@type\":\"SearchAction\",\"target\":{\"@type\":\"EntryPoint\",\"urlTemplate\":\"https:\/\/thuymo.azdigi.shop\/?s={search_term_string}\"},\"query-input\":{\"@type\":\"PropertyValueSpecification\",\"valueRequired\":true,\"valueName\":\"search_term_string\"}}],\"inLanguage\":\"vi\"}]}<\/script>\n<!-- \/ Yoast SEO plugin. -->","yoast_head_json":{"title":"D\u00e2y chuy\u1ec1n c\u1ed5 - Girl Power","robots":{"index":"index","follow":"follow","max-snippet":"max-snippet:-1","max-image-preview":"max-image-preview:large","max-video-preview":"max-video-preview:-1"},"canonical":"https:\/\/thuymo.azdigi.shop\/index.php\/product\/day-chuyen-co\/","og_locale":"vi_VN","og_type":"article","og_title":"D\u00e2y chuy\u1ec1n c\u1ed5 - Girl Power","og_description":"&#8220;S\u1ef1 giao thoa ho\u00e0n h\u1ea3o gi\u1eefa n\u00e9t hi\u1ec7n \u0111\u1ea1i v\u00e0 v\u1ebb \u0111\u1eb9p b\u1ea5t t\u1eadn c\u1ee7a bi\u1ec3n c\u1ea3. Nh\u1eefng l\u1edbp layer l\u1ea5p l\u00e1nh ph\u1ed1i c\u00f9ng charm v\u1ecf s\u00f2, ng\u1ecdc trai baroque t\u1ea1o n\u00ean \u0111i\u1ec3m nh\u1ea5n kh\u00f3 r\u1eddi m\u1eaft, t\u00f4n vinh tr\u1ecdn v\u1eb9n n\u00e9t m\u1ea3nh mai v\u00e0 cu\u1ed1n h\u00fat c\u1ee7a ph\u00e1i \u0111\u1eb9p.&#8221;","og_url":"https:\/\/thuymo.azdigi.shop\/index.php\/product\/day-chuyen-co\/","og_site_name":"Girl Power","article_modified_time":"2026-04-21T20:52:21+00:00","og_image":[{"width":735,"height":1062,"url":"https:\/\/thuymo.azdigi.shop\/wp-content\/uploads\/2026\/04\/62b77d8fcd4d4ed059a3325e28ee1d38.jpg","type":"image\/jpeg"}],"twitter_card":"summary_large_image","schema":{"@context":"https:\/\/schema.org","@graph":[{"@type":"WebPage","@id":"https:\/\/thuymo.azdigi.shop\/index.php\/product\/day-chuyen-co\/","url":"https:\/\/thuymo.azdigi.shop\/index.php\/product\/day-chuyen-co\/","name":"D\u00e2y chuy\u1ec1n c\u1ed5 - Girl Power","isPartOf":{"@id":"https:\/\/thuymo.azdigi.shop\/#website"},"primaryImageOfPage":{"@id":"https:\/\/thuymo.azdigi.shop\/index.php\/product\/day-chuyen-co\/#primaryimage"},"image":{"@id":"https:\/\/thuymo.azdigi.shop\/index.php\/product\/day-chuyen-co\/#primaryimage"},"thumbnailUrl":"https:\/\/thuymo.azdigi.shop\/wp-content\/uploads\/2026\/04\/62b77d8fcd4d4ed059a3325e28ee1d38.jpg","datePublished":"2026-04-12T06:53:27+00:00","dateModified":"2026-04-21T20:52:21+00:00","breadcrumb":{"@id":"https:\/\/thuymo.azdigi.shop\/index.php\/product\/day-chuyen-co\/#breadcrumb"},"inLanguage":"vi","potentialAction":[{"@type":"ReadAction","target":["https:\/\/thuymo.azdigi.shop\/index.php\/product\/day-chuyen-co\/"]}]},{"@type":"ImageObject","inLanguage":"vi","@id":"https:\/\/thuymo.azdigi.shop\/index.php\/product\/day-chuyen-co\/#primaryimage","url":"https:\/\/thuymo.azdigi.shop\/wp-content\/uploads\/2026\/04\/62b77d8fcd4d4ed059a3325e28ee1d38.jpg","contentUrl":"https:\/\/thuymo.azdigi.shop\/wp-content\/uploads\/2026\/04\/62b77d8fcd4d4ed059a3325e28ee1d38.jpg","width":735,"height":1062},{"@type":"BreadcrumbList","@id":"https:\/\/thuymo.azdigi.shop\/index.php\/product\/day-chuyen-co\/#breadcrumb","itemListElement":[{"@type":"ListItem","position":1,"name":"Trang ch\u1ee7","item":"https:\/\/thuymo.azdigi.shop\/"},{"@type":"ListItem","position":2,"name":"Shop","item":"https:\/\/thuymo.azdigi.shop\/index.php\/shop\/"},{"@type":"ListItem","position":3,"name":"D\u00e2y chuy\u1ec1n c\u1ed5"}]},{"@type":"WebSite","@id":"https:\/\/thuymo.azdigi.shop\/#website","url":"https:\/\/thuymo.azdigi.shop\/","name":"Girl Power","description":"N\u1eafng v\u00e0ng, gi\u00f3 nh\u1eb9 v\u00e0 nh\u1eefng m\u00f3n ph\u1ee5 ki\u1ec7n xinh x\u1eafn s\u1ebd khi\u1ebfn m\u1ed7i kho\u1ea3nh kh\u1eafc b\u00ean bi\u1ec3n c\u1ee7a n\u00e0ng tr\u1edf n\u00ean l\u00e3ng m\u1ea1n h\u01a1n bao gi\u1edd h\u1ebft v\u00e0 \u0111i\u1ec1u \u0111\u00f3 k\u1ec3 m\u1ed9t c\u00e2u chuy\u1ec7n m\u00f9a h\u00e8 \u0111\u1ea7y m\u00ea ho\u1eb7c \ud83c\udf0a\u2728","potentialAction":[{"@type":"SearchAction","target":{"@type":"EntryPoint","urlTemplate":"https:\/\/thuymo.azdigi.shop\/?s={search_term_string}"},"query-input":{"@type":"PropertyValueSpecification","valueRequired":true,"valueName":"search_term_string"}}],"inLanguage":"vi"}]}},"jetpack_sharing_enabled":true,"_links":{"self":[{"href":"https:\/\/thuymo.azdigi.shop\/index.php\/wp-json\/wp\/v2\/product\/299","targetHints":{"allow":["GET"]}}],"collection":[{"href":"https:\/\/thuymo.azdigi.shop\/index.php\/wp-json\/wp\/v2\/product"}],"about":[{"href":"https:\/\/thuymo.azdigi.shop\/index.php\/wp-json\/wp\/v2\/types\/product"}],"replies":[{"embeddable":true,"href":"https:\/\/thuymo.azdigi.shop\/index.php\/wp-json\/wp\/v2\/comments?post=299"}],"wp:featuredmedia":[{"embeddable":true,"href":"https:\/\/thuymo.azdigi.shop\/index.php\/wp-json\/wp\/v2\/media\/305"}],"wp:attachment":[{"href":"https:\/\/thuymo.azdigi.shop\/index.php\/wp-json\/wp\/v2\/media?parent=299"}],"wp:term":[{"taxonomy":"product_brand","embeddable":true,"href":"https:\/\/thuymo.azdigi.shop\/index.php\/wp-json\/wp\/v2\/product_brand?post=299"},{"taxonomy":"product_cat","embeddable":true,"href":"https:\/\/thuymo.azdigi.shop\/index.php\/wp-json\/wp\/v2\/product_cat?post=299"},{"taxonomy":"product_tag","embeddable":true,"href":"https:\/\/thuymo.azdigi.shop\/index.php\/wp-json\/wp\/v2\/product_tag?post=299"}],"curies":[{"name":"wp","href":"https:\/\/api.w.org\/{rel}","templated":true}]}}