{"id":66,"date":"2026-03-28T00:05:58","date_gmt":"2026-03-28T00:05:58","guid":{"rendered":"https:\/\/thuymo.azdigi.shop\/index.php\/my-account\/"},"modified":"2026-03-28T00:05:58","modified_gmt":"2026-03-28T00:05:58","slug":"my-account","status":"publish","type":"page","link":"https:\/\/thuymo.azdigi.shop\/index.php\/my-account\/","title":{"rendered":"My account"},"content":{"rendered":"<div class=\"woocommerce\"><\/div>\n","protected":false},"excerpt":{"rendered":"","protected":false},"author":1,"featured_media":0,"parent":0,"menu_order":0,"comment_status":"closed","ping_status":"closed","template":"","meta":{"footnotes":""},"class_list":["post-66","page","type-page","status-publish","hentry"],"yoast_head":"<!-- This site is optimized with the Yoast SEO plugin v27.2 - https:\/\/yoast.com\/product\/yoast-seo-wordpress\/ -->\n<title>My account - Girl Power<\/title>\n<meta name=\"robots\" content=\"index, follow, max-snippet:-1, max-image-preview:large, max-video-preview:-1\" \/>\n<link rel=\"canonical\" href=\"https:\/\/thuymo.azdigi.shop\/index.php\/my-account\/\" \/>\n<meta property=\"og:locale\" content=\"vi_VN\" \/>\n<meta property=\"og:type\" content=\"article\" \/>\n<meta property=\"og:title\" content=\"My account - Girl Power\" \/>\n<meta property=\"og:url\" content=\"https:\/\/thuymo.azdigi.shop\/index.php\/my-account\/\" \/>\n<meta property=\"og:site_name\" content=\"Girl Power\" \/>\n<meta name=\"twitter:card\" content=\"summary_large_image\" \/>\n<script type=\"application\/ld+json\" class=\"yoast-schema-graph\">{\"@context\":\"https:\/\/schema.org\",\"@graph\":[{\"@type\":\"WebPage\",\"@id\":\"https:\/\/thuymo.azdigi.shop\/index.php\/my-account\/\",\"url\":\"https:\/\/thuymo.azdigi.shop\/index.php\/my-account\/\",\"name\":\"My account - Girl Power\",\"isPartOf\":{\"@id\":\"https:\/\/thuymo.azdigi.shop\/#website\"},\"datePublished\":\"2026-03-28T00:05:58+00:00\",\"breadcrumb\":{\"@id\":\"https:\/\/thuymo.azdigi.shop\/index.php\/my-account\/#breadcrumb\"},\"inLanguage\":\"vi\",\"potentialAction\":[{\"@type\":\"ReadAction\",\"target\":[\"https:\/\/thuymo.azdigi.shop\/index.php\/my-account\/\"]}]},{\"@type\":\"BreadcrumbList\",\"@id\":\"https:\/\/thuymo.azdigi.shop\/index.php\/my-account\/#breadcrumb\",\"itemListElement\":[{\"@type\":\"ListItem\",\"position\":1,\"name\":\"Trang ch\u1ee7\",\"item\":\"https:\/\/thuymo.azdigi.shop\/\"},{\"@type\":\"ListItem\",\"position\":2,\"name\":\"My account\"}]},{\"@type\":\"WebSite\",\"@id\":\"https:\/\/thuymo.azdigi.shop\/#website\",\"url\":\"https:\/\/thuymo.azdigi.shop\/\",\"name\":\"Girl Power\",\"description\":\"N\u1eafng v\u00e0ng, gi\u00f3 nh\u1eb9 v\u00e0 nh\u1eefng m\u00f3n ph\u1ee5 ki\u1ec7n xinh x\u1eafn s\u1ebd khi\u1ebfn m\u1ed7i kho\u1ea3nh kh\u1eafc b\u00ean bi\u1ec3n c\u1ee7a n\u00e0ng tr\u1edf n\u00ean l\u00e3ng m\u1ea1n h\u01a1n bao gi\u1edd h\u1ebft v\u00e0 \u0111i\u1ec1u \u0111\u00f3 k\u1ec3 m\u1ed9t c\u00e2u chuy\u1ec7n m\u00f9a h\u00e8 \u0111\u1ea7y m\u00ea ho\u1eb7c \ud83c\udf0a\u2728\",\"potentialAction\":[{\"@type\":\"SearchAction\",\"target\":{\"@type\":\"EntryPoint\",\"urlTemplate\":\"https:\/\/thuymo.azdigi.shop\/?s={search_term_string}\"},\"query-input\":{\"@type\":\"PropertyValueSpecification\",\"valueRequired\":true,\"valueName\":\"search_term_string\"}}],\"inLanguage\":\"vi\"}]}<\/script>\n<!-- \/ Yoast SEO plugin. -->","yoast_head_json":{"title":"My account - Girl Power","robots":{"index":"index","follow":"follow","max-snippet":"max-snippet:-1","max-image-preview":"max-image-preview:large","max-video-preview":"max-video-preview:-1"},"canonical":"https:\/\/thuymo.azdigi.shop\/index.php\/my-account\/","og_locale":"vi_VN","og_type":"article","og_title":"My account - Girl Power","og_url":"https:\/\/thuymo.azdigi.shop\/index.php\/my-account\/","og_site_name":"Girl Power","twitter_card":"summary_large_image","schema":{"@context":"https:\/\/schema.org","@graph":[{"@type":"WebPage","@id":"https:\/\/thuymo.azdigi.shop\/index.php\/my-account\/","url":"https:\/\/thuymo.azdigi.shop\/index.php\/my-account\/","name":"My account - Girl Power","isPartOf":{"@id":"https:\/\/thuymo.azdigi.shop\/#website"},"datePublished":"2026-03-28T00:05:58+00:00","breadcrumb":{"@id":"https:\/\/thuymo.azdigi.shop\/index.php\/my-account\/#breadcrumb"},"inLanguage":"vi","potentialAction":[{"@type":"ReadAction","target":["https:\/\/thuymo.azdigi.shop\/index.php\/my-account\/"]}]},{"@type":"BreadcrumbList","@id":"https:\/\/thuymo.azdigi.shop\/index.php\/my-account\/#breadcrumb","itemListElement":[{"@type":"ListItem","position":1,"name":"Trang ch\u1ee7","item":"https:\/\/thuymo.azdigi.shop\/"},{"@type":"ListItem","position":2,"name":"My account"}]},{"@type":"WebSite","@id":"https:\/\/thuymo.azdigi.shop\/#website","url":"https:\/\/thuymo.azdigi.shop\/","name":"Girl Power","description":"N\u1eafng v\u00e0ng, gi\u00f3 nh\u1eb9 v\u00e0 nh\u1eefng m\u00f3n ph\u1ee5 ki\u1ec7n xinh x\u1eafn s\u1ebd khi\u1ebfn m\u1ed7i kho\u1ea3nh kh\u1eafc b\u00ean bi\u1ec3n c\u1ee7a n\u00e0ng tr\u1edf n\u00ean l\u00e3ng m\u1ea1n h\u01a1n bao gi\u1edd h\u1ebft v\u00e0 \u0111i\u1ec1u \u0111\u00f3 k\u1ec3 m\u1ed9t c\u00e2u chuy\u1ec7n m\u00f9a h\u00e8 \u0111\u1ea7y m\u00ea ho\u1eb7c \ud83c\udf0a\u2728","potentialAction":[{"@type":"SearchAction","target":{"@type":"EntryPoint","urlTemplate":"https:\/\/thuymo.azdigi.shop\/?s={search_term_string}"},"query-input":{"@type":"PropertyValueSpecification","valueRequired":true,"valueName":"search_term_string"}}],"inLanguage":"vi"}]}},"jetpack_sharing_enabled":true,"_links":{"self":[{"href":"https:\/\/thuymo.azdigi.shop\/index.php\/wp-json\/wp\/v2\/pages\/66","targetHints":{"allow":["GET"]}}],"collection":[{"href":"https:\/\/thuymo.azdigi.shop\/index.php\/wp-json\/wp\/v2\/pages"}],"about":[{"href":"https:\/\/thuymo.azdigi.shop\/index.php\/wp-json\/wp\/v2\/types\/page"}],"author":[{"embeddable":true,"href":"https:\/\/thuymo.azdigi.shop\/index.php\/wp-json\/wp\/v2\/users\/1"}],"replies":[{"embeddable":true,"href":"https:\/\/thuymo.azdigi.shop\/index.php\/wp-json\/wp\/v2\/comments?post=66"}],"version-history":[{"count":0,"href":"https:\/\/thuymo.azdigi.shop\/index.php\/wp-json\/wp\/v2\/pages\/66\/revisions"}],"wp:attachment":[{"href":"https:\/\/thuymo.azdigi.shop\/index.php\/wp-json\/wp\/v2\/media?parent=66"}],"curies":[{"name":"wp","href":"https:\/\/api.w.org\/{rel}","templated":true}]}}